{"id":929,"date":"2022-11-16T23:27:49","date_gmt":"2022-11-16T15:27:49","guid":{"rendered":"https:\/\/zzlcmachinery.com\/?post_type=product&#038;p=929"},"modified":"2022-11-22T14:07:45","modified_gmt":"2022-11-22T06:07:45","slug":"c41-20kg-professional-blacksmith-power-forging-air-hammer","status":"publish","type":"product","link":"https:\/\/zzlcmachinery.com\/fr\/produit\/c41-20kg-professional-blacksmith-power-forging-air-hammer\/","title":{"rendered":"C41-20kg Marteau pneumatique de forgeage professionnel pour forgeron"},"content":{"rendered":"","protected":false},"excerpt":{"rendered":"<p>Ce marteau pneumatique forgeron professionnel C41-20kg est une structure de conception de type divis\u00e9. La machine est divis\u00e9e en deux parties, l&#039;enclume et la machine principale. Le marteau pneumatique de type divis\u00e9 n\u00e9cessite que le client construise une fondation en ciment durci selon les dessins que nous fournissons. L&#039;avantage du marteau pneumatique de type divis\u00e9 est qu&#039;il a une forte capacit\u00e9 de frappe et des performances stables. Les marteaux pneumatiques sont utilis\u00e9s par de nombreux forgerons pour forger diverses pi\u00e8ces forg\u00e9es d\u00e9coratives. Une fois le fer chauff\u00e9, il est plus facile de marteler et de d\u00e9former la forme souhait\u00e9e par le client. Les marteaux pneumatiques peuvent \u00eatre utilis\u00e9s \u00e0 diff\u00e9rents endroits : encastrement, moulage, d\u00e9coupage, trou, rivetage, emboutissage, etc\u2026 tous types de m\u00e9taux. Les marteaux pneumatiques de Lanchen ont \u00e9t\u00e9 vendus aux \u00c9tats-Unis, au Canada, en Russie, au Royaume-Uni, en France, en Espagne, au Mexique, en Colombie, en Afrique du Sud, au Vietnam et dans d&#039;autres pays et ont remport\u00e9 des \u00e9loges unanimes.<br \/>\nNous pouvons fournir 6 kg, 16 kg, 25 kg, 40 kg, 55 kg, 75 kg, 100 kg, 150 kg, 250 kg, 400 kg, 560 kg, 750 kg, 1000 kg, 2000 kg pour choisir selon les diff\u00e9rents besoins de forgeage .Vous pouvez choisir le mod\u00e8le selon les sp\u00e9cifications suivantes<\/p>\n<p><strong>PARAM\u00c8TRE TECHNIQUE<br \/>\nMod\u00e8le : C41-20KG<br \/>\nPoids des pi\u00e8ces tombantes (KG):<\/strong>20KG<br \/>\n<strong>Type d&#039;ouvrage\u00a0:<\/strong>Marteau pneumatique fendu<strong><br \/>\n\u00c9nergie Max.Hit (KJ):<\/strong>0.22KJ<strong><br \/>\nTaille max. forg\u00e9e (diam\u00e8tre) sur l&#039;acier rond\u00a0:<\/strong>\u03c635mm<br \/>\n<strong>Taille max. forg\u00e9e (diam\u00e8tre) sur acier carr\u00e9\u00a0:<\/strong>30x30mm<br \/>\n<strong>Pouvoir:<\/strong> 2.2KW<br \/>\n<strong>tension:<\/strong>\u00a0220V\/380V<br \/>\n<strong>Dimension d&#039;emballage :<\/strong> 820*460*1110<br \/>\n<strong>GW (kg):<\/strong> 380<\/p>","protected":false},"featured_media":935,"template":"","meta":{"_kad_post_transparent":"default","_kad_post_title":"hide","_kad_post_layout":"fullwidth","_kad_post_sidebar_id":"","_kad_post_content_style":"unboxed","_kad_post_vertical_padding":"hide","_kad_post_feature":"hide","_kad_post_feature_position":"","_kad_post_header":false,"_kad_post_footer":false},"product_brand":[],"product_cat":[28],"product_tag":[426,416,423,418,414,422,424,421,419,427,407,425,415,420,417],"class_list":{"0":"post-929","1":"product","2":"type-product","3":"status-publish","4":"has-post-thumbnail","6":"product_cat-blacksmith-power-hammer","7":"product_tag-240volt-single-phase-motor-blacksmith-power-forging-hammer","8":"product_tag-air-hammer","9":"product_tag-air-power-chipping-hammer","10":"product_tag-air-power-forging-hammer-blacksmith","11":"product_tag-blacksmith-air-forging-power-hammer","12":"product_tag-c41-20kg-hydraulic-power-hammer-for-sale","13":"product_tag-c41-20kg-professional-blacksmith-power-forging-air-hammer","14":"product_tag-electric-power-hammer","15":"product_tag-forging-wrought-iron-machine","16":"product_tag-hammer-forging-ellsen-wrought-iron-machine-for-sale","17":"product_tag-power-hammer-for-blacksmith","18":"product_tag-profesonal-power-hammer-air-hammer-c41-20kg","19":"product_tag-professional-blacksmith-power-forging-air-hammer","20":"product_tag-small-power-hammer-manufacturers-suppliers","21":"product_tag-source-blacksmith-pneumatic-forging-power-hammer","23":"first","24":"instock","25":"shipping-taxable","26":"product-type-simple","27":"entry","28":"content-bg","29":"loop-entry"},"_links":{"self":[{"href":"https:\/\/zzlcmachinery.com\/fr\/wp-json\/wp\/v2\/product\/929","targetHints":{"allow":["GET"]}}],"collection":[{"href":"https:\/\/zzlcmachinery.com\/fr\/wp-json\/wp\/v2\/product"}],"about":[{"href":"https:\/\/zzlcmachinery.com\/fr\/wp-json\/wp\/v2\/types\/product"}],"version-history":[{"count":0,"href":"https:\/\/zzlcmachinery.com\/fr\/wp-json\/wp\/v2\/product\/929\/revisions"}],"wp:featuredmedia":[{"embeddable":true,"href":"https:\/\/zzlcmachinery.com\/fr\/wp-json\/wp\/v2\/media\/935"}],"wp:attachment":[{"href":"https:\/\/zzlcmachinery.com\/fr\/wp-json\/wp\/v2\/media?parent=929"}],"wp:term":[{"taxonomy":"product_brand","embeddable":true,"href":"https:\/\/zzlcmachinery.com\/fr\/wp-json\/wp\/v2\/product_brand?post=929"},{"taxonomy":"product_cat","embeddable":true,"href":"https:\/\/zzlcmachinery.com\/fr\/wp-json\/wp\/v2\/product_cat?post=929"},{"taxonomy":"product_tag","embeddable":true,"href":"https:\/\/zzlcmachinery.com\/fr\/wp-json\/wp\/v2\/product_tag?post=929"}],"curies":[{"name":"wp","href":"https:\/\/api.w.org\/{rel}","templated":true}]}}