{"id":912,"date":"2022-11-14T23:58:25","date_gmt":"2022-11-14T15:58:25","guid":{"rendered":"https:\/\/zzlcmachinery.com\/?post_type=product&#038;p=912"},"modified":"2022-11-22T14:06:50","modified_gmt":"2022-11-22T06:06:50","slug":"c41-16kg-hot-forging-machine-blacksmith-air-power-forging-hammer","status":"publish","type":"product","link":"https:\/\/zzlcmachinery.com\/fr\/produit\/c41-16kg-hot-forging-machine-blacksmith-air-power-forging-hammer\/","title":{"rendered":"C41-16kg Machine de forgeage \u00e0 chaud Forgeron Marteau de forgeage \u00e0 air comprim\u00e9"},"content":{"rendered":"","protected":false},"excerpt":{"rendered":"<p>Ce marteau de forgeage \u00e0 air chaud forgeron C41-16kg est une sorte de marteau de forgeage libre. Sa conception est bas\u00e9e sur les conceptions \u00e9prouv\u00e9es de nombreux vieux marteaux europ\u00e9ens encore utilis\u00e9s aujourd&#039;hui. Il est utilis\u00e9 par de nombreux forgerons pour fabriquer diverses pi\u00e8ces forg\u00e9es d\u00e9coratives, ce qui facilite le fa\u00e7onnage du fer \u00e0 chaud. Avec un marteau perforateur ind\u00e9pendant, vous n&#039;avez pas besoin d&#039;un compresseur d&#039;air suppl\u00e9mentaire. M\u00e9tal forg\u00e9 \u00e0 la machine par \u00e9tirage, refoulement, emboutissage, cisaillement \u00e0 chaud, forgeage, soudage, pliage, d\u00e9formation et autres moyens, Utilisation de diff\u00e9rents endroits : encastr\u00e9, moule, coupe, trou, rivet, estampage, etc\u2026 toutes sortes de m\u00e9taux.<br \/>\nNous pouvons fournir 6 kg, 16 kg, 25 kg, 40 kg, 55 kg, 75 kg, 100 kg, 150 kg, 250 kg, 400 kg, 560 kg, 750 kg, 1000 kg, 2000 kg pour choisir selon les diff\u00e9rents besoins de forgeage .Vous pouvez choisir le mod\u00e8le selon les sp\u00e9cifications suivantes<\/p>\n<p><strong>PARAM\u00c8TRE TECHNIQUE<br \/>\nMod\u00e8le : C41-16KG<br \/>\nPoids des pi\u00e8ces tombantes (KG):<\/strong>16KG<strong><br \/>\n\u00c9nergie Max.Hit (KJ):<\/strong>0.18KJ<strong><br \/>\nTaille max. forg\u00e9e (diam\u00e8tre) sur l&#039;acier rond\u00a0:<\/strong>\u03c625mm<br \/>\n<strong>Taille max. forg\u00e9e (diam\u00e8tre) sur acier carr\u00e9\u00a0:<\/strong>20X20mm<br \/>\n<strong>Pouvoir:<\/strong> 1.5KW<br \/>\n<strong>tension:<\/strong> 220V\/380V<br \/>\n<strong>Dimension d&#039;emballage :<\/strong> 660*420*970<br \/>\n<strong>GW (kg):<\/strong> 240<\/p>","protected":false},"featured_media":926,"template":"","meta":{"_kad_post_transparent":"default","_kad_post_title":"hide","_kad_post_layout":"fullwidth","_kad_post_sidebar_id":"","_kad_post_content_style":"unboxed","_kad_post_vertical_padding":"hide","_kad_post_feature":"hide","_kad_post_feature_position":"","_kad_post_header":false,"_kad_post_footer":false},"product_brand":[],"product_cat":[28],"product_tag":[406,412,413,404,405,400,410,411,402,403,408,401,409,407,399],"class_list":{"0":"post-912","1":"product","2":"type-product","3":"status-publish","4":"has-post-thumbnail","6":"product_cat-blacksmith-power-hammer","7":"product_tag-air-power-hammer","8":"product_tag-anyang-power-hammer-for-blacksmith","9":"product_tag-blacksmith-power-forging-hammer","10":"product_tag-blacksmith-power-hammer","11":"product_tag-blacksmith-power-hammer-for-sale","12":"product_tag-c41-16kg-hot-forging-machine-blacksmith-air-power-forging-hammer","13":"product_tag-c41-16kg-single-with-base-plate-pneumatic-hammer-forging","14":"product_tag-c41-20kg-25kg-40kg-power-hammer-anyang-price","15":"product_tag-forging-hammer-machine","16":"product_tag-free-forging-air-hammer-c41-16kg","17":"product_tag-pneumatic-forging-hammer","18":"product_tag-pneumatic-forging-hammer-price","19":"product_tag-pneumatic-power-hammer-for-sale","20":"product_tag-power-hammer-for-blacksmith","21":"product_tag-samll-air-hammer-for-sale-c41-16kg-hot-forging-machine-blacksmirh-air-power-forging-hammer","23":"first","24":"instock","25":"shipping-taxable","26":"product-type-simple","27":"entry","28":"content-bg","29":"loop-entry"},"_links":{"self":[{"href":"https:\/\/zzlcmachinery.com\/fr\/wp-json\/wp\/v2\/product\/912","targetHints":{"allow":["GET"]}}],"collection":[{"href":"https:\/\/zzlcmachinery.com\/fr\/wp-json\/wp\/v2\/product"}],"about":[{"href":"https:\/\/zzlcmachinery.com\/fr\/wp-json\/wp\/v2\/types\/product"}],"version-history":[{"count":0,"href":"https:\/\/zzlcmachinery.com\/fr\/wp-json\/wp\/v2\/product\/912\/revisions"}],"wp:featuredmedia":[{"embeddable":true,"href":"https:\/\/zzlcmachinery.com\/fr\/wp-json\/wp\/v2\/media\/926"}],"wp:attachment":[{"href":"https:\/\/zzlcmachinery.com\/fr\/wp-json\/wp\/v2\/media?parent=912"}],"wp:term":[{"taxonomy":"product_brand","embeddable":true,"href":"https:\/\/zzlcmachinery.com\/fr\/wp-json\/wp\/v2\/product_brand?post=912"},{"taxonomy":"product_cat","embeddable":true,"href":"https:\/\/zzlcmachinery.com\/fr\/wp-json\/wp\/v2\/product_cat?post=912"},{"taxonomy":"product_tag","embeddable":true,"href":"https:\/\/zzlcmachinery.com\/fr\/wp-json\/wp\/v2\/product_tag?post=912"}],"curies":[{"name":"wp","href":"https:\/\/api.w.org\/{rel}","templated":true}]}}