{"id":902,"date":"2022-11-14T18:55:11","date_gmt":"2022-11-14T10:55:11","guid":{"rendered":"https:\/\/zzlcmachinery.com\/?post_type=product&#038;p=902"},"modified":"2022-11-26T00:46:36","modified_gmt":"2022-11-25T16:46:36","slug":"lc-dl60-china-wrought-iron-machine-and-cold-rolling-embossing-machine","status":"publish","type":"product","link":"https:\/\/zzlcmachinery.com\/fr\/produit\/lc-dl60-china-wrought-iron-machine-and-cold-rolling-embossing-machine\/","title":{"rendered":"LC-DL60 Chine Machine en fer forg\u00e9 et machine de gaufrage \u00e0 froid"},"content":{"rendered":"","protected":false},"excerpt":{"rendered":"<p>Cette machine en fer forg\u00e9 LC-DL60 Chine et la machine \u00e0 gaufrer \u00e0 froid est un \u00e9quipement professionnel pour laminage \u00e0 froid et la machine \u00e0 gaufrer. Cette machine peut traiter des tubes carr\u00e9s, des aciers carr\u00e9s, des iorn plats, des tubes en acier inoxydable, des tubes rectangulaires aux dimensions communes internationales. et fiable. Applicable aux b\u00e2timents, aux attractions touristiques et \u00e0 la d\u00e9coration de la maison.<br \/>\nLe plus grand avantage de cette machine est qu&#039;elle dispose d&#039;un ensemble de moules combin\u00e9s qui peuvent \u00eatre utilis\u00e9s pour traiter des tubes carr\u00e9s 20\u00d720-100x100 mm, des tubes rectangulaires et des tubes en acier inoxydable. Tant qu&#039;il s&#039;agit du mat\u00e9riau dont dispose le client, il peut \u00eatre trait\u00e9 et gaufr\u00e9 sur le moule en ajustant la combinaison de joints.<br \/>\nVous n&#039;avez pas besoin de payer pour chaque taille de moule pour fabriquer un moule s\u00e9par\u00e9. \u00c9conomisez du temps, de l&#039;argent et des efforts.<\/p>\n<p><strong>PARAM\u00c8TRE TECHNIQUE<br \/>\nMod\u00e8le : LC-DL60<\/strong><br \/>\n<strong>Fer plat :<\/strong> \u226410\u00d760mm<br \/>\n<strong>Acier carr\u00e9 :<\/strong>\u00a0\u226425\u00d725mm<br \/>\n<strong>Tube carr\u00e9\u00a0:<\/strong> \u2264100x100mm<br \/>\n<strong>Pouvoir:<\/strong> 7.5KW<br \/>\n<strong>tension:<\/strong> 220V\/380V<br \/>\n<strong>Dimension d&#039;emballage :<\/strong> 1000\u00d7800\u00d71200mm<br \/>\n<strong>NO (kg):<\/strong> 450<br \/>\n<strong>GW (kg):<\/strong> 500<\/p>","protected":false},"featured_media":909,"template":"","meta":{"_kad_post_transparent":"default","_kad_post_title":"hide","_kad_post_layout":"fullwidth","_kad_post_sidebar_id":"","_kad_post_content_style":"unboxed","_kad_post_vertical_padding":"hide","_kad_post_feature":"hide","_kad_post_feature_position":"","_kad_post_header":false,"_kad_post_footer":false},"product_brand":[],"product_cat":[29,19],"product_tag":[387,391,390,381,382,394,388,396,397,392,389,398,395,393],"class_list":{"0":"post-902","1":"product","2":"type-product","3":"status-publish","4":"has-post-thumbnail","6":"product_cat-electric-wrought-iron-processing-machine","7":"product_cat-cold-rolling-embossing-machine","8":"product_tag-blacksmith-embossing-metal-machine","9":"product_tag-buy-handrail-embossling-machine","10":"product_tag-china-iron-art-machine","11":"product_tag-china-metal-craft-embossing-equiment","12":"product_tag-china-wrought-iron-machine-and-cold-rolling-embossing-machine","13":"product_tag-cold-rolling-embossing-machine-for-wrought-iron-decoration","14":"product_tag-embossing-machine-for-rolling-forming-machine-manufacturer","15":"product_tag-flat-iron-embossing-machine","16":"product_tag-forged-square-tube-equipment","17":"product_tag-metal-embossing-handrail-embossing-machine","18":"product_tag-multifunction-adjustable-speed-handrail-cold-embossing-machine","19":"product_tag-ornamental-machine-for-sale","20":"product_tag-square-steel-embossing-machine","21":"product_tag-wrought-iron-decoration","23":"first","24":"instock","25":"featured","26":"shipping-taxable","27":"product-type-simple","28":"entry","29":"content-bg","30":"loop-entry"},"_links":{"self":[{"href":"https:\/\/zzlcmachinery.com\/fr\/wp-json\/wp\/v2\/product\/902","targetHints":{"allow":["GET"]}}],"collection":[{"href":"https:\/\/zzlcmachinery.com\/fr\/wp-json\/wp\/v2\/product"}],"about":[{"href":"https:\/\/zzlcmachinery.com\/fr\/wp-json\/wp\/v2\/types\/product"}],"version-history":[{"count":0,"href":"https:\/\/zzlcmachinery.com\/fr\/wp-json\/wp\/v2\/product\/902\/revisions"}],"wp:featuredmedia":[{"embeddable":true,"href":"https:\/\/zzlcmachinery.com\/fr\/wp-json\/wp\/v2\/media\/909"}],"wp:attachment":[{"href":"https:\/\/zzlcmachinery.com\/fr\/wp-json\/wp\/v2\/media?parent=902"}],"wp:term":[{"taxonomy":"product_brand","embeddable":true,"href":"https:\/\/zzlcmachinery.com\/fr\/wp-json\/wp\/v2\/product_brand?post=902"},{"taxonomy":"product_cat","embeddable":true,"href":"https:\/\/zzlcmachinery.com\/fr\/wp-json\/wp\/v2\/product_cat?post=902"},{"taxonomy":"product_tag","embeddable":true,"href":"https:\/\/zzlcmachinery.com\/fr\/wp-json\/wp\/v2\/product_tag?post=902"}],"curies":[{"name":"wp","href":"https:\/\/api.w.org\/{rel}","templated":true}]}}