{"id":884,"date":"2022-11-13T20:52:27","date_gmt":"2022-11-13T12:52:27","guid":{"rendered":"https:\/\/zzlcmachinery.com\/?post_type=product&#038;p=884"},"modified":"2022-11-26T00:46:42","modified_gmt":"2022-11-25T16:46:42","slug":"lc-fsg89-stainless-steel-round-pipe-making-machine-for-stair-handrail","status":"publish","type":"product","link":"https:\/\/zzlcmachinery.com\/fr\/produit\/lc-fsg89-stainless-steel-round-pipe-making-machine-for-stair-handrail\/","title":{"rendered":"Tuyau rond d&#039;acier inoxydable de LC-FSG89 faisant la machine pour la balustrade d&#039;escalier"},"content":{"rendered":"","protected":false},"excerpt":{"rendered":"<p>La machine de fabrication de tuyaux ronds en acier inoxydable LC-FSG89 pour main courante d&#039;escalier est la machine a de nombreuses fonctions, non seulement peut traiter des tuyaux ronds en fer comme des mains courantes d&#039;escalier, mais aussi des tuyaux en acier inoxydable, qui peuvent tous deux \u00eatre transform\u00e9s en tuyaux carr\u00e9s avec des motifs de rainure sur les quatre coins.<br \/>\nUn ensemble al\u00e9atoire de moules gratuits se compose de 8 paires de moules, et plusieurs ensembles de moules peuvent \u00eatre install\u00e9s c\u00f4te \u00e0 c\u00f4te, c&#039;est-\u00e0-dire que 2 \u00e0 3 tuyaux ronds sont trait\u00e9s c\u00f4te \u00e0 c\u00f4te en diff\u00e9rentes formes de mains courantes ou de tuyaux carr\u00e9s en m\u00eame temps .<br \/>\nNous avons une \u00e9quipe de concepteurs professionnels pour concevoir gratuitement des dessins de moules pour les clients et personnaliser les moules pour r\u00e9pondre aux besoins des clients.<\/p>\n<p><strong>PARAM\u00c8TRE TECHNIQUE<br \/>\nMod\u00e8le : LC-FSG89<\/strong><br \/>\n<b>Mat\u00e9riau\u00a0: tuyau rond et tuyau en acier inoxydable<br \/>\nCapacit\u00e9 de travail\u00a0:<\/b>Tuyau rond \u2264\u03c689mm \u00c9paisseur\u22643mm<b><br \/>\n<\/b>\u00a0 \u00a0 \u00a0 \u00a0 \u00a0 \u00a0 \u00a0 \u00a0 \u00a0 \u00a0 \u00a0 \u00a0 \u00a0 \u00a0 Tuyau en acier inoxydable \u2264\u03c689mm \u00c9paisseur\u22642mm<br \/>\n<strong>Pouvoir:<\/strong> 11KW<br \/>\n<strong>tension:<\/strong> 220V\/380V\/415V 50HZ<br \/>\n<strong>Dimension d&#039;emballage :<\/strong> 3000\u00d7710\u00d71420mm<br \/>\n<strong>NO (kg):<\/strong> 1700<br \/>\n<strong>GW (kg):<\/strong> 1850<\/p>","protected":false},"featured_media":878,"template":"","meta":{"_kad_post_transparent":"default","_kad_post_title":"hide","_kad_post_layout":"fullwidth","_kad_post_sidebar_id":"","_kad_post_content_style":"unboxed","_kad_post_vertical_padding":"hide","_kad_post_feature":"hide","_kad_post_feature_position":"","_kad_post_header":false,"_kad_post_footer":false},"product_brand":[],"product_cat":[29,19],"product_tag":[356,374,372,376,47,375,357,359,358,360,361,369,362,363,377,367,364,370,371,368,366,365,373,111],"class_list":{"0":"post-884","1":"product","2":"type-product","3":"status-publish","4":"has-post-thumbnail","6":"product_cat-electric-wrought-iron-processing-machine","7":"product_cat-cold-rolling-embossing-machine","8":"product_tag-aotomatic-handrail-pipe-forming-machine","9":"product_tag-buy-cold-rolling-stainless-steel-handrail-pipe-making-machine","10":"product_tag-buy-wrought-iron-handrail-pipe-forming-machine","11":"product_tag-china-handrail-pipe-forming-machine","12":"product_tag-cold-rolling-embossing-machine","13":"product_tag-cold-rolling-stainless-steel-handrail-pipe-making-machine","14":"product_tag-handrail-dies-catalogue","15":"product_tag-handrail-making-machine","16":"product_tag-handrail-pipe-forming-machine","17":"product_tag-handrail-roll-forming-machine-made-in-china","18":"product_tag-handrails-making-machine","19":"product_tag-machine-for-stair-handrail-wholesale-factory","20":"product_tag-stainless-steel-handrail-tube-roll-forming-machine","21":"product_tag-stainless-steel-round-pipe-making-machine-for-stair-handrail","22":"product_tag-stair-handrail-pipe-roll-forming-machine","23":"product_tag-stair-handrail-stainless-steel-pipe-bending-machine","24":"product_tag-steel-handrail-roll-forming-machine","25":"product_tag-super-pipe-forming-machine","26":"product_tag-supply-stainless-steel-round-pipe-making","27":"product_tag-tube-fabricator-supplies-exotic-handrail-systems","28":"product_tag-tube-mill-equipment","29":"product_tag-tube-mill-equipment-tube-production-line","30":"product_tag-wrought-iron-handrail-pipe-forming-machine","31":"product_tag-wrought-iron-machine","33":"first","34":"instock","35":"featured","36":"shipping-taxable","37":"product-type-simple","38":"entry","39":"content-bg","40":"loop-entry"},"_links":{"self":[{"href":"https:\/\/zzlcmachinery.com\/fr\/wp-json\/wp\/v2\/product\/884","targetHints":{"allow":["GET"]}}],"collection":[{"href":"https:\/\/zzlcmachinery.com\/fr\/wp-json\/wp\/v2\/product"}],"about":[{"href":"https:\/\/zzlcmachinery.com\/fr\/wp-json\/wp\/v2\/types\/product"}],"version-history":[{"count":0,"href":"https:\/\/zzlcmachinery.com\/fr\/wp-json\/wp\/v2\/product\/884\/revisions"}],"wp:featuredmedia":[{"embeddable":true,"href":"https:\/\/zzlcmachinery.com\/fr\/wp-json\/wp\/v2\/media\/878"}],"wp:attachment":[{"href":"https:\/\/zzlcmachinery.com\/fr\/wp-json\/wp\/v2\/media?parent=884"}],"wp:term":[{"taxonomy":"product_brand","embeddable":true,"href":"https:\/\/zzlcmachinery.com\/fr\/wp-json\/wp\/v2\/product_brand?post=884"},{"taxonomy":"product_cat","embeddable":true,"href":"https:\/\/zzlcmachinery.com\/fr\/wp-json\/wp\/v2\/product_cat?post=884"},{"taxonomy":"product_tag","embeddable":true,"href":"https:\/\/zzlcmachinery.com\/fr\/wp-json\/wp\/v2\/product_tag?post=884"}],"curies":[{"name":"wp","href":"https:\/\/api.w.org\/{rel}","templated":true}]}}