{"id":867,"date":"2022-11-10T00:20:57","date_gmt":"2022-11-09T16:20:57","guid":{"rendered":"https:\/\/zzlcmachinery.com\/?post_type=product&#038;p=867"},"modified":"2022-12-13T13:42:15","modified_gmt":"2022-12-13T05:42:15","slug":"jk-30-sheet-iron-plate-cold-embossing-machine","status":"publish","type":"product","link":"https:\/\/zzlcmachinery.com\/fr\/produit\/jk-30-sheet-iron-plate-cold-embossing-machine\/","title":{"rendered":"Machine de gaufrage \u00e0 froid pour plaque de fer JK-30"},"content":{"rendered":"","protected":false},"excerpt":{"rendered":"<p>JK-30 Une machine de gaufrage \u00e0 froid pour plaques de t\u00f4le est un type de machine qui est utilis\u00e9e pour gaufrer des motifs ou des dessins sur des plaques de m\u00e9tal sans utiliser de chaleur. Cela se fait en pressant la plaque m\u00e9tallique entre deux matrices qui sont soit grav\u00e9es avec le motif souhait\u00e9, soit fabriqu\u00e9es \u00e0 partir d&#039;un moule de la conception pour les besoins du client. La machine applique une pression sur la plaque de m\u00e9tal, ce qui lui fait prendre la forme des matrices et cr\u00e9e un motif en relief sur la surface du m\u00e9tal. Le gaufrage \u00e0 froid est une technique couramment utilis\u00e9e dans la fabrication de produits tels que des enseignes m\u00e9talliques, des panneaux d\u00e9coratifs et d&#039;autres produits qui n\u00e9cessitent des motifs en relief sur des plaques de m\u00e9tal. Le gaufrage \u00e0 froid est souvent pr\u00e9f\u00e9r\u00e9 au gaufrage \u00e0 chaud car il n&#039;implique pas l&#039;utilisation de chaleur, qui peut endommager ou d\u00e9former le m\u00e9tal.<br \/>\nLa largeur de la plaque de t\u00f4le et le motif du moule peuvent \u00eatre personnalis\u00e9s gratuitement !<br \/>\n<strong>PARAM\u00c8TRE TECHNIQUE<\/strong><br \/>\n<strong>Mat\u00e9riel:<\/strong> T\u00f4le de fer, T\u00f4le d&#039;aluminium, T\u00f4le de cuivre, T\u00f4le d&#039;acier inoxydable<br \/>\n<strong>Largeur du mat\u00e9riau\uff1a<\/strong>30mm<br \/>\n<strong>\u00c9paisseur de mat\u00e9riau<\/strong>: maximum 2mm<br \/>\n<strong>Pouvoir:<\/strong> 2.2KW(Selon la largeur et l&#039;\u00e9paisseur du mat\u00e9riau lamin\u00e9 selon les besoins r\u00e9els des clients)<br \/>\n<strong>tension:<\/strong>\u00a0220V\/380V\/415V<br \/>\n<strong>Dimension d&#039;emballage :<\/strong> 1500\u00d7710\u00d7800mm<br \/>\n<strong>NO (kg):<\/strong> 350<br \/>\n<strong>GW (kg):<\/strong> 400<\/p>","protected":false},"featured_media":1535,"template":"","meta":{"_kad_post_transparent":"default","_kad_post_title":"hide","_kad_post_layout":"fullwidth","_kad_post_sidebar_id":"","_kad_post_content_style":"unboxed","_kad_post_vertical_padding":"hide","_kad_post_feature":"hide","_kad_post_feature_position":"","_kad_post_header":false,"_kad_post_footer":false},"product_brand":[],"product_cat":[29,19],"product_tag":[47,521,519,518,520,517,522],"class_list":{"0":"post-867","1":"product","2":"type-product","3":"status-publish","4":"has-post-thumbnail","6":"product_cat-electric-wrought-iron-processing-machine","7":"product_cat-cold-rolling-embossing-machine","8":"product_tag-cold-rolling-embossing-machine","9":"product_tag-cold-rolling-sheet-embossing-machine-manufacturers","10":"product_tag-iorn-sheet-embossing-machine","11":"product_tag-iron-plate-cold-embossing-machine","12":"product_tag-metal-sheet-embossing-machine-manufacturers-suppliers","13":"product_tag-sheet-iron-plate-cold-embossing-machine","14":"product_tag-sheet-iron-plate-embossing-machine","16":"first","17":"instock","18":"shipping-taxable","19":"product-type-simple","20":"entry","21":"content-bg","22":"loop-entry"},"_links":{"self":[{"href":"https:\/\/zzlcmachinery.com\/fr\/wp-json\/wp\/v2\/product\/867","targetHints":{"allow":["GET"]}}],"collection":[{"href":"https:\/\/zzlcmachinery.com\/fr\/wp-json\/wp\/v2\/product"}],"about":[{"href":"https:\/\/zzlcmachinery.com\/fr\/wp-json\/wp\/v2\/types\/product"}],"version-history":[{"count":0,"href":"https:\/\/zzlcmachinery.com\/fr\/wp-json\/wp\/v2\/product\/867\/revisions"}],"wp:featuredmedia":[{"embeddable":true,"href":"https:\/\/zzlcmachinery.com\/fr\/wp-json\/wp\/v2\/media\/1535"}],"wp:attachment":[{"href":"https:\/\/zzlcmachinery.com\/fr\/wp-json\/wp\/v2\/media?parent=867"}],"wp:term":[{"taxonomy":"product_brand","embeddable":true,"href":"https:\/\/zzlcmachinery.com\/fr\/wp-json\/wp\/v2\/product_brand?post=867"},{"taxonomy":"product_cat","embeddable":true,"href":"https:\/\/zzlcmachinery.com\/fr\/wp-json\/wp\/v2\/product_cat?post=867"},{"taxonomy":"product_tag","embeddable":true,"href":"https:\/\/zzlcmachinery.com\/fr\/wp-json\/wp\/v2\/product_tag?post=867"}],"curies":[{"name":"wp","href":"https:\/\/api.w.org\/{rel}","templated":true}]}}