{"id":865,"date":"2022-11-10T00:19:56","date_gmt":"2022-11-09T16:19:56","guid":{"rendered":"https:\/\/zzlcmachinery.com\/?post_type=product&#038;p=865"},"modified":"2022-11-14T22:42:35","modified_gmt":"2022-11-14T14:42:35","slug":"lc-dl60s-cheapest-square-tube-flat-iron-square-steel-embossing-machine","status":"publish","type":"product","link":"https:\/\/zzlcmachinery.com\/fr\/produit\/lc-dl60s-cheapest-square-tube-flat-iron-square-steel-embossing-machine\/","title":{"rendered":"LC-DL60S Machine de gaufrage en acier carr\u00e9e en fer plat \u00e0 tube carr\u00e9 la moins ch\u00e8re"},"content":{"rendered":"","protected":false},"excerpt":{"rendered":"<p>Cette machine de gaufrage en acier carr\u00e9 en fer plat \u00e0 tube carr\u00e9 LC-DL60S la moins ch\u00e8re est un \u00e9quipement professionnel pour le laminage \u00e0 froid et les mat\u00e9riaux de forgeage. Cette machine peut traiter le tube carr\u00e9, l&#039;acier carr\u00e9, l&#039;iorn plat avec des dimensions communes internationales, par rapport au m\u00eame type de machine de gaufrage \u00e0 froid, le co\u00fbt du moule de cette machine est consid\u00e9rablement r\u00e9duit, comme le traitement des tubes carr\u00e9s, il n&#039;y a pas besoin de payez et gravez un ensemble de moules pour chaque tube carr\u00e9 de diff\u00e9rentes tailles, le tube carr\u00e9 20 \u00d7 20-80x80 mm est une combinaison Le moule peut \u00eatre librement combin\u00e9 dans un moule adapt\u00e9 aux tubes carr\u00e9s de toutes tailles gr\u00e2ce \u00e0 la superposition de joints.Peut \u00e9galement \u00eatre transform\u00e9s, y compris les tubes rectangulaires et les tubes en acier inoxydable.<br \/>\n<strong>PARAM\u00c8TRE TECHNIQUE<\/strong><br \/>\n<strong>Fer plat :<\/strong> \u226410\u00d750mm<br \/>\n<strong>Acier carr\u00e9 :<\/strong>\u00a0\u226425\u00d725mm<br \/>\n<strong>Tube carr\u00e9\u00a0:<\/strong> \u226480x80mm<br \/>\n<strong>Pouvoir:<\/strong> 4KW<br \/>\n<strong>tension:<\/strong> 220V\/380V<br \/>\n<strong>Dimension d&#039;emballage :<\/strong> 1000\u00d7800\u00d71200mm<br \/>\n<strong>NO (kg):<\/strong> 450<br \/>\n<strong>GW (kg):<\/strong> 500<\/p>","protected":false},"featured_media":888,"template":"","meta":{"_kad_post_transparent":"default","_kad_post_title":"hide","_kad_post_layout":"fullwidth","_kad_post_sidebar_id":"","_kad_post_content_style":"unboxed","_kad_post_vertical_padding":"hide","_kad_post_feature":"hide","_kad_post_feature_position":"","_kad_post_header":false,"_kad_post_footer":false},"product_brand":[],"product_cat":[29,19],"product_tag":[381,382,47,386,379,378,380,384,383,385,44,111],"class_list":{"0":"post-865","1":"product","2":"type-product","3":"status-publish","4":"has-post-thumbnail","6":"product_cat-electric-wrought-iron-processing-machine","7":"product_cat-cold-rolling-embossing-machine","8":"product_tag-china-metal-craft-embossing-equiment","9":"product_tag-china-wrought-iron-machine-and-cold-rolling-embossing-machine","10":"product_tag-cold-rolling-embossing-machine","11":"product_tag-flat-iorn-embossing-machine","12":"product_tag-iron-embossing-machine","13":"product_tag-lc-dl60s-cheapest-square-tube-flat-iron-square-steel-embossing-machine","14":"product_tag-professional-cold-rolling-metal-plate-embossing-machine","15":"product_tag-sauare-steel-embossing-machine","16":"product_tag-square-tube-embossing-machine","17":"product_tag-stainless-steel-pipe-embossing-machine","18":"product_tag-wrought-iron-embossing-machine","19":"product_tag-wrought-iron-machine","21":"first","22":"instock","23":"shipping-taxable","24":"product-type-simple","25":"entry","26":"content-bg","27":"loop-entry"},"_links":{"self":[{"href":"https:\/\/zzlcmachinery.com\/fr\/wp-json\/wp\/v2\/product\/865","targetHints":{"allow":["GET"]}}],"collection":[{"href":"https:\/\/zzlcmachinery.com\/fr\/wp-json\/wp\/v2\/product"}],"about":[{"href":"https:\/\/zzlcmachinery.com\/fr\/wp-json\/wp\/v2\/types\/product"}],"version-history":[{"count":0,"href":"https:\/\/zzlcmachinery.com\/fr\/wp-json\/wp\/v2\/product\/865\/revisions"}],"wp:featuredmedia":[{"embeddable":true,"href":"https:\/\/zzlcmachinery.com\/fr\/wp-json\/wp\/v2\/media\/888"}],"wp:attachment":[{"href":"https:\/\/zzlcmachinery.com\/fr\/wp-json\/wp\/v2\/media?parent=865"}],"wp:term":[{"taxonomy":"product_brand","embeddable":true,"href":"https:\/\/zzlcmachinery.com\/fr\/wp-json\/wp\/v2\/product_brand?post=865"},{"taxonomy":"product_cat","embeddable":true,"href":"https:\/\/zzlcmachinery.com\/fr\/wp-json\/wp\/v2\/product_cat?post=865"},{"taxonomy":"product_tag","embeddable":true,"href":"https:\/\/zzlcmachinery.com\/fr\/wp-json\/wp\/v2\/product_tag?post=865"}],"curies":[{"name":"wp","href":"https:\/\/api.w.org\/{rel}","templated":true}]}}