{"id":834,"date":"2022-11-04T22:29:01","date_gmt":"2022-11-04T14:29:01","guid":{"rendered":"https:\/\/zzlcmachinery.com\/?post_type=product&#038;p=834"},"modified":"2022-11-26T00:47:30","modified_gmt":"2022-11-25T16:47:30","slug":"lc120-hydraulic-decorative-iron-pipe-iron-tube-twisting-machine","status":"publish","type":"product","link":"https:\/\/zzlcmachinery.com\/fr\/produit\/lc120-hydraulic-decorative-iron-pipe-iron-tube-twisting-machine\/","title":{"rendered":"Machine de torsion de tube de fer de tuyau de fer d\u00e9coratif hydraulique LC120"},"content":{"rendered":"","protected":false},"excerpt":{"rendered":"<p>Cette machine de torsion de tube de fer de tuyau de fer d\u00e9coratif hydraulique LC120 est uniquement utilis\u00e9e pour traiter des tuyaux ronds. La fonction de la machine r\u00e9side dans l&#039;apparition de divers motifs apr\u00e8s le traitement des tubes ronds. Ces produits semi-finis sont principalement utilis\u00e9s dans les garde-corps et les supports de squelette de portes, fen\u00eatres, escaliers et mains courantes. Ils sont non seulement beaux mais aussi tr\u00e8s solides, les mat\u00e9riaux utilis\u00e9s sont des tuyaux ronds, donc par rapport aux portes et fen\u00eatres solides et aux mains courantes, le co\u00fbt est r\u00e9duit de plus de 50%-80%. Il convient parfaitement aux ateliers de forgeron qui exploitent des portes et des fen\u00eatres \u00e0 grande \u00e9chelle. Cette machine \u00e0 tordre les tubes est utilis\u00e9e pour traiter des tubes ronds d&#039;un diam\u00e8tre de 60 \u00e0 120 mm. Les tuyaux ronds peuvent \u00eatre transform\u00e9s en tuyaux ronds, en tuyaux carr\u00e9s, en tuyaux \u00e0 6 coins, en tuyaux \u00e0 12 coins, en tuyaux \u00e0 16 coins, etc. Apr\u00e8s le traitement. Ces tuyaux trait\u00e9s peuvent \u00e9galement avoir diff\u00e9rentes formes de motifs, qui sont principalement r\u00e9alis\u00e9es par la torsion r\u00e9p\u00e9t\u00e9e de la machine. La densit\u00e9 du motif et la profondeur du motif peuvent \u00eatre obtenues en ajustant le syst\u00e8me hydraulique et les interrupteurs de fin de course.<br \/>\nUne attention particuli\u00e8re doit \u00eatre port\u00e9e \u00e0 l&#039;\u00e9paisseur du tube rond ne d\u00e9passant pas 2,5 mm.<br \/>\nPrenez le tuyau rond transform\u00e9 en tube carr\u00e9 comme exemple, un tuyau rond d&#039;un diam\u00e8tre de \u03c6 50mm\uff0c \u03c660mm\uff0c \u03c676mm\uff0c \u03c6 89mm\uff0c \u03c6114mm se transforme en tube carr\u00e9 \u53e3 40mm \u53e3 50mm \u53e3 60mm \u53e3 70mm \u53e3 90mm)<br \/>\nService en ligne 24 heures sur 24, faites-nous savoir si vous avez des questions!<br \/>\n<strong>PARAM\u00c8TRE TECHNIQUE<br \/>\n<\/strong><strong>Mod\u00e8le :LC-JKLG120<br \/>\nMat\u00e9riau de traitement\u00a0: tube rond\u2264\u03a6120mmx3mm<br \/>\nDimensions du produit fini :<\/strong><br \/>\n<strong>Tube rond<\/strong>\u2264\u03a6120mmx2.5mm<br \/>\n<strong>Tube plat<\/strong> \u2264 90x60x2.5mm<br \/>\n<strong>Tube carr\u00e9<\/strong>\u226440x40x2.5-90x90x2.5mm<br \/>\n<strong style=\"font-family: var(--global-body-font-family);\">Pouvoir:<\/strong><span style=\"font-family: var(--global-body-font-family);\"> 11.7KW<br \/>\n<\/span><strong>Pour les matrices gratuites :<\/strong>6 ensembles<br \/>\n<strong>tension:<\/strong>\u00a0220V\/380V\/415V<br \/>\n<strong>Dimension d&#039;emballage :<\/strong>800*1200*700mm<strong><br \/>\n<\/strong><strong>NO (kg):<\/strong> 2500\u00a0 \u00a0 <strong>GW (kg):<\/strong> 2550<\/p>","protected":false},"featured_media":861,"template":"","meta":{"_kad_post_transparent":"default","_kad_post_title":"","_kad_post_layout":"default","_kad_post_sidebar_id":"","_kad_post_content_style":"default","_kad_post_vertical_padding":"default","_kad_post_feature":"","_kad_post_feature_position":"","_kad_post_header":false,"_kad_post_footer":false},"product_brand":[],"product_cat":[20,31],"product_tag":[350,353,354,339,349,343,355,351,352,111,347],"class_list":{"0":"post-834","1":"product","2":"type-product","3":"status-publish","4":"has-post-thumbnail","6":"product_cat-wrought-iron-twisting-machine","7":"product_cat-electric-pipe-twisting-machine","8":"product_tag-decorate-metal-pipe-tube-twist-wrought-iron-machine","9":"product_tag-decorative-pipe-tube-twisting-machine-pipe-threading-machine","10":"product_tag-factory-hot-sell-automatic-round-stainless-steel-pipe-twisting-machine","11":"product_tag-fully-automatic-multi-functional-round-tube-twisting-machine","12":"product_tag-iron-pipe-stainless-steel-pipe-tube-drawing-machine","13":"product_tag-ornamental-wrought-iron-round-pipe-twisting-making-machine","14":"product_tag-pipe-twisting-machine-for-wrought-iron","15":"product_tag-ss-tube-twisting-design-machine-wrought-iron-threading-pipe-machinery-price","16":"product_tag-tube-twisting-machine-spiral-twist-threading-round-metal-pipes-rotary-swaging-equipments","17":"product_tag-wrought-iron-machine","18":"product_tag-wrought-iron-tube-twisting-machine-for-steel-pipe","20":"first","21":"instock","22":"featured","23":"shipping-taxable","24":"product-type-simple","25":"entry","26":"content-bg","27":"loop-entry"},"_links":{"self":[{"href":"https:\/\/zzlcmachinery.com\/fr\/wp-json\/wp\/v2\/product\/834","targetHints":{"allow":["GET"]}}],"collection":[{"href":"https:\/\/zzlcmachinery.com\/fr\/wp-json\/wp\/v2\/product"}],"about":[{"href":"https:\/\/zzlcmachinery.com\/fr\/wp-json\/wp\/v2\/types\/product"}],"version-history":[{"count":0,"href":"https:\/\/zzlcmachinery.com\/fr\/wp-json\/wp\/v2\/product\/834\/revisions"}],"wp:featuredmedia":[{"embeddable":true,"href":"https:\/\/zzlcmachinery.com\/fr\/wp-json\/wp\/v2\/media\/861"}],"wp:attachment":[{"href":"https:\/\/zzlcmachinery.com\/fr\/wp-json\/wp\/v2\/media?parent=834"}],"wp:term":[{"taxonomy":"product_brand","embeddable":true,"href":"https:\/\/zzlcmachinery.com\/fr\/wp-json\/wp\/v2\/product_brand?post=834"},{"taxonomy":"product_cat","embeddable":true,"href":"https:\/\/zzlcmachinery.com\/fr\/wp-json\/wp\/v2\/product_cat?post=834"},{"taxonomy":"product_tag","embeddable":true,"href":"https:\/\/zzlcmachinery.com\/fr\/wp-json\/wp\/v2\/product_tag?post=834"}],"curies":[{"name":"wp","href":"https:\/\/api.w.org\/{rel}","templated":true}]}}