{"id":832,"date":"2022-11-04T20:23:29","date_gmt":"2022-11-04T12:23:29","guid":{"rendered":"https:\/\/zzlcmachinery.com\/?post_type=product&#038;p=832"},"modified":"2022-11-26T00:47:32","modified_gmt":"2022-11-25T16:47:32","slug":"lc-jklg60-aotumatic-multi-function-round-pipe-twisting-machine","status":"publish","type":"product","link":"https:\/\/zzlcmachinery.com\/fr\/produit\/lc-jklg60-aotumatic-multi-function-round-pipe-twisting-machine\/","title":{"rendered":"LC-JKLG60 Aotumatic Multi Function Machine de torsion de tuyaux ronds"},"content":{"rendered":"","protected":false},"excerpt":{"rendered":"<p>Cette machine de torsion de tubes ronds multifonctions LC-JKLG60 Aotumatic peut dessiner et traiter des tubes ronds en spirale, des tubes carr\u00e9s de ligne, des tubes plats avec diff\u00e9rentes \u00e9paisseurs et motifs.<br \/>\nLa machine peut produire et traiter des tubes ronds d&#039;un diam\u00e8tre ne d\u00e9passant pas 60 mm et d&#039;une \u00e9paisseur inf\u00e9rieure \u00e0 1,2 mm en tubes en spirale. Le tuyau rond peut \u00eatre transform\u00e9 en tube carr\u00e9, tube \u00e0 6 coins, tube \u00e0 8 coins, tube \u00e0 16 coins et autres motifs.<br \/>\nEn tirant, la machine peut traiter divers mod\u00e8les en acier inoxydable sous des moules sp\u00e9ciaux. Le mat\u00e9riau trait\u00e9 n&#039;est pas seulement beau en apparence, durable et solide, mais aussi parce qu&#039;il est creux. Le mat\u00e9riau sera le double du co\u00fbt du mat\u00e9riau solide. C&#039;est une machine essentielle pour le traitement des portes, fen\u00eatres, escaliers, mains courantes et cl\u00f4tures<br \/>\nService en ligne 24 heures sur 24, faites-nous savoir si vous avez des questions!<br \/>\n<strong>PARAM\u00c8TRE TECHNIQUE<br \/>\n<\/strong><strong>Mod\u00e8le :LC-JKLG60<br \/>\nMat\u00e9riau de traitement\u00a0: tube rond\u2264\u03a660mmx1.2mm<br \/>\nDimensions du produit fini :<\/strong><br \/>\nRond<strong> tube<\/strong>\u2264\u03a660mmx1.2mm<br \/>\nTube plat \u2264 60x30x1.2mm<br \/>\nTube carr\u00e9\u226415x15x1.2-60x60x1.2mm<br \/>\n<strong style=\"font-family: var(--global-body-font-family);\">Pouvoir:<\/strong><span style=\"font-family: var(--global-body-font-family);\"> 7.5KW<br \/>\n<\/span><strong>Pour les matrices gratuites :<\/strong>6 ensembles<br \/>\n<strong>tension:<\/strong>\u00a0220V\/380V\/415V<br \/>\n<strong>Dimension d&#039;emballage :<\/strong>800*1200*700mm<strong><br \/>\n<\/strong><strong>NO (kg):<\/strong> 1100\u00a0 \u00a0 \u00a0<strong>GW (kg):<\/strong> 1150<\/p>","protected":false},"featured_media":848,"template":"","meta":{"_kad_post_transparent":"default","_kad_post_title":"","_kad_post_layout":"default","_kad_post_sidebar_id":"","_kad_post_content_style":"default","_kad_post_vertical_padding":"default","_kad_post_feature":"","_kad_post_feature_position":"","_kad_post_header":false,"_kad_post_footer":false},"product_brand":[],"product_cat":[20,31,29],"product_tag":[333,334,335,336,337,338,339,340,341,342,343,344,348,345,346,347],"class_list":{"0":"post-832","1":"product","2":"type-product","3":"status-publish","4":"has-post-thumbnail","6":"product_cat-wrought-iron-twisting-machine","7":"product_cat-electric-pipe-twisting-machine","8":"product_cat-electric-wrought-iron-processing-machine","9":"product_tag-aotumatic-multi-function-round-pipe-twisting-machine","10":"product_tag-automatic-rod-pipe-twisting-machine-equipment-with-best-price","11":"product_tag-automatic-tube-threading-pipe-twisting-machine","12":"product_tag-electric-metal-twisting-machine-twist-forming-metal-gate-door-processing-equipment","13":"product_tag-factory-hot-sale-automatic-round-stainless-steel-pipe-twisting-machine","14":"product_tag-finished-products-by-pipe-twisting-machine-2","15":"product_tag-fully-automatic-multi-functional-round-tube-twisting-machine","16":"product_tag-metal-wrought-iron-pipe-twisting-machine-with-factory-price","17":"product_tag-moulds-for-pipe-twisting-machine","18":"product_tag-new-automatic-round-pipe-twisting-machine-for-square-pipe-twisting-shape","19":"product_tag-ornamental-wrought-iron-round-pipe-twisting-making-machine","20":"product_tag-pipe-embossing-and-stretching-machine","21":"product_tag-round-pipe-twisting-machine","22":"product_tag-stainless-steel-pipe-twisting-forming-machine-with-square-pipe-twisting-shape","23":"product_tag-wrought-iron-pipe-twist-and-bend-machine-copper-pipe-twisting-machine","24":"product_tag-wrought-iron-tube-twisting-machine-for-steel-pipe","26":"first","27":"instock","28":"featured","29":"shipping-taxable","30":"product-type-simple","31":"entry","32":"content-bg","33":"loop-entry"},"_links":{"self":[{"href":"https:\/\/zzlcmachinery.com\/fr\/wp-json\/wp\/v2\/product\/832","targetHints":{"allow":["GET"]}}],"collection":[{"href":"https:\/\/zzlcmachinery.com\/fr\/wp-json\/wp\/v2\/product"}],"about":[{"href":"https:\/\/zzlcmachinery.com\/fr\/wp-json\/wp\/v2\/types\/product"}],"version-history":[{"count":0,"href":"https:\/\/zzlcmachinery.com\/fr\/wp-json\/wp\/v2\/product\/832\/revisions"}],"wp:featuredmedia":[{"embeddable":true,"href":"https:\/\/zzlcmachinery.com\/fr\/wp-json\/wp\/v2\/media\/848"}],"wp:attachment":[{"href":"https:\/\/zzlcmachinery.com\/fr\/wp-json\/wp\/v2\/media?parent=832"}],"wp:term":[{"taxonomy":"product_brand","embeddable":true,"href":"https:\/\/zzlcmachinery.com\/fr\/wp-json\/wp\/v2\/product_brand?post=832"},{"taxonomy":"product_cat","embeddable":true,"href":"https:\/\/zzlcmachinery.com\/fr\/wp-json\/wp\/v2\/product_cat?post=832"},{"taxonomy":"product_tag","embeddable":true,"href":"https:\/\/zzlcmachinery.com\/fr\/wp-json\/wp\/v2\/product_tag?post=832"}],"curies":[{"name":"wp","href":"https:\/\/api.w.org\/{rel}","templated":true}]}}