{"id":817,"date":"2022-11-04T00:15:26","date_gmt":"2022-11-03T16:15:26","guid":{"rendered":"https:\/\/zzlcmachinery.com\/?post_type=product&#038;p=817"},"modified":"2022-11-22T14:53:15","modified_gmt":"2022-11-22T06:53:15","slug":"lc-sg16-unrivaled-effcient-automatic-tube-pipe-shrink-tapering-machine","status":"publish","type":"product","link":"https:\/\/zzlcmachinery.com\/fr\/produit\/lc-sg16-unrivaled-effcient-automatic-tube-pipe-shrink-tapering-machine\/","title":{"rendered":"LC-SG16 Machine de r\u00e9tr\u00e9cissement automatique efficace et in\u00e9gal\u00e9e des tubes"},"content":{"rendered":"","protected":false},"excerpt":{"rendered":"<p>This LC-SG16 Unrivaled effcient automatic tube pipe shrink tapering machine is used for shrinkage the pipe end to cone or point .Machine with the cold forging method is to make pipe fine and long .forming the shape of a cone,closed cycle lubrication system to ensure that the machine is running for a long tome equipped with reasonable mold ,processing parts bright and smooth,high strenght,simple operation,stable performance,low noise<br \/>\nService en ligne 24 heures sur 24, faites-nous savoir si vous avez des questions!<br \/>\n<strong>PARAM\u00c8TRE TECHNIQUE<br \/>\n<\/strong><strong>Model :LC-SG16<br \/>\nProcessing Material\uff1aRound pipe &amp; Square tube<br \/>\nWorking Ability :<\/strong> <strong>Round pipe\u226416mm\u00a0 Square tube\u226414x14mm<\/strong><br \/>\n<strong>Pouvoir:<\/strong> 1.5KW<br \/>\n<strong>Free Mould :1 sets<\/strong><br \/>\n<strong>tension:<\/strong>\u00a0220V\/380V\/415V<br \/>\n<strong>Dimension d&#039;emballage :<\/strong> 690x690x1240mm<br \/>\n<strong>NO (kg):<\/strong> 280\u00a0 \u00a0 <strong>GW (kg):<\/strong> 300<\/p>","protected":false},"featured_media":828,"template":"","meta":{"_kad_post_transparent":"default","_kad_post_title":"","_kad_post_layout":"default","_kad_post_sidebar_id":"","_kad_post_content_style":"default","_kad_post_vertical_padding":"default","_kad_post_feature":"","_kad_post_feature_position":"","_kad_post_header":false,"_kad_post_footer":false},"product_brand":[],"product_cat":[29],"product_tag":[329,331,325,324,332,323,330,327,328,326,111],"class_list":{"0":"post-817","1":"product","2":"type-product","3":"status-publish","4":"has-post-thumbnail","6":"product_cat-electric-wrought-iron-processing-machine","7":"product_tag-auto-pipe-tapering-machine","8":"product_tag-china-pipe-rotary-swaging-mchine","9":"product_tag-china-tube-tapering-machine","10":"product_tag-electric-square-tube-shrinking-machine-for-wrought-iron","11":"product_tag-hot-sale-pipe-shrinking-tube-tapering-machine","12":"product_tag-lc-sg16-electric-pipe-shrinking-machine-for-wrought-iron","13":"product_tag-pipe-shrinking-machine","14":"product_tag-pipe-tapering-machine-manufacturers-suppliers","15":"product_tag-tapering-machine-manufacturers-suppliers","16":"product_tag-unrivaled-effcient-automatic-pipe-taper-forming-machine","17":"product_tag-wrought-iron-machine","19":"first","20":"instock","21":"shipping-taxable","22":"product-type-simple","23":"entry","24":"content-bg","25":"loop-entry"},"_links":{"self":[{"href":"https:\/\/zzlcmachinery.com\/fr\/wp-json\/wp\/v2\/product\/817","targetHints":{"allow":["GET"]}}],"collection":[{"href":"https:\/\/zzlcmachinery.com\/fr\/wp-json\/wp\/v2\/product"}],"about":[{"href":"https:\/\/zzlcmachinery.com\/fr\/wp-json\/wp\/v2\/types\/product"}],"version-history":[{"count":0,"href":"https:\/\/zzlcmachinery.com\/fr\/wp-json\/wp\/v2\/product\/817\/revisions"}],"wp:featuredmedia":[{"embeddable":true,"href":"https:\/\/zzlcmachinery.com\/fr\/wp-json\/wp\/v2\/media\/828"}],"wp:attachment":[{"href":"https:\/\/zzlcmachinery.com\/fr\/wp-json\/wp\/v2\/media?parent=817"}],"wp:term":[{"taxonomy":"product_brand","embeddable":true,"href":"https:\/\/zzlcmachinery.com\/fr\/wp-json\/wp\/v2\/product_brand?post=817"},{"taxonomy":"product_cat","embeddable":true,"href":"https:\/\/zzlcmachinery.com\/fr\/wp-json\/wp\/v2\/product_cat?post=817"},{"taxonomy":"product_tag","embeddable":true,"href":"https:\/\/zzlcmachinery.com\/fr\/wp-json\/wp\/v2\/product_tag?post=817"}],"curies":[{"name":"wp","href":"https:\/\/api.w.org\/{rel}","templated":true}]}}