{"id":807,"date":"2022-11-01T20:30:06","date_gmt":"2022-11-01T12:30:06","guid":{"rendered":"https:\/\/zzlcmachinery.com\/?post_type=product&#038;p=807"},"modified":"2022-11-22T14:55:42","modified_gmt":"2022-11-22T06:55:42","slug":"lc-dk-hydraulic-folding-welding-spot-square-buckle-machine-for-forging-handrail","status":"publish","type":"product","link":"https:\/\/zzlcmachinery.com\/fr\/produit\/lc-dk-hydraulique-pliage-soudage-point-carre-boucle-machine-pour-forger-main-courante\/","title":{"rendered":"Machine de boucle carr\u00e9e de point de soudure se pliante hydraulique de LC-DK pour forger la main courante"},"content":{"rendered":"","protected":false},"excerpt":{"rendered":"<p>Cette machine \u00e0 boucles carr\u00e9es \u00e0 points de soudure \u00e0 pliage hydraulique LC-DK est un \u00e9quipement de boucles d&#039;emballage semi-automatiques hydrauliques. Le syst\u00e8me hydraulique est la principale force motrice. Il remplit principalement la fonction d&#039;emballage sur le point de soudure des pi\u00e8ces standard en fer forg\u00e9 et des rampes d&#039;escalier. Une machine incontournable pour le traitement artistique des m\u00e9taux \u00e0 l&#039;europ\u00e9enne.<br \/>\nCette machine a deux modes de fonctionnement : le traitement par jogging et le traitement automatique. Le traitement Jog peut traiter les boucles au ralenti. Il est principalement utilis\u00e9 pour le d\u00e9bogage de la machine et le d\u00e9bogage des pi\u00e8ces standard et la s\u00e9lection des boucles. La fonction de traitement automatique peut boucler en continu, ce qui permet d&#039;\u00e9conomiser du temps et de la main-d&#039;\u0153uvre.<br \/>\nLa fonction de cette machine est d&#039;emballer le point de soudure par le bouton en acier, de sorte que le bouton ne chauffe pas, ce qui est diff\u00e9rent du pass\u00e9. Les fonctionnalit\u00e9s rapides et efficaces jouissent d&#039;une grande r\u00e9putation dans la cha\u00eene de production de fer.<br \/>\nService en ligne 24 heures sur 24, faites-nous savoir si vous avez des questions!<br \/>\n<strong>PARAM\u00c8TRE TECHNIQUE<br \/>\n<\/strong><strong>Mod\u00e8le :LC-DK<br \/>\nMat\u00e9riau de traitement\uff1a Acier doux<br \/>\nLa taille de la boucle de traitement\u00a0:<\/strong>\u00a0\u226436x20mm<br \/>\n<strong>Pouvoir:<\/strong> 2.2KW<br \/>\n<strong>Matrices gratuites : 4 ensembles<\/strong><br \/>\n<strong>tension:<\/strong>\u00a0220V\/380V\/415V<br \/>\n<strong>Dimension d&#039;emballage :<\/strong> 860\u00d7780\u00d71480mm<br \/>\n<strong>NO (kg):<\/strong> 550\u00a0 \u00a0 \u00a0<strong>GW (kg):<\/strong> 600<\/p>","protected":false},"featured_media":809,"template":"","meta":{"_kad_post_transparent":"default","_kad_post_title":"","_kad_post_layout":"default","_kad_post_sidebar_id":"","_kad_post_content_style":"default","_kad_post_vertical_padding":"default","_kad_post_feature":"","_kad_post_feature_position":"","_kad_post_header":false,"_kad_post_footer":false},"product_brand":[],"product_cat":[29],"product_tag":[320,318,319,321,111,322],"class_list":{"0":"post-807","1":"product","2":"type-product","3":"status-publish","4":"has-post-thumbnail","6":"product_cat-electric-wrought-iron-processing-machine","7":"product_tag-hydraulic-folding-welding-spot-square-buckle-machine-for-forging-handrail","8":"product_tag-hydraulic-wrought-iron-folding-square-buckle-machine-for-fence-staircase-welding-spot","9":"product_tag-hydraulic-wrought-iron-forging-handrail-welding-spot-square-buckle-machine","10":"product_tag-welding-buckle-machine-for-wrought-iron","11":"product_tag-wrought-iron-machine","12":"product_tag-wrought-iron-metal-buckle-machine","14":"first","15":"instock","16":"shipping-taxable","17":"product-type-simple","18":"entry","19":"content-bg","20":"loop-entry"},"_links":{"self":[{"href":"https:\/\/zzlcmachinery.com\/fr\/wp-json\/wp\/v2\/product\/807","targetHints":{"allow":["GET"]}}],"collection":[{"href":"https:\/\/zzlcmachinery.com\/fr\/wp-json\/wp\/v2\/product"}],"about":[{"href":"https:\/\/zzlcmachinery.com\/fr\/wp-json\/wp\/v2\/types\/product"}],"version-history":[{"count":0,"href":"https:\/\/zzlcmachinery.com\/fr\/wp-json\/wp\/v2\/product\/807\/revisions"}],"wp:featuredmedia":[{"embeddable":true,"href":"https:\/\/zzlcmachinery.com\/fr\/wp-json\/wp\/v2\/media\/809"}],"wp:attachment":[{"href":"https:\/\/zzlcmachinery.com\/fr\/wp-json\/wp\/v2\/media?parent=807"}],"wp:term":[{"taxonomy":"product_brand","embeddable":true,"href":"https:\/\/zzlcmachinery.com\/fr\/wp-json\/wp\/v2\/product_brand?post=807"},{"taxonomy":"product_cat","embeddable":true,"href":"https:\/\/zzlcmachinery.com\/fr\/wp-json\/wp\/v2\/product_cat?post=807"},{"taxonomy":"product_tag","embeddable":true,"href":"https:\/\/zzlcmachinery.com\/fr\/wp-json\/wp\/v2\/product_tag?post=807"}],"curies":[{"name":"wp","href":"https:\/\/api.w.org\/{rel}","templated":true}]}}