{"id":801,"date":"2022-11-01T18:25:55","date_gmt":"2022-11-01T10:25:55","guid":{"rendered":"https:\/\/zzlcmachinery.com\/?post_type=product&#038;p=801"},"modified":"2022-11-22T14:58:41","modified_gmt":"2022-11-22T06:58:41","slug":"lc-g2-manual-metal-twisting-machine-for-wrought-iron","status":"publish","type":"product","link":"https:\/\/zzlcmachinery.com\/fr\/produit\/lc-g2-manual-metal-twisting-machine-for-wrought-iron\/","title":{"rendered":"Machine de torsion manuelle en m\u00e9tal LC-G2 pour fer forg\u00e9"},"content":{"rendered":"","protected":false},"excerpt":{"rendered":"<p>LC-G2 Retordeuse manuelle en m\u00e9tal pour fer forg\u00e9<br \/>\nCette machine a l&#039;inconv\u00e9nient d&#039;acheter localement des machines ch\u00e8res. Bien qu&#039;il doive \u00eatre import\u00e9 de Chine, le transport et le d\u00e9douanement ne posent aucun probl\u00e8me, ce qui r\u00e9duit consid\u00e9rablement le co\u00fbt des clients et permet de produire et d&#039;appliquer des paniers de fleurs en grande quantit\u00e9.<br \/>\nCette machine peut fabriquer \u00e0 la main deux tailles de paniers de fleurs en fer \uff0c 2 ensembles sans moules sont livr\u00e9s avec cette machine de torsion manuelle.<br \/>\nLe calibre des 2 ensembles de moules est\u00a0: 12\u00a0mm\u00a0*\u00a012\u00a0mm (4 barres d&#039;acier sauare en 6\u00a0mm\u00a0* 6\u00a0mm) 16\u00a0mm\u00a0* 16\u00a0mm (4 barres d&#039;acier sauare en 8\u00a0mm\u00a0* 8\u00a0mm)<br \/>\nMat\u00e9riau : acier carr\u00e9 Un panier : fabriqu\u00e9 \u00e0 partir de 4 barres d&#039;acier sauare en 6 mm * 6 mm ou 5 mm * 5 mm.<br \/>\n<strong>PARAM\u00c8TRE TECHNIQUE<br \/>\n<\/strong><strong>Mod\u00e8le :LC-G2<\/strong><br \/>\n<strong>Acier carr\u00e9<\/strong> :8X8mm &amp; 6x6mm<br \/>\n<strong>Pouvoir:<\/strong> Manuel<br \/>\n<strong>Dimension d&#039;emballage :<\/strong> 200\u00d7200\u00d7200mm<br \/>\n<strong>NO (kg):20 <\/strong><strong>GW (kg):20<\/strong><\/p>","protected":false},"featured_media":803,"template":"","meta":{"_kad_post_transparent":"default","_kad_post_title":"","_kad_post_layout":"default","_kad_post_sidebar_id":"","_kad_post_content_style":"default","_kad_post_vertical_padding":"default","_kad_post_feature":"","_kad_post_feature_position":"","_kad_post_header":false,"_kad_post_footer":false},"product_brand":[],"product_cat":[33,31,34,35],"product_tag":[223,313,307,299,309,315,317,310,305,314,308,306,301,300,316],"class_list":{"0":"post-801","1":"product","2":"type-product","3":"status-publish","4":"has-post-thumbnail","6":"product_cat-manual-wrounght-iron-processing-tools","7":"product_cat-electric-pipe-twisting-machine","8":"product_cat-manual-scroll-bender","9":"product_cat-manual-twisting-machine","10":"product_tag-basket-twister","11":"product_tag-blacksmith-tool","12":"product_tag-buy-steel-basket-twist-tool","13":"product_tag-handmade-metal-forgin-manual-basket-steel","14":"product_tag-homemade-metal-bar-twister","15":"product_tag-lc-g2-manual-metal-twisting-machine-for-wrought-iron","16":"product_tag-manual-scroll-bending-machine-for-wrought-iron","17":"product_tag-manual-steel-square-bar-twist-hand-flat-steel","18":"product_tag-manual-wrought-iron-basket-twisting-tool","19":"product_tag-master-twister","20":"product_tag-metal-basket-twist-tool","21":"product_tag-metal-craft-baskt-twister","22":"product_tag-metal-craft-tools-ornamental-basket-twist-machine","23":"product_tag-twisting-machine-hand-tools-wrought-iron-equipment","24":"product_tag-wrought-iron-scroll-bender-manual-craft-tool","26":"first","27":"instock","28":"shipping-taxable","29":"product-type-simple","30":"entry","31":"content-bg","32":"loop-entry"},"_links":{"self":[{"href":"https:\/\/zzlcmachinery.com\/fr\/wp-json\/wp\/v2\/product\/801","targetHints":{"allow":["GET"]}}],"collection":[{"href":"https:\/\/zzlcmachinery.com\/fr\/wp-json\/wp\/v2\/product"}],"about":[{"href":"https:\/\/zzlcmachinery.com\/fr\/wp-json\/wp\/v2\/types\/product"}],"version-history":[{"count":0,"href":"https:\/\/zzlcmachinery.com\/fr\/wp-json\/wp\/v2\/product\/801\/revisions"}],"wp:featuredmedia":[{"embeddable":true,"href":"https:\/\/zzlcmachinery.com\/fr\/wp-json\/wp\/v2\/media\/803"}],"wp:attachment":[{"href":"https:\/\/zzlcmachinery.com\/fr\/wp-json\/wp\/v2\/media?parent=801"}],"wp:term":[{"taxonomy":"product_brand","embeddable":true,"href":"https:\/\/zzlcmachinery.com\/fr\/wp-json\/wp\/v2\/product_brand?post=801"},{"taxonomy":"product_cat","embeddable":true,"href":"https:\/\/zzlcmachinery.com\/fr\/wp-json\/wp\/v2\/product_cat?post=801"},{"taxonomy":"product_tag","embeddable":true,"href":"https:\/\/zzlcmachinery.com\/fr\/wp-json\/wp\/v2\/product_tag?post=801"}],"curies":[{"name":"wp","href":"https:\/\/api.w.org\/{rel}","templated":true}]}}