{"id":766,"date":"2022-11-01T00:17:04","date_gmt":"2022-10-31T16:17:04","guid":{"rendered":"https:\/\/zzlcmachinery.com\/?post_type=product&#038;p=766"},"modified":"2022-11-22T15:10:56","modified_gmt":"2022-11-22T07:10:56","slug":"w12-professional-manual-scroll-bending-tool-with-12-free-dies-for-wrought-iron","status":"publish","type":"product","link":"https:\/\/zzlcmachinery.com\/fr\/produit\/w12-outil-de-pliage-manuel-professionnel-avec-12-matrices-libres-pour-fer-forge\/","title":{"rendered":"Outil de cintrage manuel professionnel W12 avec 12 matrices gratuites pour fer forg\u00e9"},"content":{"rendered":"","protected":false},"excerpt":{"rendered":"<p>Cet outil de cintrage manuel professionnel LC-W12 avec 12 matrices libres pour le fer forg\u00e9 est un outil \u00e0 main de bricolage pour le traitement du fer plat, de l&#039;acier carr\u00e9 et de l&#039;acier rond en forme de &quot;S&quot;, &quot;C&quot; et &quot;P&quot;.<br \/>\nCette cintreuse manuelle dispose de 12 ensembles de matrices de cintrage libres, qui est un ensemble de cintreuses avec le plus de moules dans la cintreuse. Cet avantage augmente sans aucun doute la gamme de traitement de la machine au maximum et enrichit les types de motifs pouvant \u00eatre compl\u00e9t\u00e9s. Il s&#039;agit d&#039;une s\u00e9rie de cintreuses manuelles n\u00e9cessaires pour le bricolage \u00e0 domicile et les d\u00e9buts de l&#039;atelier de forge.<br \/>\nCette machine n&#039;a que la fonction de cintrer les fleurs, elle peut plier le fer plat, l&#039;acier carr\u00e9 et l&#039;acier rond avec la forme &quot;S&quot;, &quot;C&quot; et &quot;P&quot;.<br \/>\nService en ligne 24 heures sur 24, faites-nous savoir si vous avez des questions!<br \/>\n<strong>PARAM\u00c8TRE TECHNIQUE<br \/>\n<\/strong><strong>Mod\u00e8le :LC-W12<br \/>\nFer plat\u00a0<\/strong> \u00a0 \u22645mm*30mm<br \/>\n<strong>Acier rond<\/strong> \u2264\u03a610mm<br \/>\n<strong>Acier carr\u00e9<\/strong> \u226410mm*10mm<br \/>\n<strong>Pouvoir:<\/strong> Manuel<br \/>\n<strong>Dimension d&#039;emballage :<\/strong> 200\u00d7200\u00d7400mm<br \/>\n<strong>NO (kg):<\/strong>45<br \/>\n<strong>GW (kg):50<\/strong><\/p>","protected":false},"featured_media":776,"template":"","meta":{"_kad_post_transparent":"default","_kad_post_title":"","_kad_post_layout":"default","_kad_post_sidebar_id":"","_kad_post_content_style":"default","_kad_post_vertical_padding":"default","_kad_post_feature":"","_kad_post_feature_position":"","_kad_post_header":false,"_kad_post_footer":false},"product_brand":[],"product_cat":[33,34],"product_tag":[281,282,253,280,268,277,279,278,239,176],"class_list":{"0":"post-766","1":"product","2":"type-product","3":"status-publish","4":"has-post-thumbnail","6":"product_cat-manual-wrounght-iron-processing-tools","7":"product_cat-manual-scroll-bender","8":"product_tag-bending-machine-for-sale","9":"product_tag-buy-manual-scroll-bending-machine","10":"product_tag-buy-wrought-iron-scroll-bender","11":"product_tag-dies-for-w12-manual-scroll-bending-machine","12":"product_tag-diy-metal-working-tools","13":"product_tag-manual-scroll-bender","14":"product_tag-manual-steel-scroll-bending-tools","15":"product_tag-professional-manual-metal-scroll-bending-tool-with-12-sets-free-dies-for-wrought-iron","16":"product_tag-scroll-bender-machine-for-flat-iron-round-pipe-square-steel-square-tube","17":"product_tag-wrought-iron-scroll-bender-for-sale","19":"first","20":"instock","21":"shipping-taxable","22":"product-type-simple","23":"entry","24":"content-bg","25":"loop-entry"},"_links":{"self":[{"href":"https:\/\/zzlcmachinery.com\/fr\/wp-json\/wp\/v2\/product\/766","targetHints":{"allow":["GET"]}}],"collection":[{"href":"https:\/\/zzlcmachinery.com\/fr\/wp-json\/wp\/v2\/product"}],"about":[{"href":"https:\/\/zzlcmachinery.com\/fr\/wp-json\/wp\/v2\/types\/product"}],"version-history":[{"count":0,"href":"https:\/\/zzlcmachinery.com\/fr\/wp-json\/wp\/v2\/product\/766\/revisions"}],"wp:featuredmedia":[{"embeddable":true,"href":"https:\/\/zzlcmachinery.com\/fr\/wp-json\/wp\/v2\/media\/776"}],"wp:attachment":[{"href":"https:\/\/zzlcmachinery.com\/fr\/wp-json\/wp\/v2\/media?parent=766"}],"wp:term":[{"taxonomy":"product_brand","embeddable":true,"href":"https:\/\/zzlcmachinery.com\/fr\/wp-json\/wp\/v2\/product_brand?post=766"},{"taxonomy":"product_cat","embeddable":true,"href":"https:\/\/zzlcmachinery.com\/fr\/wp-json\/wp\/v2\/product_cat?post=766"},{"taxonomy":"product_tag","embeddable":true,"href":"https:\/\/zzlcmachinery.com\/fr\/wp-json\/wp\/v2\/product_tag?post=766"}],"curies":[{"name":"wp","href":"https:\/\/api.w.org\/{rel}","templated":true}]}}