{"id":755,"date":"2022-10-31T19:03:30","date_gmt":"2022-10-31T11:03:30","guid":{"rendered":"https:\/\/zzlcmachinery.com\/?post_type=product&#038;p=755"},"modified":"2022-11-22T15:16:02","modified_gmt":"2022-11-22T07:16:02","slug":"lc-w13-manual-metal-craft-wrought-iron-scroll-bender","status":"publish","type":"product","link":"https:\/\/zzlcmachinery.com\/fr\/produit\/lc-w13-manual-metal-craft-wrought-iron-scroll-bender\/","title":{"rendered":"Cintreuse manuelle en fer forg\u00e9 LC-W13"},"content":{"rendered":"","protected":false},"excerpt":{"rendered":"<p>La cintreuse de d\u00e9filement en fer forg\u00e9 LC-W13 mantal metal craft est un outil \u00e0 main de bricolage pour couper le m\u00e9tal, plier et tordre le m\u00e9tal. La cintreuse \u00e0 volutes manuelle peut \u00eatre utilis\u00e9e pour traiter le fer plat, l&#039;acier carr\u00e9 et l&#039;acier rond. Il peut plier le fer plat, l&#039;acier carr\u00e9 et l&#039;acier rond en forme de &quot;S&quot;, &quot;C&quot; et &quot;P&quot;. Il peut \u00e9galement r\u00e9aliser la fonction de fabrication de paniers de fleurs \u00e0 quatre fils. Cet ensemble d&#039;outils se compose de 9 outils avec diff\u00e9rentes fonctions<br \/>\n6 outils de cintrage pour cintrer le mat\u00e9riau m\u00e9tallique &quot;S&quot; &quot;C&quot; &quot;P&quot; mod\u00e8le<br \/>\n1 outil de coupe pour couper les mat\u00e9riaux m\u00e9talliques<br \/>\n1 outil de torsion pour faire fonctionner le panier de fleurs<br \/>\n1 outil de forme sp\u00e9ciale a les fonctions de chanfreiner, d&#039;arrondir et de creuser le m\u00e9tal.<br \/>\nService en ligne 24 heures sur 24, faites-nous savoir si vous avez des questions!<br \/>\n<strong>PARAM\u00c8TRE TECHNIQUE<br \/>\n<\/strong><strong>Mod\u00e8le :LC-W13<br \/>\nFer plat :<\/strong> \u226440*6mm,<br \/>\n<strong>Acier rond:<\/strong> \u2264\u03c612mm,<br \/>\n<strong>Acier carr\u00e9 :<\/strong> \u226416*16mm<br \/>\n<strong>Pouvoir:<\/strong> Manuel<br \/>\n<strong>Dimension d&#039;emballage :<\/strong> 500\u00d7500\u00d7500mm<br \/>\n<strong>NO (kg):<\/strong>80<br \/>\n<strong>GW (kg):80<\/strong><\/p>","protected":false},"featured_media":762,"template":"","meta":{"_kad_post_transparent":"default","_kad_post_title":"","_kad_post_layout":"default","_kad_post_sidebar_id":"","_kad_post_content_style":"default","_kad_post_vertical_padding":"default","_kad_post_feature":"","_kad_post_feature_position":"","_kad_post_header":false,"_kad_post_footer":false},"product_brand":[],"product_cat":[33,34],"product_tag":[273,268,271,274,188,261,272,276,250,72,275,265],"class_list":{"0":"post-755","1":"product","2":"type-product","3":"status-publish","4":"has-post-thumbnail","6":"product_cat-manual-wrounght-iron-processing-tools","7":"product_cat-manual-scroll-bender","8":"product_tag-bender-hand-tools","9":"product_tag-diy-metal-working-tools","10":"product_tag-diy-scroll-bender-without-welding-for-steel-brass-cooper-aluminum","11":"product_tag-homemade-metal-bender-tools","12":"product_tag-make-a-metal-scroll-bender","13":"product_tag-manual-metal-craft-scroll-bending-tools","14":"product_tag-manual-metal-craft-wrought-iron-scroll","15":"product_tag-metal-bender-tool","16":"product_tag-metal-craft-bending-tools-ornametal-scroll-bender","17":"product_tag-metal-scroll-bender","18":"product_tag-scroll-bender-plans","19":"product_tag-wrought-iron-metal-scroll-bender","21":"first","22":"instock","23":"shipping-taxable","24":"product-type-simple","25":"entry","26":"content-bg","27":"loop-entry"},"_links":{"self":[{"href":"https:\/\/zzlcmachinery.com\/fr\/wp-json\/wp\/v2\/product\/755","targetHints":{"allow":["GET"]}}],"collection":[{"href":"https:\/\/zzlcmachinery.com\/fr\/wp-json\/wp\/v2\/product"}],"about":[{"href":"https:\/\/zzlcmachinery.com\/fr\/wp-json\/wp\/v2\/types\/product"}],"version-history":[{"count":0,"href":"https:\/\/zzlcmachinery.com\/fr\/wp-json\/wp\/v2\/product\/755\/revisions"}],"wp:featuredmedia":[{"embeddable":true,"href":"https:\/\/zzlcmachinery.com\/fr\/wp-json\/wp\/v2\/media\/762"}],"wp:attachment":[{"href":"https:\/\/zzlcmachinery.com\/fr\/wp-json\/wp\/v2\/media?parent=755"}],"wp:term":[{"taxonomy":"product_brand","embeddable":true,"href":"https:\/\/zzlcmachinery.com\/fr\/wp-json\/wp\/v2\/product_brand?post=755"},{"taxonomy":"product_cat","embeddable":true,"href":"https:\/\/zzlcmachinery.com\/fr\/wp-json\/wp\/v2\/product_cat?post=755"},{"taxonomy":"product_tag","embeddable":true,"href":"https:\/\/zzlcmachinery.com\/fr\/wp-json\/wp\/v2\/product_tag?post=755"}],"curies":[{"name":"wp","href":"https:\/\/api.w.org\/{rel}","templated":true}]}}