{"id":748,"date":"2022-10-31T16:14:20","date_gmt":"2022-10-31T08:14:20","guid":{"rendered":"https:\/\/zzlcmachinery.com\/?post_type=product&#038;p=748"},"modified":"2022-11-22T15:17:33","modified_gmt":"2022-11-22T07:17:33","slug":"lc-w9-china-factory-seller-manual-scroll-bender-for-sale","status":"publish","type":"product","link":"https:\/\/zzlcmachinery.com\/fr\/produit\/lc-w9-china-factory-seller-manual-scroll-bender-for-sale\/","title":{"rendered":"Cintreuse de d\u00e9filement manuelle de vendeur d&#039;usine de la Chine de LC-W9 \u00e0 vendre"},"content":{"rendered":"","protected":false},"excerpt":{"rendered":"<p>La cintreuse manuelle de rouleau de vendeur d&#039;usine de la Chine LC-W9 \u00e0 vendre est un outil \u00e0 main de bricolage pour couper le m\u00e9tal, plier et tordre le m\u00e9tal. La cintreuse \u00e0 volutes manuelle peut \u00eatre utilis\u00e9e pour traiter le fer plat, l&#039;acier carr\u00e9 et l&#039;acier rond. Il peut plier le fer plat, l&#039;acier carr\u00e9 et l&#039;acier rond en forme de &quot;S&quot;, &quot;C&quot; et &quot;P&quot;. Il peut \u00e9galement r\u00e9aliser la fonction de fabrication de paniers de fleurs \u00e0 quatre fils. Cet ensemble d&#039;outils se compose de 9 outils avec diff\u00e9rentes fonctions<br \/>\n6 outils de cintrage pour cintrer le mat\u00e9riau m\u00e9tallique &quot;S&quot; &quot;C&quot; &quot;P&quot; mod\u00e8le<br \/>\n1 outil de coupe pour couper les mat\u00e9riaux m\u00e9talliques<br \/>\n1 outil de torsion pour faire fonctionner le panier de fleurs<br \/>\n1 outil de forme sp\u00e9ciale a les fonctions de chanfreiner, d&#039;arrondir et de creuser le m\u00e9tal.<br \/>\nService en ligne 24 heures sur 24, faites-nous savoir si vous avez des questions!<br \/>\n<strong>PARAM\u00c8TRE TECHNIQUE<br \/>\n<\/strong><strong>Mod\u00e8le :LC-W9<br \/>\nFer plat : \u226440*6mm,<br \/>\nAcier rond : \u2264\u03c612mm,<br \/>\nAcier carr\u00e9 : \u226416*16mm<\/strong><br \/>\n<strong>Pouvoir:<\/strong> Manuel<br \/>\n<strong>Dimension d&#039;emballage :<\/strong> 500\u00d7500\u00d7500mm<br \/>\n<strong>NO (kg):<\/strong>80<br \/>\n<strong>GW (kg):80<\/strong><\/p>","protected":false},"featured_media":752,"template":"","meta":{"_kad_post_transparent":"default","_kad_post_title":"","_kad_post_layout":"default","_kad_post_sidebar_id":"","_kad_post_content_style":"default","_kad_post_vertical_padding":"default","_kad_post_feature":"","_kad_post_feature_position":"","_kad_post_header":false,"_kad_post_footer":false},"product_brand":[],"product_cat":[33,34],"product_tag":[260,270,268,258,262,261,264,267,269,259,263,266,265],"class_list":{"0":"post-748","1":"product","2":"type-product","3":"status-publish","4":"has-post-thumbnail","6":"product_cat-manual-wrounght-iron-processing-tools","7":"product_cat-manual-scroll-bender","8":"product_tag-buy-metal-craft-tool","9":"product_tag-diy-homework-metal-craft-processing-tools","10":"product_tag-diy-metal-working-tools","11":"product_tag-ellsen-wrought-iron-machinery-factory","12":"product_tag-iron-manual-scroll-bender","13":"product_tag-manual-metal-craft-scroll-bending-tools","14":"product_tag-manual-steel-scroll-bending-machine","15":"product_tag-metalcraft-tool-set-master","16":"product_tag-scroll-former-tool-metalcraft","17":"product_tag-steel-bender","18":"product_tag-steel-scroll-bender","19":"product_tag-wrought-iron-equiment","20":"product_tag-wrought-iron-metal-scroll-bender","22":"first","23":"instock","24":"shipping-taxable","25":"product-type-simple","26":"entry","27":"content-bg","28":"loop-entry"},"_links":{"self":[{"href":"https:\/\/zzlcmachinery.com\/fr\/wp-json\/wp\/v2\/product\/748","targetHints":{"allow":["GET"]}}],"collection":[{"href":"https:\/\/zzlcmachinery.com\/fr\/wp-json\/wp\/v2\/product"}],"about":[{"href":"https:\/\/zzlcmachinery.com\/fr\/wp-json\/wp\/v2\/types\/product"}],"version-history":[{"count":0,"href":"https:\/\/zzlcmachinery.com\/fr\/wp-json\/wp\/v2\/product\/748\/revisions"}],"wp:featuredmedia":[{"embeddable":true,"href":"https:\/\/zzlcmachinery.com\/fr\/wp-json\/wp\/v2\/media\/752"}],"wp:attachment":[{"href":"https:\/\/zzlcmachinery.com\/fr\/wp-json\/wp\/v2\/media?parent=748"}],"wp:term":[{"taxonomy":"product_brand","embeddable":true,"href":"https:\/\/zzlcmachinery.com\/fr\/wp-json\/wp\/v2\/product_brand?post=748"},{"taxonomy":"product_cat","embeddable":true,"href":"https:\/\/zzlcmachinery.com\/fr\/wp-json\/wp\/v2\/product_cat?post=748"},{"taxonomy":"product_tag","embeddable":true,"href":"https:\/\/zzlcmachinery.com\/fr\/wp-json\/wp\/v2\/product_tag?post=748"}],"curies":[{"name":"wp","href":"https:\/\/api.w.org\/{rel}","templated":true}]}}