{"id":741,"date":"2022-10-31T00:04:18","date_gmt":"2022-10-30T16:04:18","guid":{"rendered":"https:\/\/zzlcmachinery.com\/?post_type=product&#038;p=741"},"modified":"2022-11-22T15:20:15","modified_gmt":"2022-11-22T07:20:15","slug":"lc-w3-manual-metal-craft-scroll-bender","status":"publish","type":"product","link":"https:\/\/zzlcmachinery.com\/fr\/produit\/lc-w3-manual-metal-craft-scroll-bender\/","title":{"rendered":"Cintreuse de d\u00e9filement manuelle en m\u00e9tal LC-W3"},"content":{"rendered":"","protected":false},"excerpt":{"rendered":"<p>LC-W3 Manual Metal Craft Scroll Bender, gr\u00e2ce \u00e0 l&#039;int\u00e9gration et \u00e0 la modification techniques, cette cintreuse manuelle combine plusieurs cintreuses manuelles originales en une cintreuse manuelle multifonctionnelle, qui est pass\u00e9e de la petite capacit\u00e9 de traitement d&#039;origine \u00e0 la capacit\u00e9 de traitement qui peut maintenant \u00eatre comparable \u00e0 celle des machines \u00e9lectriques. Am\u00e9liorez la pr\u00e9cision et la r\u00e9sistance du produit, et il existe des manuels, des moules d&#039;\u00e9quipement et des moules de cintreuses \u00e9lectriques qui sont courants, faciles \u00e0 utiliser, \u00e9conomes en \u00e9nergie et respectueux de l&#039;environnement.<br \/>\nCe produit peut traiter l&#039;acier carr\u00e9, le tube carr\u00e9, le fer plat, l&#039;acier rond, le tube rond en forme de P, S, C, ces mod\u00e8les peuvent \u00eatre largement utilis\u00e9s dans le traitement, les portails, les escaliers, les cl\u00f4tures, les meubles en fer forg\u00e9, etc. Le pliage manuel est certainement un bon choix pour la premi\u00e8re \u00e9tape de la carri\u00e8re du forgeron.<br \/>\nService en ligne 24 heures sur 24, faites-nous savoir si vous avez des questions!<br \/>\n<strong>PARAM\u00c8TRE TECHNIQUE<br \/>\n<\/strong><strong>Mod\u00e8le :LC-W5<br \/>\nFer plat :<\/strong>\u226430*5mm<br \/>\n<strong>Acier rond:<\/strong> \u2264\u03c610mm<br \/>\n<strong>Acier carr\u00e9 :<\/strong>\u226410*10mm<br \/>\n<strong>Pouvoir:<\/strong> Manuel<br \/>\n<strong>Dimension d&#039;emballage :<\/strong> 500\u00d7500\u00d7500mm<br \/>\n<strong>NO (kg):<\/strong>40<br \/>\n<strong>GW (kg):<\/strong>45<\/p>","protected":false},"featured_media":743,"template":"","meta":{"_kad_post_transparent":"default","_kad_post_title":"","_kad_post_layout":"default","_kad_post_sidebar_id":"","_kad_post_content_style":"default","_kad_post_vertical_padding":"default","_kad_post_feature":"","_kad_post_feature_position":"","_kad_post_header":false,"_kad_post_footer":false},"product_brand":[],"product_cat":[33,34],"product_tag":[253,248,258,247,246,245,244,251,250,254,72,249,252,255,256,257],"class_list":{"0":"post-741","1":"product","2":"type-product","3":"status-publish","4":"has-post-thumbnail","6":"product_cat-manual-wrounght-iron-processing-tools","7":"product_cat-manual-scroll-bender","8":"product_tag-buy-wrought-iron-scroll-bender","9":"product_tag-diy-metal-scroll-bender-2022","10":"product_tag-ellsen-wrought-iron-machinery-factory","11":"product_tag-homemade-metal-scroll-bender-iron-projects","12":"product_tag-how-to-make-a-scroll-bender","13":"product_tag-manual-metal-craft-scroll-bender","14":"product_tag-manual-ornamental-iron-scroll-bender-tools","15":"product_tag-metal-bender-machine","16":"product_tag-metal-craft-bending-tools-ornametal-scroll-bender","17":"product_tag-metal-craft-hand-tools","18":"product_tag-metal-scroll-bender","19":"product_tag-metalcraft-scroll-bender","20":"product_tag-scroll-bender-manual","21":"product_tag-scroll-bender-product","22":"product_tag-scroll-benders-metal-tool-bender-machine","23":"product_tag-scrolls-fabrication-metalcraft","25":"first","26":"instock","27":"shipping-taxable","28":"product-type-simple","29":"entry","30":"content-bg","31":"loop-entry"},"_links":{"self":[{"href":"https:\/\/zzlcmachinery.com\/fr\/wp-json\/wp\/v2\/product\/741","targetHints":{"allow":["GET"]}}],"collection":[{"href":"https:\/\/zzlcmachinery.com\/fr\/wp-json\/wp\/v2\/product"}],"about":[{"href":"https:\/\/zzlcmachinery.com\/fr\/wp-json\/wp\/v2\/types\/product"}],"version-history":[{"count":0,"href":"https:\/\/zzlcmachinery.com\/fr\/wp-json\/wp\/v2\/product\/741\/revisions"}],"wp:featuredmedia":[{"embeddable":true,"href":"https:\/\/zzlcmachinery.com\/fr\/wp-json\/wp\/v2\/media\/743"}],"wp:attachment":[{"href":"https:\/\/zzlcmachinery.com\/fr\/wp-json\/wp\/v2\/media?parent=741"}],"wp:term":[{"taxonomy":"product_brand","embeddable":true,"href":"https:\/\/zzlcmachinery.com\/fr\/wp-json\/wp\/v2\/product_brand?post=741"},{"taxonomy":"product_cat","embeddable":true,"href":"https:\/\/zzlcmachinery.com\/fr\/wp-json\/wp\/v2\/product_cat?post=741"},{"taxonomy":"product_tag","embeddable":true,"href":"https:\/\/zzlcmachinery.com\/fr\/wp-json\/wp\/v2\/product_tag?post=741"}],"curies":[{"name":"wp","href":"https:\/\/api.w.org\/{rel}","templated":true}]}}