{"id":708,"date":"2022-10-29T23:52:18","date_gmt":"2022-10-29T15:52:18","guid":{"rendered":"https:\/\/zzlcmachinery.com\/?post_type=product&#038;p=708"},"modified":"2022-11-22T15:31:38","modified_gmt":"2022-11-22T07:31:38","slug":"lc-jkdn25c-wrought-iron-metal-twisting-machine","status":"publish","type":"product","link":"https:\/\/zzlcmachinery.com\/fr\/produit\/lc-jkdn25c-retordeuse-de-metal-en-fer-forge\/","title":{"rendered":"Machine de torsion de m\u00e9tal en fer forg\u00e9 LC-JKDN25C"},"content":{"rendered":"","protected":false},"excerpt":{"rendered":"<p>La torsion en m\u00e9tal en fer forg\u00e9 LC-JKDN25C est une machine importante pour la fabrication de portails, cl\u00f4tures, garde-corps, escaliers, meubles, lits en fer, chaises et tables, barres en fer forg\u00e9, pi\u00e8ces, t\u00eates de guirlande pour forgeron. La retordeuse am\u00e9liore la technologie sur la base de la retordeuse \u00e9lectrique d&#039;origine. Le programme de la machine est automatiquement corrig\u00e9, en gardant tous les produits identiques, afin qu&#039;il puisse atteindre l&#039;objectif de la production de masse, LC-JKDN25C cette machine n&#039;a que la fonction de tordre la torsion.<br \/>\nApr\u00e8s avoir am\u00e9lior\u00e9 la machine. Cette machine peut basculer librement entre le m\u00e9canisme de treuil et la poup\u00e9e mobile d&#039;origine. D\u00e9montez le rail coulissant t\u00e9lescopique du si\u00e8ge arri\u00e8re torsad\u00e9, puis poussez le m\u00e9canisme du panier de fleurs pour le connecter \u00e0 la prise de courant d&#039;origine afin de tordre le panier de fleurs. Par cons\u00e9quent, les clients peuvent envisager cette machine lorsque le budget est limit\u00e9, et lorsque le budget est suffisant, le moule peut \u00eatre compl\u00e9t\u00e9 pour obtenir la fonction de torsion de la machine \u00e0 paniers de fleurs.<br \/>\nNon seulement vous pouvez tordre la forme du bretzel, mais vous pouvez \u00e9galement tordre des paniers de fleurs (cages \u00e0 oiseaux).<br \/>\nLe moule est livr\u00e9 avec la machine pour fournir 9 jeux de moules.<br \/>\nService en ligne 24 heures sur 24, faites-nous savoir si vous avez des questions!<br \/>\n<strong>PARAM\u00c8TRE TECHNIQUE<br \/>\n<\/strong><strong>Mod\u00e8le :LC-JKDN25C<br \/>\nCapacit\u00e9 de travail maximale\u00a0:<\/strong> Longueur\u2264200-800 mm<br \/>\n<strong>Acier carr\u00e9<\/strong> \u226425\u00d725 millim\u00e8tres<br \/>\n<strong>Fer plat<\/strong> \u226480x10mm<br \/>\n<strong>Pouvoir:<\/strong> 5.2KW<br \/>\n<strong>Pour les matrices gratuites :<\/strong>6 ensembles de matrices carr\u00e9es en acier, 3 ensembles de matrices en fer plat<br \/>\n<strong>tension:<\/strong>\u00a0220V\/380V\/415V<br \/>\n<strong>Dimension d&#039;emballage :<\/strong> 1400\u00d7620\u00d71100mm<br \/>\n<strong>NO (kg):<\/strong> 480\u00a0 \u00a0 \u00a0 <strong>GW (kg):<\/strong> 550<\/p>","protected":false},"featured_media":721,"template":"","meta":{"_kad_post_transparent":"default","_kad_post_title":"","_kad_post_layout":"default","_kad_post_sidebar_id":"","_kad_post_content_style":"default","_kad_post_vertical_padding":"default","_kad_post_feature":"","_kad_post_feature_position":"","_kad_post_header":false,"_kad_post_footer":false},"product_brand":[],"product_cat":[20,29],"product_tag":[196,230,229,204,197,209],"class_list":{"0":"post-708","1":"product","2":"type-product","3":"status-publish","4":"has-post-thumbnail","6":"product_cat-wrought-iron-twisting-machine","7":"product_cat-electric-wrought-iron-processing-machine","8":"product_tag-automatic-wrought-iron-twisting-machine","9":"product_tag-electric-metal-twisting-machine","10":"product_tag-finished-product-of-wrought-iron-twisting-machine","11":"product_tag-multifunctional-wrought-iron-machine","12":"product_tag-twisting-machine-at-best-price-in-china","13":"product_tag-wrought-iron-twist-machine","15":"first","16":"instock","17":"shipping-taxable","18":"product-type-simple","19":"entry","20":"content-bg","21":"loop-entry"},"_links":{"self":[{"href":"https:\/\/zzlcmachinery.com\/fr\/wp-json\/wp\/v2\/product\/708","targetHints":{"allow":["GET"]}}],"collection":[{"href":"https:\/\/zzlcmachinery.com\/fr\/wp-json\/wp\/v2\/product"}],"about":[{"href":"https:\/\/zzlcmachinery.com\/fr\/wp-json\/wp\/v2\/types\/product"}],"version-history":[{"count":0,"href":"https:\/\/zzlcmachinery.com\/fr\/wp-json\/wp\/v2\/product\/708\/revisions"}],"wp:featuredmedia":[{"embeddable":true,"href":"https:\/\/zzlcmachinery.com\/fr\/wp-json\/wp\/v2\/media\/721"}],"wp:attachment":[{"href":"https:\/\/zzlcmachinery.com\/fr\/wp-json\/wp\/v2\/media?parent=708"}],"wp:term":[{"taxonomy":"product_brand","embeddable":true,"href":"https:\/\/zzlcmachinery.com\/fr\/wp-json\/wp\/v2\/product_brand?post=708"},{"taxonomy":"product_cat","embeddable":true,"href":"https:\/\/zzlcmachinery.com\/fr\/wp-json\/wp\/v2\/product_cat?post=708"},{"taxonomy":"product_tag","embeddable":true,"href":"https:\/\/zzlcmachinery.com\/fr\/wp-json\/wp\/v2\/product_tag?post=708"}],"curies":[{"name":"wp","href":"https:\/\/api.w.org\/{rel}","templated":true}]}}