{"id":707,"date":"2022-10-29T23:51:51","date_gmt":"2022-10-29T15:51:51","guid":{"rendered":"https:\/\/zzlcmachinery.com\/?post_type=product&#038;p=707"},"modified":"2022-11-22T15:34:49","modified_gmt":"2022-11-22T07:34:49","slug":"lc-jkdn25e-electric-8-wires-basket-twisting-machine-iron-craft-bird-cage-making-machine-wrought-iron-machine","status":"publish","type":"product","link":"https:\/\/zzlcmachinery.com\/fr\/produit\/lc-jkdn25e-electric-8-wires-basket-twisting-machine-iron-craft-bird-cage-making-machine-wrought-iron-machine\/","title":{"rendered":"LC-JKDN25E \u00e9lectrique 8 fils panier torsion Machine fer artisanat cage \u00e0 oiseaux faisant la Machine Machine en fer forg\u00e9"},"content":{"rendered":"","protected":false},"excerpt":{"rendered":"<p>LC-JKDN25E \u00c9lectrique 8 fils panier torsion machine fer artisanat cage \u00e0 oiseaux faisant la machine machine en fer forg\u00e9 est un outil professionnel de traitement des m\u00e9taux sp\u00e9cialement utilis\u00e9 pour le traitement des cages \u00e0 oiseaux multi-fils. Il peut traiter des paniers de fleurs \u00e0 8 fils, des paniers de fleurs \u00e0 4 fils et des paniers de fleurs \u00e0 12 fils (panier de fleurs \u00e0 12 fils comme option personnalisable pour les clients). Pendant le traitement, 4 ou 8 fils de mat\u00e9riau doivent d&#039;abord \u00eatre trait\u00e9s\u00a0: les deux extr\u00e9mit\u00e9s du mat\u00e9riau doivent \u00eatre soud\u00e9es ensemble avant le traitement.<br \/>\nEn particulier, la production de paniers de fleurs \u00e0 8 fils doit \u00eatre calcin\u00e9e et refroidie avant le traitement, et le produit fini est excellent. Le diam\u00e8tre de traitement maximal de cette machine est de 25 mm d&#039;acier carr\u00e9. La capacit\u00e9 de traitement maximale de cette machine est de 12 lignes de paniers de fleurs. La machine fournit au hasard des moules gratuits. 5 ensembles de moules de paniers de fleurs sont fournis gratuitement (y compris un panier de fleurs \u00e0 8 fils et un panier de fleurs \u00e0 4 paniers): Le diam\u00e8tre de la matrice de traitement est de 12 mm, 14 mm, 18 mm, 20 mm.24 heures de service en ligne, faites-nous savoir si vous avez des questions!<br \/>\n<strong>PARAM\u00c8TRE TECHNIQUE<br \/>\n<\/strong><strong>Mod\u00e8le :LC-JKDN25D<br \/>\nCapacit\u00e9 de travail maximale\u00a0:<\/strong> Longueur\u2264200-800 mm<br \/>\n<strong>Acier carr\u00e9<\/strong> Acier rond de \u226425\u00d725 millim\u00e8tres : \u03a66mm, \u03a68mm<br \/>\n<strong>Fer plat<\/strong> \u226480x10mm<br \/>\n<strong>Pouvoir:<\/strong> 5.2KW<br \/>\n<strong>Pour les matrices gratuites :<\/strong>6 ensembles de matrices carr\u00e9es en acier, 3 ensembles de matrices en fer plat, 5 ensembles de matrices de fleurs en panier<br \/>\n<strong>tension:<\/strong>\u00a0220V\/380V\/415V<br \/>\n<strong>Dimension d&#039;emballage :<\/strong> 1400\u00d7620\u00d71100mm<br \/>\n<strong>NO (kg):<\/strong> 480\u00a0 \u00a0 \u00a0 <strong>GW (kg):<\/strong> 550<\/p>","protected":false},"featured_media":710,"template":"","meta":{"_kad_post_transparent":"default","_kad_post_title":"","_kad_post_layout":"default","_kad_post_sidebar_id":"","_kad_post_content_style":"default","_kad_post_vertical_padding":"default","_kad_post_feature":"","_kad_post_feature_position":"","_kad_post_header":false,"_kad_post_footer":false},"product_brand":[],"product_cat":[20,29],"product_tag":[214,223,221,228,212,210,226,219,211,225,216,220,222,218,227,224,213,215,111,217],"class_list":{"0":"post-707","1":"product","2":"type-product","3":"status-publish","4":"has-post-thumbnail","6":"product_cat-wrought-iron-twisting-machine","7":"product_cat-electric-wrought-iron-processing-machine","8":"product_tag-basket-maker","9":"product_tag-basket-twister","10":"product_tag-buy-basket-making-tool","11":"product_tag-buy-used-wrought-iron-machines","12":"product_tag-electric-4-wires-basket-twisting-machine","13":"product_tag-electric-8-wires-basket-making-machine","14":"product_tag-ellsen-metalcraft-machinery","15":"product_tag-ellsen-ornamental-wrought-iron","16":"product_tag-iron-craft-bird-cage-making-machine","17":"product_tag-metal-bar-twisting-basket-making-machine","18":"product_tag-metal-craft-basket-making-machine","19":"product_tag-metal-craft-making-attachemnt-steel-twister-tool","20":"product_tag-metal-craft-twister-tool","21":"product_tag-metal-twisting-machine","22":"product_tag-metal-twisting-wrought-iron-machine-for-making-wire-basket","23":"product_tag-steel-basket-twist-tool","24":"product_tag-wire-twister-machine","25":"product_tag-wrought-iron-basket-machine","26":"product_tag-wrought-iron-machine","27":"product_tag-wrought-iron-twisting-machine-manufacturers","29":"first","30":"instock","31":"shipping-taxable","32":"product-type-simple","33":"entry","34":"content-bg","35":"loop-entry"},"_links":{"self":[{"href":"https:\/\/zzlcmachinery.com\/fr\/wp-json\/wp\/v2\/product\/707","targetHints":{"allow":["GET"]}}],"collection":[{"href":"https:\/\/zzlcmachinery.com\/fr\/wp-json\/wp\/v2\/product"}],"about":[{"href":"https:\/\/zzlcmachinery.com\/fr\/wp-json\/wp\/v2\/types\/product"}],"version-history":[{"count":0,"href":"https:\/\/zzlcmachinery.com\/fr\/wp-json\/wp\/v2\/product\/707\/revisions"}],"wp:featuredmedia":[{"embeddable":true,"href":"https:\/\/zzlcmachinery.com\/fr\/wp-json\/wp\/v2\/media\/710"}],"wp:attachment":[{"href":"https:\/\/zzlcmachinery.com\/fr\/wp-json\/wp\/v2\/media?parent=707"}],"wp:term":[{"taxonomy":"product_brand","embeddable":true,"href":"https:\/\/zzlcmachinery.com\/fr\/wp-json\/wp\/v2\/product_brand?post=707"},{"taxonomy":"product_cat","embeddable":true,"href":"https:\/\/zzlcmachinery.com\/fr\/wp-json\/wp\/v2\/product_cat?post=707"},{"taxonomy":"product_tag","embeddable":true,"href":"https:\/\/zzlcmachinery.com\/fr\/wp-json\/wp\/v2\/product_tag?post=707"}],"curies":[{"name":"wp","href":"https:\/\/api.w.org\/{rel}","templated":true}]}}