{"id":687,"date":"2022-10-28T18:36:53","date_gmt":"2022-10-28T10:36:53","guid":{"rendered":"https:\/\/zzlcmachinery.com\/?post_type=product&#038;p=687"},"modified":"2022-10-30T18:14:10","modified_gmt":"2022-10-30T10:14:10","slug":"lc-jkdn25d-muliti-function-wrought-iron-metal-twisting-machine-design-for-sale","status":"publish","type":"product","link":"https:\/\/zzlcmachinery.com\/fr\/produit\/lc-jkdn25d-muliti-function-wrought-iron-metal-twisting-machine-design-for-sale\/","title":{"rendered":"LC-JKDN25D Conception de machine de torsion en m\u00e9tal en fer forg\u00e9 \u00e0 fonctions multiples \u00e0 vendre"},"content":{"rendered":"","protected":false},"excerpt":{"rendered":"<p>LC-JKDN25D La conception de machine de torsion en m\u00e9tal en fer forg\u00e9 \u00e0 fonctions multiples \u00e0 vendre est la machine de torsion en m\u00e9tal la plus polyvalente, qui peut tordre le fer plat, l&#039;acier carr\u00e9, l&#039;acier rond et le tube carr\u00e9. Il peut non seulement transformer des mat\u00e9riaux m\u00e9talliques en forme de torsion, mais \u00e9galement tordre plusieurs aciers carr\u00e9s ou ronds ensemble pour former plusieurs motifs de fleurs Twist ou panier qui enrichissent consid\u00e9rablement la structure artistique de traitement des mains courantes de porte et de fen\u00eatre.<br \/>\nLe maximum peut tordre de l&#039;acier carr\u00e9 de 25 x 25 mm, du fer plat de 30 x 8 mm, peut tordre 4 morceaux d&#039;acier rond de \u03a612 mm, 4 morceaux d&#039;acier carr\u00e9 de 12 x 12 mm en une forme de panier de fleurs \u00e0 4 brins \u00e0 tour de r\u00f4le.<br \/>\nDes paniers \u00e0 4 brins, des paniers \u00e0 8 brins et des paniers \u00e0 12 brins sont tous disponibles. 8mm.<br \/>\nCette machine distribue au hasard 12 ensembles de moules, et les moules pour paniers de fleurs \u00e0 8 et 12 brins doivent \u00eatre achet\u00e9s par les clients.<br \/>\nService en ligne 24 heures sur 24, faites-nous savoir si vous avez des questions!<br \/>\n<strong>PARAM\u00c8TRE TECHNIQUE<br \/>\n<\/strong><strong>Mod\u00e8le : LC-JKDN25D<br \/>\nCapacit\u00e9 de travail maximale\u00a0:<\/strong> Longueur\u2264200-800 mm<br \/>\n<strong>Acier carr\u00e9<\/strong> Acier rond de \u226425\u00d725 millim\u00e8tres : \u03a66mm, \u03a68mm<br \/>\n<strong>Fer plat<\/strong> \u226480x10mm<br \/>\n<strong>Pouvoir:<\/strong> 5.2KW<br \/>\n<strong>Pour les matrices gratuites :<\/strong>6 ensembles de matrices carr\u00e9es en acier, 3 ensembles de matrices en fer plat, 4 ensembles de matrices de fleurs \u00e0 panier \u00e0 4 brins<br \/>\n<strong>tension:<\/strong>\u00a0220V\/380V\/415V<br \/>\n<strong>Dimension d&#039;emballage :<\/strong> 1400\u00d7620\u00d71100mm<br \/>\n<strong>NO (kg):<\/strong> 480\u00a0 \u00a0 \u00a0 <strong>GW (kg):<\/strong> 550<\/p>","protected":false},"featured_media":690,"template":"","meta":{"_kad_post_transparent":"default","_kad_post_title":"","_kad_post_layout":"default","_kad_post_sidebar_id":"","_kad_post_content_style":"default","_kad_post_vertical_padding":"default","_kad_post_feature":"","_kad_post_feature_position":"","_kad_post_header":false,"_kad_post_footer":false},"product_brand":[],"product_cat":[20,29],"product_tag":[207,208,196,198,206,202,205,200,204,203,197,199,201,209],"class_list":{"0":"post-687","1":"product","2":"type-product","3":"status-publish","4":"has-post-thumbnail","6":"product_cat-wrought-iron-twisting-machine","7":"product_cat-electric-wrought-iron-processing-machine","8":"product_tag-4-strand-flower-basket-electric-twisting-machine","9":"product_tag-8-strand-flower-basket-electric-twisting-machine","10":"product_tag-automatic-wrought-iron-twisting-machine","11":"product_tag-ellsen-wrought-iron-machine","12":"product_tag-flower-ball-twisting-machine-for-wrought-iron","13":"product_tag-high-quality-wrought-iron-twisting-machine","14":"product_tag-muliti-function-wrought-iron-metal-twisting-machine-design","15":"product_tag-multi-function-wrought-iron-machine-for-sale","16":"product_tag-multifunctional-wrought-iron-machine","17":"product_tag-twisting-machine","18":"product_tag-twisting-machine-at-best-price-in-china","19":"product_tag-twisting-machines","20":"product_tag-wrought-iron-metal-twisting-machine-for-sale","21":"product_tag-wrought-iron-twist-machine","23":"first","24":"instock","25":"shipping-taxable","26":"product-type-simple","27":"entry","28":"content-bg","29":"loop-entry"},"_links":{"self":[{"href":"https:\/\/zzlcmachinery.com\/fr\/wp-json\/wp\/v2\/product\/687","targetHints":{"allow":["GET"]}}],"collection":[{"href":"https:\/\/zzlcmachinery.com\/fr\/wp-json\/wp\/v2\/product"}],"about":[{"href":"https:\/\/zzlcmachinery.com\/fr\/wp-json\/wp\/v2\/types\/product"}],"version-history":[{"count":0,"href":"https:\/\/zzlcmachinery.com\/fr\/wp-json\/wp\/v2\/product\/687\/revisions"}],"wp:featuredmedia":[{"embeddable":true,"href":"https:\/\/zzlcmachinery.com\/fr\/wp-json\/wp\/v2\/media\/690"}],"wp:attachment":[{"href":"https:\/\/zzlcmachinery.com\/fr\/wp-json\/wp\/v2\/media?parent=687"}],"wp:term":[{"taxonomy":"product_brand","embeddable":true,"href":"https:\/\/zzlcmachinery.com\/fr\/wp-json\/wp\/v2\/product_brand?post=687"},{"taxonomy":"product_cat","embeddable":true,"href":"https:\/\/zzlcmachinery.com\/fr\/wp-json\/wp\/v2\/product_cat?post=687"},{"taxonomy":"product_tag","embeddable":true,"href":"https:\/\/zzlcmachinery.com\/fr\/wp-json\/wp\/v2\/product_tag?post=687"}],"curies":[{"name":"wp","href":"https:\/\/api.w.org\/{rel}","templated":true}]}}