{"id":664,"date":"2022-10-25T23:47:44","date_gmt":"2022-10-25T15:47:44","guid":{"rendered":"https:\/\/zzlcmachinery.com\/?post_type=product&#038;p=664"},"modified":"2022-11-22T15:50:34","modified_gmt":"2022-11-22T07:50:34","slug":"lc-jk16-diy-wrought-iron-flat-steel-scrolling-bending-machine-metal-scroll-bender","status":"publish","type":"product","link":"https:\/\/zzlcmachinery.com\/fr\/produit\/lc-jk16-diy-wrought-iron-flat-steel-scrolling-bending-machine-metal-scroll-bender\/","title":{"rendered":"LC-JK16 bricolage fer forg\u00e9 plat acier d\u00e9filement cintreuse m\u00e9tal d\u00e9filement cintreuse"},"content":{"rendered":"","protected":false},"excerpt":{"rendered":"<p>LC-JK16 DIY fer forg\u00e9 plat acier d\u00e9filement cintreuse en m\u00e9tal cintreuse est \u00e9galement utilis\u00e9 pour faire des motifs artistiques en fer forg\u00e9 en forme de C, en forme de P, en forme de S, en forme de U et en outre \u00e9quip\u00e9 d&#039;un blocage de \u03c650mm, \u03c6, 30mm, \u03c620mm roues, qui conviennent au traitement de diff\u00e9rentes tailles de motifs. La diff\u00e9rence est que cette cintreuse \u00e0 volutes peut non seulement traiter du fer plat, de l&#039;acier rond, de l&#039;acier carr\u00e9, mais aussi des tubes ronds et des tubes carr\u00e9s.<br \/>\nCette cintreuse \u00e0 spirales peut traiter jusqu&#039;\u00e0 20x20 mm de tube carr\u00e9 d&#039;une \u00e9paisseur maximale de 3 mm et d&#039;un diam\u00e8tre de 20 mm et un tube rond d&#039;une \u00e9paisseur maximale de 3 mm.<br \/>\nLa machine est \u00e9quip\u00e9e de 6 jeux de moules gratuitement.<br \/>\nService en ligne 24 heures sur 24, faites-nous savoir si vous avez des questions!<br \/>\n<strong>PARAM\u00c8TRE TECHNIQUE<br \/>\n<\/strong><strong>Mod\u00e8le :LC-JK16<br \/>\nFer plat :<\/strong>\u22648\u00d750mm<br \/>\n<strong>Acier rond:<\/strong> \u2264\u03c616mm<br \/>\n<strong>Acier carr\u00e9 :<\/strong>\u226416\u00d716mm<br \/>\n<strong>Tube carr\u00e9\u00a0:<\/strong>\u226420\u00d720mm d&#039;\u00e9paisseur de tube carr\u00e9\u22643mm<br \/>\n<strong>Tuyau rond\u00a0:<\/strong>\u2264\u03c620mm d&#039;\u00e9paisseur de tuyau rond\u22643mm<br \/>\n<strong>Vitesse de traitement:<\/strong> 500 pi\u00e8ces\/H<br \/>\n<strong>Pouvoir:<\/strong> 2.2KW<br \/>\n<strong>tension:<\/strong>\u00a0220V\/380V\/415V<br \/>\n<strong>Dimension d&#039;emballage :<\/strong> 800\u00d7600\u00d71200mm<br \/>\n<strong>NO (kg):<\/strong> 350<br \/>\n<strong>GW (kg):<\/strong> 400<\/p>","protected":false},"featured_media":673,"template":"","meta":{"_kad_post_transparent":"default","_kad_post_title":"","_kad_post_layout":"default","_kad_post_sidebar_id":"","_kad_post_content_style":"default","_kad_post_vertical_padding":"default","_kad_post_feature":"","_kad_post_feature_position":"","_kad_post_header":false,"_kad_post_footer":false},"product_brand":[],"product_cat":[29,27],"product_tag":[178,180,175,76,49,182,177,179,72,181],"class_list":{"0":"post-664","1":"product","2":"type-product","3":"status-publish","4":"has-post-thumbnail","6":"product_cat-electric-wrought-iron-processing-machine","7":"product_cat-electric-scroll-bending-machine","8":"product_tag-buy-scroll-bender","9":"product_tag-china-wrought-iron-machine-and-metal-craft-machine","10":"product_tag-diy-wrought-iron-flat-steel-scrolling-bending-machine-metal-scroll-bender","11":"product_tag-electric-flat-iron-scroll-bending-machine","12":"product_tag-electric-scroll-bending-machine","13":"product_tag-iron-pattern-bender","14":"product_tag-manual-meta-scroll-bender","15":"product_tag-metal-craft-bending-tools","16":"product_tag-metal-scroll-bender","17":"product_tag-ornamental-iron-machine-manufacturer","19":"first","20":"instock","21":"shipping-taxable","22":"product-type-simple","23":"entry","24":"content-bg","25":"loop-entry"},"_links":{"self":[{"href":"https:\/\/zzlcmachinery.com\/fr\/wp-json\/wp\/v2\/product\/664","targetHints":{"allow":["GET"]}}],"collection":[{"href":"https:\/\/zzlcmachinery.com\/fr\/wp-json\/wp\/v2\/product"}],"about":[{"href":"https:\/\/zzlcmachinery.com\/fr\/wp-json\/wp\/v2\/types\/product"}],"version-history":[{"count":0,"href":"https:\/\/zzlcmachinery.com\/fr\/wp-json\/wp\/v2\/product\/664\/revisions"}],"wp:featuredmedia":[{"embeddable":true,"href":"https:\/\/zzlcmachinery.com\/fr\/wp-json\/wp\/v2\/media\/673"}],"wp:attachment":[{"href":"https:\/\/zzlcmachinery.com\/fr\/wp-json\/wp\/v2\/media?parent=664"}],"wp:term":[{"taxonomy":"product_brand","embeddable":true,"href":"https:\/\/zzlcmachinery.com\/fr\/wp-json\/wp\/v2\/product_brand?post=664"},{"taxonomy":"product_cat","embeddable":true,"href":"https:\/\/zzlcmachinery.com\/fr\/wp-json\/wp\/v2\/product_cat?post=664"},{"taxonomy":"product_tag","embeddable":true,"href":"https:\/\/zzlcmachinery.com\/fr\/wp-json\/wp\/v2\/product_tag?post=664"}],"curies":[{"name":"wp","href":"https:\/\/api.w.org\/{rel}","templated":true}]}}