{"id":653,"date":"2022-10-23T22:37:30","date_gmt":"2022-10-23T14:37:30","guid":{"rendered":"https:\/\/zzlcmachinery.com\/?post_type=product&#038;p=653"},"modified":"2022-11-22T15:52:22","modified_gmt":"2022-11-22T07:52:22","slug":"china-manufacture-metalcraft-hytraulic-moulder-wrought-iron-machine","status":"publish","type":"product","link":"https:\/\/zzlcmachinery.com\/fr\/produit\/china-manufacture-metalcraft-hytraulic-moulder-wrought-iron-machine\/","title":{"rendered":"La Chine Fabrication Metalcraft Hytraulic Mouleur Machine en fer forg\u00e9"},"content":{"rendered":"","protected":false},"excerpt":{"rendered":"<p>LCYY16 Chine fabrique une machine en fer forg\u00e9 pour mouleuse hydraulique metalcraft avec prix d&#039;usine, cette machine de formage hydraulique est actuellement la machine d&#039;hydroformage la plus fonctionnelle de l&#039;industrie de la transformation des m\u00e9taux. Sur la base du traitement du fer plat, de l&#039;acier rond et de l&#039;acier carr\u00e9, il peut \u00e9galement traiter des tubes carr\u00e9s et des tuyaux ronds. L&#039;augmentation des mat\u00e9riaux de traitement peut encore \u00e9largir la diversit\u00e9 des mod\u00e8les de formage. Cette mouleuse hydraulique artisanale en m\u00e9tal peut extruder de l&#039;acier carr\u00e9, de l&#039;acier rond, du fer plat, des tuyaux ronds et des tubes carr\u00e9s en diff\u00e9rentes formes telles que cercle, arc et angle en m\u00eame temps.<br \/>\nCet \u00e9quipement de l&#039;interrupteur au pied peut lib\u00e9rer les mains de l&#039;op\u00e9rateur de la machine, am\u00e9liorer l&#039;efficacit\u00e9 du travail, \u00e9conomiser de la main-d&#039;\u0153uvre, et l&#039;op\u00e9ration simple et pratique peut vous permettre de d\u00e9marrer rapidement.<br \/>\nLe remplacement de l&#039;outil abrasif peut \u00eatre effectu\u00e9 en 5 minutes et 4 jeux de moules peuvent \u00eatre s\u00e9lectionn\u00e9s par le client.<br \/>\nLe mouleur hydraulique l&#039;accompagne au hasard pour casser 4 ensembles de moules libres (1 ensemble pour le cintrage d&#039;angle et les moules ronds mijot\u00e9s, 1 ensemble de redressement et d&#039;alignement d&#039;arc, 2 ensembles de moules de formage) et il y a des moules \u00e0 choisir par les clients.<br \/>\nService en ligne 24 heures sur 24, faites-nous savoir si vous avez des questions!<br \/>\n<strong>PARAM\u00c8TRE TECHNIQUE<br \/>\n<\/strong><strong>Mod\u00e8le :LC-YY16<br \/>\nCapacit\u00e9 de travail maximale\u00a0:<\/strong> Fer plat\u226410x50mm<br \/>\nAcier rond \u2264\u03a616mm Acier carr\u00e9\u226416x16mm<br \/>\nTube rond\u2264\u03a680mm Tube carr\u00e9\u226480x80mm<br \/>\n<strong>Pouvoir:<\/strong>7.5KW<br \/>\n<strong>tension:<\/strong>\u00a0220V\/380V\/415V<br \/>\n<strong>Dimension d&#039;emballage :<\/strong> 1300\u00d7700\u00d71400mm<br \/>\n<strong>NO (kg):<\/strong> 780\u00a0 \u00a0 \u00a0 <strong>GW (kg):<\/strong> 850<\/p>","protected":false},"featured_media":659,"template":"","meta":{"_kad_post_transparent":"default","_kad_post_title":"","_kad_post_layout":"default","_kad_post_sidebar_id":"","_kad_post_content_style":"default","_kad_post_vertical_padding":"default","_kad_post_feature":"","_kad_post_feature_position":"","_kad_post_header":false,"_kad_post_footer":false},"product_brand":[],"product_cat":[29,23],"product_tag":[172,133,174,131,173,171,129,51,111],"class_list":{"0":"post-653","1":"product","2":"type-product","3":"status-publish","4":"has-post-thumbnail","6":"product_cat-electric-wrought-iron-processing-machine","7":"product_cat-wrought-iron-hydraulic-moulder","8":"product_tag-blacksmith-equipment","9":"product_tag-buy-metal-craft-hydraulic-moulder","10":"product_tag-china-iron-moulder","11":"product_tag-hydraulic-bending-machine","12":"product_tag-hydraulic-moulder-lanchen-reputable-wrought-iron-supplier","13":"product_tag-lc-yy16-china-manufacture-metalcraft-hytraulic-moulder-wrought-iron-machine","14":"product_tag-metal-craft-hydraulic-moulder","15":"product_tag-wrought-iron-bending-machine","16":"product_tag-wrought-iron-machine","18":"first","19":"instock","20":"shipping-taxable","21":"product-type-simple","22":"entry","23":"content-bg","24":"loop-entry"},"_links":{"self":[{"href":"https:\/\/zzlcmachinery.com\/fr\/wp-json\/wp\/v2\/product\/653","targetHints":{"allow":["GET"]}}],"collection":[{"href":"https:\/\/zzlcmachinery.com\/fr\/wp-json\/wp\/v2\/product"}],"about":[{"href":"https:\/\/zzlcmachinery.com\/fr\/wp-json\/wp\/v2\/types\/product"}],"version-history":[{"count":0,"href":"https:\/\/zzlcmachinery.com\/fr\/wp-json\/wp\/v2\/product\/653\/revisions"}],"wp:featuredmedia":[{"embeddable":true,"href":"https:\/\/zzlcmachinery.com\/fr\/wp-json\/wp\/v2\/media\/659"}],"wp:attachment":[{"href":"https:\/\/zzlcmachinery.com\/fr\/wp-json\/wp\/v2\/media?parent=653"}],"wp:term":[{"taxonomy":"product_brand","embeddable":true,"href":"https:\/\/zzlcmachinery.com\/fr\/wp-json\/wp\/v2\/product_brand?post=653"},{"taxonomy":"product_cat","embeddable":true,"href":"https:\/\/zzlcmachinery.com\/fr\/wp-json\/wp\/v2\/product_cat?post=653"},{"taxonomy":"product_tag","embeddable":true,"href":"https:\/\/zzlcmachinery.com\/fr\/wp-json\/wp\/v2\/product_tag?post=653"}],"curies":[{"name":"wp","href":"https:\/\/api.w.org\/{rel}","templated":true}]}}