{"id":645,"date":"2022-10-23T16:57:20","date_gmt":"2022-10-23T08:57:20","guid":{"rendered":"https:\/\/zzlcmachinery.com\/?post_type=product&#038;p=645"},"modified":"2022-11-22T15:55:02","modified_gmt":"2022-11-22T07:55:02","slug":"electric-decorative-metal-craft-wrought-iron-fishtail-making-machine","status":"publish","type":"product","link":"https:\/\/zzlcmachinery.com\/fr\/produit\/electric-decorative-metal-craft-wrought-iron-fishtail-making-machine\/","title":{"rendered":"Queue de poisson en fer forg\u00e9 d&#039;artisanat en m\u00e9tal d\u00e9coratif \u00e9lectrique faisant la machine"},"content":{"rendered":"","protected":false},"excerpt":{"rendered":"<p>LC-YW16 La machine de fabrication de queue de poisson en fer forg\u00e9 pour artisanat en m\u00e9tal d\u00e9coratif \u00e9lectrique est le super mod\u00e8le du test de recherche et d\u00e9veloppement de notre soci\u00e9t\u00e9 et du test d&#039;exp\u00e9rience dans les machines de forgeage. Cette machine de fabrication de queue de poisson \u00e0 chaud peut traiter des tubes carr\u00e9s, de l&#039;acier carr\u00e9, du fer plat, de l&#039;acier rond et d&#039;autres mat\u00e9riaux.<br \/>\nEn particulier, la fonction de traitement des tubes carr\u00e9s est unique \u00e0 cette machine de fabrication de queue de poisson artisanale en m\u00e9tal, peut traiter des tubes carr\u00e9s de taille 14x14mm, 16x16mm, 15x15mm, 20x20mm.<br \/>\nLe produit transform\u00e9 ne change que la longueur et la largeur, ce qui est \u00e0 la fois beau et g\u00e9n\u00e9reux. Il s&#039;agit d&#039;une mise \u00e0 niveau des formulations F3 et F4, en changeant le rouleau excentrique en un arbre excentrique, en transformant le rouleau en une forme \u00e0 trois fentes et en augmentant la dur\u00e9e de vie de trois fois par rapport aux autres.<br \/>\nLes rouleaux plats \u00e0 l&#039;ext\u00e9rieur de la t\u00eate de la machine \u00e0 queue de poisson en fer forg\u00e9 peuvent aplatir, aff\u00fbter et sceller les barres carr\u00e9es et rondes.<br \/>\nService en ligne 24 heures sur 24, faites-nous savoir si vous avez des questions!<br \/>\n<strong>PARAM\u00c8TRE TECHNIQUE<br \/>\n<\/strong><strong>Mod\u00e8le :LC-YW16<br \/>\nFer plat :<\/strong> \u226410X60mm<br \/>\n<strong>Acier rond:<\/strong> \u03c616mm<br \/>\n<strong>Acier carr\u00e9 :<\/strong> \u226416\u00d716mm<br \/>\n<strong>Tube carr\u00e9 :<\/strong>14x14mm, 16x16mm, 15x15mm, 20x20mm<br \/>\n<strong>Pouvoir:<\/strong> 3KW<br \/>\n<strong>tension:<\/strong>\u00a0220V\/380V\/415V<br \/>\n<strong>Dimension d&#039;emballage :<\/strong> 1000\u00d7600\u00d71110mm<br \/>\n<strong>NO (kg):<\/strong>380<br \/>\n<strong>GW (kg):<\/strong> 400<\/p>","protected":false},"featured_media":648,"template":"","meta":{"_kad_post_transparent":"default","_kad_post_title":"","_kad_post_layout":"default","_kad_post_sidebar_id":"","_kad_post_content_style":"default","_kad_post_vertical_padding":"default","_kad_post_feature":"","_kad_post_feature_position":"","_kad_post_header":false,"_kad_post_footer":false},"product_brand":[],"product_cat":[29,24],"product_tag":[163,165,167,166,168,162,169,170,164,161,111],"class_list":{"0":"post-645","1":"product","2":"type-product","3":"status-publish","4":"has-post-thumbnail","6":"product_cat-electric-wrought-iron-processing-machine","7":"product_cat-wrought-iron-fishtail-forging-machine","8":"product_tag-china-hot-roll-fishtail-machine-manufacturing-for-sale","9":"product_tag-end-hot-fishtail-for-wrought-iron","10":"product_tag-fishtail-iron-processing-machine","11":"product_tag-hot-roll-end-forging-machine","12":"product_tag-hot-roll-fishtail-machine","13":"product_tag-hot-roll-fishtail-making-machine","14":"product_tag-hot-roll-fishtail-mill","15":"product_tag-hot-rolling-fishtail-forming-machine","16":"product_tag-hot-roll-fishtail-coining-machine","17":"product_tag-wrought-iron-end-press-fishtail-machine","18":"product_tag-wrought-iron-machine","20":"first","21":"instock","22":"shipping-taxable","23":"product-type-simple","24":"entry","25":"content-bg","26":"loop-entry"},"_links":{"self":[{"href":"https:\/\/zzlcmachinery.com\/fr\/wp-json\/wp\/v2\/product\/645","targetHints":{"allow":["GET"]}}],"collection":[{"href":"https:\/\/zzlcmachinery.com\/fr\/wp-json\/wp\/v2\/product"}],"about":[{"href":"https:\/\/zzlcmachinery.com\/fr\/wp-json\/wp\/v2\/types\/product"}],"version-history":[{"count":0,"href":"https:\/\/zzlcmachinery.com\/fr\/wp-json\/wp\/v2\/product\/645\/revisions"}],"wp:featuredmedia":[{"embeddable":true,"href":"https:\/\/zzlcmachinery.com\/fr\/wp-json\/wp\/v2\/media\/648"}],"wp:attachment":[{"href":"https:\/\/zzlcmachinery.com\/fr\/wp-json\/wp\/v2\/media?parent=645"}],"wp:term":[{"taxonomy":"product_brand","embeddable":true,"href":"https:\/\/zzlcmachinery.com\/fr\/wp-json\/wp\/v2\/product_brand?post=645"},{"taxonomy":"product_cat","embeddable":true,"href":"https:\/\/zzlcmachinery.com\/fr\/wp-json\/wp\/v2\/product_cat?post=645"},{"taxonomy":"product_tag","embeddable":true,"href":"https:\/\/zzlcmachinery.com\/fr\/wp-json\/wp\/v2\/product_tag?post=645"}],"curies":[{"name":"wp","href":"https:\/\/api.w.org\/{rel}","templated":true}]}}