{"id":631,"date":"2022-10-20T00:48:38","date_gmt":"2022-10-19T16:48:38","guid":{"rendered":"https:\/\/zzlcmachinery.com\/?post_type=product&#038;p=631"},"modified":"2023-02-18T16:11:26","modified_gmt":"2023-02-18T08:11:26","slug":"buy-metal-craft-steel-coil-rolling-machine-ornament-iron-making-machine","status":"publish","type":"product","link":"https:\/\/zzlcmachinery.com\/fr\/produit\/buy-metal-craft-steel-coil-rolling-machine-ornament-iron-making-machine\/","title":{"rendered":"Acheter la machine de fabrication de fer d&#039;ornement de rouleuse de bobine d&#039;acier de m\u00e9tier en m\u00e9tal"},"content":{"rendered":"","protected":false},"excerpt":{"rendered":"<p>LC-CJ16 acheter une machine de fabrication de fer d&#039;ornement de rouleuse de bobine d&#039;acier de m\u00e9tier en m\u00e9tal, cette rouleuse de bobine hydraulique est utilis\u00e9e pour l&#039;acier plat \u00e0 t\u00eate, l&#039;acier carr\u00e9, l&#039;acier rond et la bobine d&#039;extr\u00e9mit\u00e9 apr\u00e8s chauffage du tuyau rond. Le mat\u00e9riau en fer \u00e0 queue de poisson est automatiquement roul\u00e9. La forme en bobine est un motif essentiel dans les produits en fer forg\u00e9. Par cons\u00e9quent, la machine \u00e0 rouler est une machine importante adapt\u00e9e \u00e0 l&#039;art du fer, \u00e0 la d\u00e9coration, au jardinage, etc.<br \/>\nLes mat\u00e9riaux en fer peuvent \u00eatre roul\u00e9s en rouleaux de fleurs de \u03a630, \u03a640, \u03a650mm de diam\u00e8tre, qui peuvent essentiellement r\u00e9pondre au fer plat commun international, \u00e0 l&#039;acier rond en acier carr\u00e9 et au tuyau rond (l&#039;extr\u00e9mit\u00e9 arri\u00e8re doit \u00eatre transform\u00e9e en queue de poisson) utilis\u00e9 dans le processus de production de Portes, fen\u00eatres, mains courantes et garde-corps de style europ\u00e9en.<br \/>\nCe laminage de bobines de fer irnamental hydraulique pr\u00e9sente les avantages d&#039;un roulement rapide, d&#039;un fonctionnement pratique, d&#039;une large gamme de traitement, de nombreux mat\u00e9riaux traitables, de haute qualit\u00e9 des rouleaux et d&#039;une efficacit\u00e9 de production \u00e9lev\u00e9e.<br \/>\nService en ligne 24 heures sur 24, faites-nous savoir si vous avez des questions!<br \/>\n<strong>PARAM\u00c8TRE TECHNIQUE<br \/>\n<\/strong><strong>Mod\u00e8le :LC-CJ16<br \/>\nCapacit\u00e9 de travail maximale\u00a0:<\/strong> Fer plat chauffant :10x50mm<br \/>\nAcier carr\u00e9 \u226425x25mm<br \/>\nAcier rond \u2264\u03a625mm<br \/>\nTuyau rond \u2264\u03a625mm<br \/>\n<strong>Pouvoir:<\/strong> 1.1KW 6P<br \/>\n<strong>tension:<\/strong>\u00a0220V\/380V\/415V<br \/>\n<strong>Dimension d&#039;emballage :<\/strong> 1000\u00d7600\u00d71300mm<br \/>\n<strong>NO (kg):<\/strong> 200\u00a0 \u00a0 \u00a0 <strong>GW (kg):<\/strong> 240<\/p>","protected":false},"featured_media":637,"template":"","meta":{"_kad_post_transparent":"default","_kad_post_title":"","_kad_post_layout":"default","_kad_post_sidebar_id":"","_kad_post_content_style":"default","_kad_post_vertical_padding":"default","_kad_post_feature":"","_kad_post_feature_position":"","_kad_post_header":false,"_kad_post_footer":false},"product_brand":[],"product_cat":[25,29],"product_tag":[160,158,155,153,152,159,124,157,156,154],"class_list":{"0":"post-631","1":"product","2":"type-product","3":"status-publish","4":"has-post-thumbnail","6":"product_cat-electric-make-coil-machine-for-metal-craft","7":"product_cat-electric-wrought-iron-processing-machine","8":"product_tag-automatic-blacksmith-coil-rolling-machine","9":"product_tag-buy-metal-craft-steel-coil-rolling-machine-ornament-iron-making-machine","10":"product_tag-electric-coil-rolling-machine","11":"product_tag-electric-making-coil-machine","12":"product_tag-iron-coils-making-machine","13":"product_tag-mechanical-metal-craft-flat-steel-coil-rolling-making-machine-price","14":"product_tag-metal-craft-steel-coil-rolling-machine","15":"product_tag-ornament-iron-making-machine","16":"product_tag-wrought-iron-coil-making","17":"product_tag-wrought-iron-electric-make-coil-machine-for-decorative","19":"first","20":"instock","21":"shipping-taxable","22":"product-type-simple","23":"entry","24":"content-bg","25":"loop-entry"},"_links":{"self":[{"href":"https:\/\/zzlcmachinery.com\/fr\/wp-json\/wp\/v2\/product\/631","targetHints":{"allow":["GET"]}}],"collection":[{"href":"https:\/\/zzlcmachinery.com\/fr\/wp-json\/wp\/v2\/product"}],"about":[{"href":"https:\/\/zzlcmachinery.com\/fr\/wp-json\/wp\/v2\/types\/product"}],"version-history":[{"count":0,"href":"https:\/\/zzlcmachinery.com\/fr\/wp-json\/wp\/v2\/product\/631\/revisions"}],"wp:featuredmedia":[{"embeddable":true,"href":"https:\/\/zzlcmachinery.com\/fr\/wp-json\/wp\/v2\/media\/637"}],"wp:attachment":[{"href":"https:\/\/zzlcmachinery.com\/fr\/wp-json\/wp\/v2\/media?parent=631"}],"wp:term":[{"taxonomy":"product_brand","embeddable":true,"href":"https:\/\/zzlcmachinery.com\/fr\/wp-json\/wp\/v2\/product_brand?post=631"},{"taxonomy":"product_cat","embeddable":true,"href":"https:\/\/zzlcmachinery.com\/fr\/wp-json\/wp\/v2\/product_cat?post=631"},{"taxonomy":"product_tag","embeddable":true,"href":"https:\/\/zzlcmachinery.com\/fr\/wp-json\/wp\/v2\/product_tag?post=631"}],"curies":[{"name":"wp","href":"https:\/\/api.w.org\/{rel}","templated":true}]}}