{"id":618,"date":"2022-10-19T15:15:26","date_gmt":"2022-10-19T07:15:26","guid":{"rendered":"https:\/\/zzlcmachinery.com\/?post_type=product&#038;p=618"},"modified":"2022-11-22T15:59:15","modified_gmt":"2022-11-22T07:59:15","slug":"lc-gp40-high-frequency-metal-induction-heater-for-sale","status":"publish","type":"product","link":"https:\/\/zzlcmachinery.com\/fr\/produit\/lc-gp40-high-frequency-metal-induction-heater-for-sale\/","title":{"rendered":"R\u00e9chauffeur \u00e0 induction en m\u00e9tal haute fr\u00e9quence LC-GP40 \u00e0 vendre"},"content":{"rendered":"","protected":false},"excerpt":{"rendered":"<p><strong>LC-GP40 Chauffage par induction m\u00e9tallique haute fr\u00e9quence \u00e0 vendre.<\/strong><br \/>\nLa nouvelle g\u00e9n\u00e9ration de r\u00e9chauffeur haute fr\u00e9quence est compos\u00e9e de deux parties : h\u00f4te de chauffage et dispositif de refroidissement. Un r\u00e9servoir d&#039;eau agrandi et quatre ventilateurs peuvent faire fonctionner la machine plus longtemps, m\u00eame en Afrique, o\u00f9 la temp\u00e9rature est tr\u00e8s \u00e9lev\u00e9e dans le monde, elle peut \u00eatre utilis\u00e9e pendant longtemps.<br \/>\nCette machine de chauffage rapide en m\u00e9tal. L&#039;alimentation \u00e9lectrique de la machine est r\u00e9glable en continu de 2KW \u00e0 20KW. Diff\u00e9rents KW peuvent \u00eatre s\u00e9lectionn\u00e9s en fonction de diff\u00e9rentes tailles de mat\u00e9riaux, ce qui est tr\u00e8s \u00e9conome en \u00e9nergie. Habituellement, la machine est en veille sans chauffage et ne gaspille pas d&#039;\u00e9lectricit\u00e9. La conception de l&#039;\u00e9conomie d&#039;\u00e9lectricit\u00e9 est tr\u00e8s conviviale.<br \/>\nDe plus, la machine de chauffage \u00e0 haute fr\u00e9quence est \u00e9quip\u00e9e d&#039;un interrupteur au pied pour lib\u00e9rer les mains du travailleur. Une personne inexp\u00e9riment\u00e9e peut apprendre et utiliser cette machine en 10 minutes,<br \/>\nFaibles co\u00fbts de maintenance, seulement besoin d&#039;eau pure et d&#039;huile de lubrification,<br \/>\nLa machine peut \u00eatre utilis\u00e9e non seulement pour chauffer le fer ordinaire, mais aussi pour faire fondre l&#039;or et l&#039;argent.<br \/>\nService en ligne 24 heures sur 24, faites-nous savoir si vous avez des questions!<br \/>\n<strong>PARAM\u00c8TRE TECHNIQUE<br \/>\n<\/strong><strong>Mod\u00e8le :LC-GPIV36<br \/>\nCapacit\u00e9 de travail maximale\u00a0:<\/strong> Fer plat\u22646x50mm<br \/>\nAcier carr\u00e9 \u226420X20mm<br \/>\nAcier rond\u226420mm<br \/>\n<strong>Pouvoir:<\/strong>courant \u00e9lectrique de surtension de sortie: 300A-1400A<br \/>\nCourant \u00e9lectrique d&#039;entr\u00e9e\u00a0: 5-36\u00a0A<br \/>\n<strong>tension:<\/strong> La gamme de tension d&#039;entr\u00e9e : 320-420v 50HZ<br \/>\n<strong>Dimension d&#039;emballage :<\/strong> 500x700x700mm +1200x600x800mm<br \/>\n<strong>NO (kg):<\/strong> 180\u00a0 \u00a0 <strong>GW (kg):<\/strong> 200<\/p>","protected":false},"featured_media":626,"template":"","meta":{"_kad_post_transparent":"default","_kad_post_title":"","_kad_post_layout":"default","_kad_post_sidebar_id":"","_kad_post_content_style":"default","_kad_post_vertical_padding":"default","_kad_post_feature":"","_kad_post_feature_position":"","_kad_post_header":false,"_kad_post_footer":false},"product_brand":[],"product_cat":[29,32],"product_tag":[149,147,150,145,146,151,148],"class_list":{"0":"post-618","1":"product","2":"type-product","3":"status-publish","4":"has-post-thumbnail","6":"product_cat-electric-wrought-iron-processing-machine","7":"product_cat-power-of-iron-effcient-heater","8":"product_tag-application-of-high-frequency-metal-induction-heater-for-sale","9":"product_tag-featured-metal-induction-heater-for-sale","10":"product_tag-high-frequency-metal-induction-heater-for-sale","11":"product_tag-induction-heating-equipment","12":"product_tag-induction-heating-machine-for-metal-forging","13":"product_tag-the-power-of-iron-effcient-heater","14":"product_tag-wrought-iron-machine-induction-heating-forging-equipment","16":"first","17":"instock","18":"shipping-taxable","19":"product-type-simple","20":"entry","21":"content-bg","22":"loop-entry"},"_links":{"self":[{"href":"https:\/\/zzlcmachinery.com\/fr\/wp-json\/wp\/v2\/product\/618","targetHints":{"allow":["GET"]}}],"collection":[{"href":"https:\/\/zzlcmachinery.com\/fr\/wp-json\/wp\/v2\/product"}],"about":[{"href":"https:\/\/zzlcmachinery.com\/fr\/wp-json\/wp\/v2\/types\/product"}],"version-history":[{"count":0,"href":"https:\/\/zzlcmachinery.com\/fr\/wp-json\/wp\/v2\/product\/618\/revisions"}],"wp:featuredmedia":[{"embeddable":true,"href":"https:\/\/zzlcmachinery.com\/fr\/wp-json\/wp\/v2\/media\/626"}],"wp:attachment":[{"href":"https:\/\/zzlcmachinery.com\/fr\/wp-json\/wp\/v2\/media?parent=618"}],"wp:term":[{"taxonomy":"product_brand","embeddable":true,"href":"https:\/\/zzlcmachinery.com\/fr\/wp-json\/wp\/v2\/product_brand?post=618"},{"taxonomy":"product_cat","embeddable":true,"href":"https:\/\/zzlcmachinery.com\/fr\/wp-json\/wp\/v2\/product_cat?post=618"},{"taxonomy":"product_tag","embeddable":true,"href":"https:\/\/zzlcmachinery.com\/fr\/wp-json\/wp\/v2\/product_tag?post=618"}],"curies":[{"name":"wp","href":"https:\/\/api.w.org\/{rel}","templated":true}]}}