{"id":608,"date":"2022-10-18T17:16:42","date_gmt":"2022-10-18T09:16:42","guid":{"rendered":"https:\/\/zzlcmachinery.com\/?post_type=product&#038;p=608"},"modified":"2022-11-22T17:02:01","modified_gmt":"2022-11-22T09:02:01","slug":"iron-efficient-power-heater-for-wrought-iron","status":"publish","type":"product","link":"https:\/\/zzlcmachinery.com\/fr\/produit\/iron-efficient-power-heater-for-wrought-iron\/","title":{"rendered":"Appareil de chauffage efficace en fer pour fer forg\u00e9"},"content":{"rendered":"","protected":false},"excerpt":{"rendered":"<p>Radiateur \u00e9lectrique efficace en fer pour le fer forg\u00e9 de l&#039;usine pour l&#039;artisanat en m\u00e9tal.<br \/>\nLe chauffage par induction en m\u00e9tal est une m\u00e9thode de chauffage rapide, s\u00fbre et efficace largement utilis\u00e9e dans l&#039;industrie du traitement et du forgeage des m\u00e9taux. L&#039;\u00e9quipement adopte un chauffage par induction \u00e0 haute fr\u00e9quence, un refroidissement par circulation d&#039;eau, un refroidissement par ventilateur et d&#039;autres technologies pour permettre \u00e0 la machine de chauffer en continu pendant une longue p\u00e9riode. La machine de chauffage \u00e0 haute fr\u00e9quence est largement utilis\u00e9e dans le forgeage des m\u00e9taux, comme le chauffage du fer plat, de l&#039;acier carr\u00e9, de l&#039;acier rond dans l&#039;ing\u00e9nierie du chauffage de l&#039;art du fer, le chauffage des pi\u00e8ces dans le processus de trempe,<br \/>\nLe plus grand avantage de cette machine est qu&#039;elle peut terminer le chauffage de l&#039;acier carr\u00e9 de 16x16 mm en 5 secondes, avec une consommation d&#039;\u00e9nergie moindre, un chauffage rapide, une protection de s\u00e9curit\u00e9 et des bobines de chauffage de rechange. Il est profond\u00e9ment aim\u00e9 par les forgerons et les usines de traitement de portes et fen\u00eatres<br \/>\nService en ligne 24 heures sur 24, faites-nous savoir si vous avez des questions!<br \/>\n<strong>PARAM\u00c8TRE TECHNIQUE<br \/>\n<\/strong><strong>Mod\u00e8le :LC-GPIV36<br \/>\nCapacit\u00e9 de travail maximale\u00a0:<\/strong> Fer plat\u226410x50mm<br \/>\nAcier carr\u00e9 \u226420X20mm<br \/>\nAutre diam\u00e8tre de pi\u00e8ce\u226430mm<br \/>\n<strong>Pouvoir:<\/strong>courant \u00e9lectrique de surtension de sortie: 300A-1400A<br \/>\nCourant \u00e9lectrique d&#039;entr\u00e9e: 4-36A<br \/>\n<strong>tension:<\/strong> La gamme de tension d&#039;entr\u00e9e : 320-420v 50HZ<br \/>\n<strong>Dimension d&#039;emballage :<\/strong> 1050\u00d7680\u00d71520mm<br \/>\n<strong>NO (kg):<\/strong> 230\u00a0 \u00a0 \u00a0<strong>GW (kg):<\/strong> 260<\/p>","protected":false},"featured_media":610,"template":"","meta":{"_kad_post_transparent":"default","_kad_post_title":"","_kad_post_layout":"default","_kad_post_sidebar_id":"","_kad_post_content_style":"default","_kad_post_vertical_padding":"default","_kad_post_feature":"","_kad_post_feature_position":"","_kad_post_header":false,"_kad_post_footer":false},"product_brand":[],"product_cat":[29,32],"product_tag":[140,136,138,142,137,144,139,141,143],"class_list":{"0":"post-608","1":"product","2":"type-product","3":"status-publish","4":"has-post-thumbnail","6":"product_cat-electric-wrought-iron-processing-machine","7":"product_cat-power-of-iron-effcient-heater","8":"product_tag-china-the-power-of-iron-efficient-heate","9":"product_tag-high-frequency-heating-machine","10":"product_tag-iron-efficient-power-heater","11":"product_tag-metal-craft-machines","12":"product_tag-ornamental-iron-machine","13":"product_tag-reliable-quality-iron-effcient-heater","14":"product_tag-the-power-of-iron-efficienet-heater","15":"product_tag-wholesale-el-gp-iv-36-the-power-machine-of-iron-efficient-heater","16":"product_tag-wrought-iron-heating-machine","18":"first","19":"instock","20":"shipping-taxable","21":"product-type-simple","22":"entry","23":"content-bg","24":"loop-entry"},"_links":{"self":[{"href":"https:\/\/zzlcmachinery.com\/fr\/wp-json\/wp\/v2\/product\/608","targetHints":{"allow":["GET"]}}],"collection":[{"href":"https:\/\/zzlcmachinery.com\/fr\/wp-json\/wp\/v2\/product"}],"about":[{"href":"https:\/\/zzlcmachinery.com\/fr\/wp-json\/wp\/v2\/types\/product"}],"version-history":[{"count":0,"href":"https:\/\/zzlcmachinery.com\/fr\/wp-json\/wp\/v2\/product\/608\/revisions"}],"wp:featuredmedia":[{"embeddable":true,"href":"https:\/\/zzlcmachinery.com\/fr\/wp-json\/wp\/v2\/media\/610"}],"wp:attachment":[{"href":"https:\/\/zzlcmachinery.com\/fr\/wp-json\/wp\/v2\/media?parent=608"}],"wp:term":[{"taxonomy":"product_brand","embeddable":true,"href":"https:\/\/zzlcmachinery.com\/fr\/wp-json\/wp\/v2\/product_brand?post=608"},{"taxonomy":"product_cat","embeddable":true,"href":"https:\/\/zzlcmachinery.com\/fr\/wp-json\/wp\/v2\/product_cat?post=608"},{"taxonomy":"product_tag","embeddable":true,"href":"https:\/\/zzlcmachinery.com\/fr\/wp-json\/wp\/v2\/product_tag?post=608"}],"curies":[{"name":"wp","href":"https:\/\/api.w.org\/{rel}","templated":true}]}}