{"id":596,"date":"2022-10-16T20:39:30","date_gmt":"2022-10-16T12:39:30","guid":{"rendered":"https:\/\/zzlcmachinery.com\/?post_type=product&#038;p=596"},"modified":"2022-11-22T16:51:37","modified_gmt":"2022-11-22T08:51:37","slug":"wrought-iron-hydraulic-moulder-machine-for-metal-craft","status":"publish","type":"product","link":"https:\/\/zzlcmachinery.com\/fr\/produit\/mouleur-hydraulique-en-fer-forge-pour-metallurgie\/","title":{"rendered":"Machine de moulage hydraulique en fer forg\u00e9 pour l&#039;artisanat en m\u00e9tal"},"content":{"rendered":"","protected":false},"excerpt":{"rendered":"<p>Mouluri\u00e8re hydraulique en fer forg\u00e9 LCDY16 pour l&#039;artisanat en m\u00e9tal pour le fer forg\u00e9 avec prix d&#039;usine, cette machine peut traiter et plier l&#039;acier carr\u00e9, l&#039;acier rond et le fer plat. Il a trois fonctions : arc de flexion, redressement et flexion d&#039;angle. Le m\u00e9canisme peut \u00eatre pli\u00e9 \u00e0 diff\u00e9rents angles. Haute efficacit\u00e9 de production, les produits peuvent \u00eatre fabriqu\u00e9s par lots, c&#039;est un \u00e9quipement id\u00e9al pour la d\u00e9coration, le mobilier, les jardins municipaux, la construction et les forges de portes et fen\u00eatres.<br \/>\nLa machine l&#039;accompagne au hasard pour casser 4 ensembles de moules gratuits (1 ensemble pour le cintrage d&#039;angle et les moules ronds mijot\u00e9s, 1 ensemble de redressement et d&#039;alignement d&#039;arc, 2 ensembles de moules de formage) et il y a des moules \u00e0 choisir par les clients.<br \/>\nService en ligne 24 heures sur 24, faites-nous savoir si vous avez des questions!<br \/>\n<strong>PARAM\u00c8TRE TECHNIQUE<br \/>\n<\/strong><strong>Mod\u00e8le :LC-DY16A<br \/>\nCapacit\u00e9 de travail maximale\u00a0:<\/strong> Fer plat\u226410x50mm<br \/>\nAcier rond \u2264\u03a616mm Acier carr\u00e9\u226416x16mm<br \/>\n<strong>Pouvoir:<\/strong>7.5KW<br \/>\n<strong>tension:<\/strong>\u00a0220V\/380V\/415V<br \/>\n<strong>Dimension d&#039;emballage :<\/strong> 1250\u00d7820\u00d71100mm<br \/>\n<strong>NO (kg):<\/strong> 750\u00a0 \u00a0 \u00a0 <strong>GW (kg):<\/strong> 850<\/p>","protected":false},"featured_media":599,"template":"","meta":{"_kad_post_transparent":"default","_kad_post_title":"","_kad_post_layout":"default","_kad_post_sidebar_id":"","_kad_post_content_style":"default","_kad_post_vertical_padding":"default","_kad_post_feature":"","_kad_post_feature_position":"","_kad_post_header":false,"_kad_post_footer":false},"product_brand":[],"product_cat":[29,23],"product_tag":[135,134,133,132,131,130,129,128],"class_list":{"0":"post-596","1":"product","2":"type-product","3":"status-publish","4":"has-post-thumbnail","6":"product_cat-electric-wrought-iron-processing-machine","7":"product_cat-wrought-iron-hydraulic-moulder","8":"product_tag-anbang-wrought-iron-hydraulic-moulder-blacksmith-machine","9":"product_tag-blacksmith-equipengt","10":"product_tag-buy-metal-craft-hydraulic-moulder","11":"product_tag-finished-prodect-of-wrought-iron-bending-machine","12":"product_tag-hydraulic-bending-machine","13":"product_tag-hydraulic-moulder-reputable-wrought-iron-supplier","14":"product_tag-metal-craft-hydraulic-moulder","15":"product_tag-moulds-of-hydraulic-moulder-machine-for-wrought-iron","17":"first","18":"instock","19":"shipping-taxable","20":"product-type-simple","21":"entry","22":"content-bg","23":"loop-entry"},"_links":{"self":[{"href":"https:\/\/zzlcmachinery.com\/fr\/wp-json\/wp\/v2\/product\/596","targetHints":{"allow":["GET"]}}],"collection":[{"href":"https:\/\/zzlcmachinery.com\/fr\/wp-json\/wp\/v2\/product"}],"about":[{"href":"https:\/\/zzlcmachinery.com\/fr\/wp-json\/wp\/v2\/types\/product"}],"version-history":[{"count":0,"href":"https:\/\/zzlcmachinery.com\/fr\/wp-json\/wp\/v2\/product\/596\/revisions"}],"wp:featuredmedia":[{"embeddable":true,"href":"https:\/\/zzlcmachinery.com\/fr\/wp-json\/wp\/v2\/media\/599"}],"wp:attachment":[{"href":"https:\/\/zzlcmachinery.com\/fr\/wp-json\/wp\/v2\/media?parent=596"}],"wp:term":[{"taxonomy":"product_brand","embeddable":true,"href":"https:\/\/zzlcmachinery.com\/fr\/wp-json\/wp\/v2\/product_brand?post=596"},{"taxonomy":"product_cat","embeddable":true,"href":"https:\/\/zzlcmachinery.com\/fr\/wp-json\/wp\/v2\/product_cat?post=596"},{"taxonomy":"product_tag","embeddable":true,"href":"https:\/\/zzlcmachinery.com\/fr\/wp-json\/wp\/v2\/product_tag?post=596"}],"curies":[{"name":"wp","href":"https:\/\/api.w.org\/{rel}","templated":true}]}}