{"id":586,"date":"2022-10-15T23:03:30","date_gmt":"2022-10-15T15:03:30","guid":{"rendered":"https:\/\/zzlcmachinery.com\/?post_type=product&#038;p=586"},"modified":"2023-02-09T20:09:36","modified_gmt":"2023-02-09T12:09:36","slug":"hot-metal-electric-coil-making-machine-for-wrought-iron-with-factory-price","status":"publish","type":"product","link":"https:\/\/zzlcmachinery.com\/fr\/produit\/machine-de-fabrication-de-bobines-electriques-en-metal-pour-fer-forge-avec-prix-dusine\/","title":{"rendered":"Bobine de fer \u00e9lectrique en m\u00e9tal chaud faisant la machine pour le fer forg\u00e9 avec le prix d&#039;usine"},"content":{"rendered":"","protected":false},"excerpt":{"rendered":"<p>LC-DDG12A Machine de fabrication de bobines \u00e9lectriques en m\u00e9tal chaud pour fer forg\u00e9 avec prix d&#039;usine forme de queue) de diff\u00e9rentes sp\u00e9cifications peut \u00eatre \u00e9troitement enroul\u00e9 dans une bobine de m\u00e9tal pour former une forme comme une \u00e9tamine \u00e9troitement envelopp\u00e9e, ce qui am\u00e9liore consid\u00e9rablement la forme artistique \u00e9l\u00e9gante du traitement des m\u00e9taux. , c&#039;est une machine indispensable et importante dans la cha\u00eene de production europ\u00e9enne de traitement du fer,<br \/>\nCette machine n&#039;a qu&#039;un ensemble de moules gratuits envoy\u00e9s avec la machine.<br \/>\nEn utilisant le contr\u00f4le automatique du programme, le r\u00e9glage est simple, l&#039;op\u00e9ration est facile et le produit est form\u00e9 en une seule fois, ce qui am\u00e9liore consid\u00e9rablement l&#039;efficacit\u00e9 du travail.<br \/>\nService en ligne 24 heures sur 24, faites-nous savoir si vous avez des questions!<br \/>\n<strong>PARAM\u00c8TRE TECHNIQUE<br \/>\n<\/strong><strong>Mod\u00e8le :LC-DDG12A<br \/>\nCapacit\u00e9 de travail maximale\u00a0:<\/strong> Fer plat :12x4mm-50x8mm<br \/>\nAcier carr\u00e9 \u226412x12mm<br \/>\n<strong>Pouvoir:<\/strong> 3.5KW<br \/>\n<strong>tension:<\/strong>\u00a0220V\/380V\/415V<br \/>\n<strong>Dimension d&#039;emballage :<\/strong> 1340\u00d7830\u00d71400mm<br \/>\n<strong>NO (kg):<\/strong> 436\u00a0 \u00a0 \u00a0 <strong>GW (kg):<\/strong> 486<\/p>","protected":false},"featured_media":591,"template":"","meta":{"_kad_post_transparent":"default","_kad_post_title":"","_kad_post_layout":"default","_kad_post_sidebar_id":"","_kad_post_content_style":"default","_kad_post_vertical_padding":"default","_kad_post_feature":"","_kad_post_feature_position":"","_kad_post_header":false,"_kad_post_footer":false},"product_brand":[],"product_cat":[25,29],"product_tag":[125,126,127,124,111],"class_list":{"0":"post-586","1":"product","2":"type-product","3":"status-publish","4":"has-post-thumbnail","6":"product_cat-electric-make-coil-machine-for-metal-craft","7":"product_cat-electric-wrought-iron-processing-machine","8":"product_tag-automatic-blacksmith-wrought-iron-coil-making-machine","9":"product_tag-electric-coil-making-machine-manufacturers-suppliers","10":"product_tag-electric-iron-worker-machine","11":"product_tag-metal-craft-steel-coil-rolling-machine","12":"product_tag-wrought-iron-machine","14":"first","15":"instock","16":"shipping-taxable","17":"product-type-simple","18":"entry","19":"content-bg","20":"loop-entry"},"_links":{"self":[{"href":"https:\/\/zzlcmachinery.com\/fr\/wp-json\/wp\/v2\/product\/586","targetHints":{"allow":["GET"]}}],"collection":[{"href":"https:\/\/zzlcmachinery.com\/fr\/wp-json\/wp\/v2\/product"}],"about":[{"href":"https:\/\/zzlcmachinery.com\/fr\/wp-json\/wp\/v2\/types\/product"}],"version-history":[{"count":0,"href":"https:\/\/zzlcmachinery.com\/fr\/wp-json\/wp\/v2\/product\/586\/revisions"}],"wp:featuredmedia":[{"embeddable":true,"href":"https:\/\/zzlcmachinery.com\/fr\/wp-json\/wp\/v2\/media\/591"}],"wp:attachment":[{"href":"https:\/\/zzlcmachinery.com\/fr\/wp-json\/wp\/v2\/media?parent=586"}],"wp:term":[{"taxonomy":"product_brand","embeddable":true,"href":"https:\/\/zzlcmachinery.com\/fr\/wp-json\/wp\/v2\/product_brand?post=586"},{"taxonomy":"product_cat","embeddable":true,"href":"https:\/\/zzlcmachinery.com\/fr\/wp-json\/wp\/v2\/product_cat?post=586"},{"taxonomy":"product_tag","embeddable":true,"href":"https:\/\/zzlcmachinery.com\/fr\/wp-json\/wp\/v2\/product_tag?post=586"}],"curies":[{"name":"wp","href":"https:\/\/api.w.org\/{rel}","templated":true}]}}