{"id":573,"date":"2022-10-15T19:38:39","date_gmt":"2022-10-15T11:38:39","guid":{"rendered":"https:\/\/zzlcmachinery.com\/?post_type=product&#038;p=573"},"modified":"2022-11-22T16:46:50","modified_gmt":"2022-11-22T08:46:50","slug":"lc-dn25d-program-controlled-metal-twisting-wrought-iron-machine","status":"publish","type":"product","link":"https:\/\/zzlcmachinery.com\/fr\/produit\/lc-dn25d-machine-a-retorder-le-fer-forge-en-metal-commande-par-programme\/","title":{"rendered":"Machine en fer forg\u00e9 \u00e0 torsion en m\u00e9tal contr\u00f4l\u00e9e par programme LC-DN25D"},"content":{"rendered":"","protected":false},"excerpt":{"rendered":"<p>L&#039;avantage le plus important de la machine en fer forg\u00e9 \u00e0 torsion en m\u00e9tal contr\u00f4l\u00e9e par le programme LC-DN25D est qu&#039;elle a non seulement une fonction de torsion, mais peut \u00e9galement traiter des fleurs de cage \u00e0 oiseaux.<br \/>\nLa machine est utilis\u00e9e pour les portes, les fen\u00eatres, les mains courantes et le traitement des m\u00e9taux en fer de style europ\u00e9en. Les mat\u00e9riaux de traitement comprennent le fer plat, l&#039;acier rond et l&#039;acier carr\u00e9 de tailles communes internationales. La machine a d\u00e9j\u00e0 d\u00e9fini le programme de traitement et les clients peuvent \u00e9galement modifier leurs propres programmes. installation.<br \/>\nLa machine donnera 13 jeux de moules gratuits au hasard, et un nouveau moule peut \u00eatre remplac\u00e9 en 5 minutes.<\/p>\n<p>Les torsions d&#039;une longueur de 200 \u00e0 800 mm peuvent \u00eatre torsad\u00e9es, et celles d&#039;une longueur sup\u00e9rieure \u00e0 800 mm peuvent \u00eatre torsad\u00e9es en sections. grande productivit\u00e9.<\/p>\n<p>Service en ligne 24 heures sur 24, faites-nous savoir si vous avez des questions!<br \/>\n<strong>PARAM\u00c8TRE TECHNIQUE<br \/>\n<\/strong><strong>Mod\u00e8le :LC-DN25C<br \/>\nCapacit\u00e9 de travail maximale\u00a0:<\/strong> Longueur\u2264200-800 mm<br \/>\n<strong>Acier carr\u00e9<\/strong> \u226425\u00d725 millim\u00e8tres<br \/>\n<strong>Fer plat<\/strong> \u226430x8mm<br \/>\n<strong>Pouvoir:<\/strong> 4KW<br \/>\n<strong>Pour les matrices gratuites :<\/strong>6 ensembles de matrices en acier carr\u00e9es, 3 ensembles de matrices en fer plat<br \/>\n<strong>tension:<\/strong>\u00a0220V\/380V\/415V<br \/>\n<strong>Dimension d&#039;emballage :<\/strong> 1400\u00d7620\u00d71100mm<br \/>\n<strong>NO (kg):<\/strong> 550\u00a0 \u00a0 \u00a0 <strong>GW (kg):<\/strong> 600<\/p>","protected":false},"featured_media":583,"template":"","meta":{"_kad_post_transparent":"default","_kad_post_title":"","_kad_post_layout":"default","_kad_post_sidebar_id":"","_kad_post_content_style":"default","_kad_post_vertical_padding":"default","_kad_post_feature":"","_kad_post_feature_position":"","_kad_post_header":false,"_kad_post_footer":false},"product_brand":[],"product_cat":[20,29],"product_tag":[122,123,121,119,120,115,114,116,117,118,111],"class_list":{"0":"post-573","1":"product","2":"type-product","3":"status-publish","4":"has-post-thumbnail","6":"product_cat-wrought-iron-twisting-machine","7":"product_cat-electric-wrought-iron-processing-machine","8":"product_tag-basket-flower-making-machine-for-wrought-iron","9":"product_tag-basket-twister-machine","10":"product_tag-buy-iron-twisting-machine-at-best-price","11":"product_tag-electric-wrought-iron-square-bar-twisting-machine","12":"product_tag-finished-product-of-metal-twister","13":"product_tag-lanchen-wrought-iron-machine-for-twist-square-steel-and-flat-iron","14":"product_tag-lc-dn25d-program-controlled-metal-twisting-wrought-iron-machine","15":"product_tag-metal-twisting-machine-for-sale","16":"product_tag-metal-twisting-wrought-iron-machine","17":"product_tag-twisting-mchine-for-metal-craft-precessing","18":"product_tag-wrought-iron-machine","20":"first","21":"instock","22":"shipping-taxable","23":"product-type-simple","24":"entry","25":"content-bg","26":"loop-entry"},"_links":{"self":[{"href":"https:\/\/zzlcmachinery.com\/fr\/wp-json\/wp\/v2\/product\/573","targetHints":{"allow":["GET"]}}],"collection":[{"href":"https:\/\/zzlcmachinery.com\/fr\/wp-json\/wp\/v2\/product"}],"about":[{"href":"https:\/\/zzlcmachinery.com\/fr\/wp-json\/wp\/v2\/types\/product"}],"version-history":[{"count":0,"href":"https:\/\/zzlcmachinery.com\/fr\/wp-json\/wp\/v2\/product\/573\/revisions"}],"wp:featuredmedia":[{"embeddable":true,"href":"https:\/\/zzlcmachinery.com\/fr\/wp-json\/wp\/v2\/media\/583"}],"wp:attachment":[{"href":"https:\/\/zzlcmachinery.com\/fr\/wp-json\/wp\/v2\/media?parent=573"}],"wp:term":[{"taxonomy":"product_brand","embeddable":true,"href":"https:\/\/zzlcmachinery.com\/fr\/wp-json\/wp\/v2\/product_brand?post=573"},{"taxonomy":"product_cat","embeddable":true,"href":"https:\/\/zzlcmachinery.com\/fr\/wp-json\/wp\/v2\/product_cat?post=573"},{"taxonomy":"product_tag","embeddable":true,"href":"https:\/\/zzlcmachinery.com\/fr\/wp-json\/wp\/v2\/product_tag?post=573"}],"curies":[{"name":"wp","href":"https:\/\/api.w.org\/{rel}","templated":true}]}}