{"id":552,"date":"2022-09-26T18:37:04","date_gmt":"2022-09-26T10:37:04","guid":{"rendered":"https:\/\/zzlcmachinery.com\/?post_type=product&#038;p=552"},"modified":"2022-11-22T16:42:46","modified_gmt":"2022-11-22T08:42:46","slug":"lc-dn25c-metal-processing-equipment-steel-bar-twisting-machine-for-wrought-iron","status":"publish","type":"product","link":"https:\/\/zzlcmachinery.com\/fr\/produit\/lc-dn25c-metal-processing-equipment-steel-bar-twisting-machine-for-wrought-iron\/","title":{"rendered":"Machine de torsion de barre d&#039;acier d&#039;\u00e9quipement de traitement en m\u00e9tal de LC-DN25C pour le fer forg\u00e9"},"content":{"rendered":"","protected":false},"excerpt":{"rendered":"<p>Machine de torsion de barres d&#039;acier pour \u00e9quipement de traitement des m\u00e9taux LC-DN25C pour le fer forg\u00e9 principalement utilis\u00e9e pour le traitement des m\u00e9taux en fer, tels que le fer plat, l&#039;acier rond, l&#039;acier carr\u00e9, la machine a des fonctions de r\u00e9glage manuel et de traitement de r\u00e9p\u00e9tition automatique, ce qui peut assurer l&#039;uniformit\u00e9 du traitement du produit , r\u00e9duire le temps de travail et l&#039;intensit\u00e9 du travail, il est simple de faire le traitement des m\u00e9taux des m\u00eames sp\u00e9cifications par lots.<br \/>\nVitesse de broche uniforme, flexion grossi\u00e8re et garantir que le profil plus petit et la machine peuvent exercer leur capacit\u00e9 de travail maximale. La machine de torsion donne au hasard 9 ensembles de moules gratuits, et 5 minutes suffisent pour remplacer un nouveau moule. La capacit\u00e9 de traitement maximale de la machine de torsion matel est de 25 x 25 mm en acier carr\u00e9, 30 x 8 mm en fer plat.<br \/>\nLa torsion d&#039;une longueur de 200 \u00e0 800 mm peut \u00eatre tordue, et celles d&#039;une longueur sup\u00e9rieure \u00e0 800 mm peuvent \u00eatre tordues en sections. Efficacit\u00e9 de production \u00e9lev\u00e9e, 600 pi\u00e8ces d&#039;acier carr\u00e9 de 12x12 mm peuvent \u00eatre tordues par heure.<br \/>\nService en ligne 24 heures sur 24, faites-nous savoir si vous avez des questions!<br \/>\n<strong>PARAM\u00c8TRE TECHNIQUE<br \/>\n<\/strong><strong>Mod\u00e8le :LC-DN25C<br \/>\nCapacit\u00e9 de travail maximale\u00a0:<\/strong> Longueur\u2264200-800 mm<br \/>\n<strong>Acier carr\u00e9<\/strong> \u226425\u00d725 millim\u00e8tres<br \/>\n<strong>Fer plat<\/strong> \u226430x8mm<br \/>\n<strong>Pouvoir:<\/strong> 4KW<br \/>\n<strong>Pour les matrices gratuites :<\/strong>6 ensembles de matrices en acier carr\u00e9es, 3 ensembles de matrices en fer plat<br \/>\n<strong>tension:<\/strong>\u00a0220V\/380V\/415V<br \/>\n<strong>Dimension d&#039;emballage :<\/strong> 1400\u00d7620\u00d71100mm<br \/>\n<strong>NO (kg):<\/strong> 550\u00a0 \u00a0 \u00a0 <strong>GW (kg):<\/strong> 600<\/p>","protected":false},"featured_media":572,"template":"","meta":{"_kad_post_transparent":"default","_kad_post_title":"","_kad_post_layout":"default","_kad_post_sidebar_id":"","_kad_post_content_style":"default","_kad_post_vertical_padding":"default","_kad_post_feature":"","_kad_post_feature_position":"","_kad_post_header":false,"_kad_post_footer":false},"product_brand":[],"product_cat":[20,29],"product_tag":[113,112,107,108,109,110,111,106],"class_list":{"0":"post-552","1":"product","2":"type-product","3":"status-publish","4":"has-post-thumbnail","6":"product_cat-wrought-iron-twisting-machine","7":"product_cat-electric-wrought-iron-processing-machine","8":"product_tag-basket-iron-metal-twisting-machine","9":"product_tag-electric-twist-machine","10":"product_tag-electric-wrought-iron-end-folding-machine-for-sale","11":"product_tag-iron-bar-twisting-machine","12":"product_tag-torsion-and-twisting-machine","13":"product_tag-twisting-bending-machine","14":"product_tag-wrought-iron-machine","15":"product_tag-wrought-iron-picket-basket-twister-machine","17":"first","18":"instock","19":"shipping-taxable","20":"product-type-simple","21":"entry","22":"content-bg","23":"loop-entry"},"_links":{"self":[{"href":"https:\/\/zzlcmachinery.com\/fr\/wp-json\/wp\/v2\/product\/552","targetHints":{"allow":["GET"]}}],"collection":[{"href":"https:\/\/zzlcmachinery.com\/fr\/wp-json\/wp\/v2\/product"}],"about":[{"href":"https:\/\/zzlcmachinery.com\/fr\/wp-json\/wp\/v2\/types\/product"}],"version-history":[{"count":0,"href":"https:\/\/zzlcmachinery.com\/fr\/wp-json\/wp\/v2\/product\/552\/revisions"}],"wp:featuredmedia":[{"embeddable":true,"href":"https:\/\/zzlcmachinery.com\/fr\/wp-json\/wp\/v2\/media\/572"}],"wp:attachment":[{"href":"https:\/\/zzlcmachinery.com\/fr\/wp-json\/wp\/v2\/media?parent=552"}],"wp:term":[{"taxonomy":"product_brand","embeddable":true,"href":"https:\/\/zzlcmachinery.com\/fr\/wp-json\/wp\/v2\/product_brand?post=552"},{"taxonomy":"product_cat","embeddable":true,"href":"https:\/\/zzlcmachinery.com\/fr\/wp-json\/wp\/v2\/product_cat?post=552"},{"taxonomy":"product_tag","embeddable":true,"href":"https:\/\/zzlcmachinery.com\/fr\/wp-json\/wp\/v2\/product_tag?post=552"}],"curies":[{"name":"wp","href":"https:\/\/api.w.org\/{rel}","templated":true}]}}