{"id":491,"date":"2022-09-18T23:48:30","date_gmt":"2022-09-18T15:48:30","guid":{"rendered":"https:\/\/zzlcmachinery.com\/?post_type=product&#038;p=491"},"modified":"2022-11-22T16:09:22","modified_gmt":"2022-11-22T08:09:22","slug":"lc-f3-decorative-automatic-blacksmith-fishtail-making-machine-for-sale","status":"publish","type":"product","link":"https:\/\/zzlcmachinery.com\/fr\/produit\/lc-f3-decorative-automatic-blacksmith-fishtail-making-machine-for-sale\/","title":{"rendered":"Queue de poisson de forgeron automatique d\u00e9corative de LC-F3 faisant la machine \u00e0 vendre"},"content":{"rendered":"","protected":false},"excerpt":{"rendered":"<p>LC-F3 Machine de fabrication de queue de poisson de forgeron automatique d\u00e9corative \u00e0 vendre, Cette machine peut \u00eatre directement utilis\u00e9e pour traiter le fer plat, l&#039;acier rond et l&#039;acier carr\u00e9, sans qu&#039;il soit n\u00e9cessaire d&#039;aplatir le mat\u00e9riau, car le produit trait\u00e9 est similaire \u00e0 la queue d&#039;un poisson, on l&#039;appelle donc machine \u00e0 fabriquer des queues de poisson. Cette machine de traitement en queue de poisson est \u00e9quip\u00e9e d&#039;un r\u00e9ducteur cyclone, qui a un couple important. Un mode sp\u00e9cial de transmission du couple entre la bo\u00eete de vitesses et la zone de travail. Assurer le bon fonctionnement et la fiabilit\u00e9 des machines. La machine dispose d&#039;un dispositif de positionnement d&#039;\u00e9trier et la longueur d&#039;alimentation peut \u00eatre r\u00e9gl\u00e9e selon les besoins. Il peut fabriquer 300 queues de poisson 8x40mm par heure, et l&#039;efficacit\u00e9 de production \u00e9lev\u00e9e cr\u00e9e les conditions n\u00e9cessaires \u00e0 la production de masse de portes et fen\u00eatres.<br \/>\nService en ligne 24 heures sur 24, faites-nous savoir si vous avez des questions!<br \/>\n<strong>PARAM\u00c8TRE TECHNIQUE<br \/>\n<\/strong><strong>Mod\u00e8le :LC-F3<br \/>\nFer plat :<\/strong> \u22648\u00d750mm<br \/>\n<strong>Acier rond:<\/strong> \u03c616mm<br \/>\n<strong>Acier carr\u00e9 :<\/strong> \u226416\u00d716mm<br \/>\n<strong>Pouvoir:<\/strong> 2.2KW<br \/>\n<strong>tension:<\/strong>\u00a0220V\/380V\/415V<br \/>\n<strong>Dimension d&#039;emballage :<\/strong> 1165\u00d7560\u00d71100mm<br \/>\n<strong>NO (kg):<\/strong> 350<br \/>\n<strong>GW (kg):<\/strong> 400<\/p>","protected":false},"featured_media":507,"template":"","meta":{"_kad_post_transparent":"default","_kad_post_title":"","_kad_post_layout":"default","_kad_post_sidebar_id":"","_kad_post_content_style":"default","_kad_post_vertical_padding":"default","_kad_post_feature":"","_kad_post_feature_position":"","_kad_post_header":false,"_kad_post_footer":false},"product_brand":[],"product_cat":[29,24],"product_tag":[79,80,82,81,83,84],"class_list":{"0":"post-491","1":"product","2":"type-product","3":"status-publish","4":"has-post-thumbnail","6":"product_cat-electric-wrought-iron-processing-machine","7":"product_cat-wrought-iron-fishtail-forging-machine","8":"product_tag-blacksmith-rolling-mill-for-sale","9":"product_tag-fishtail-end-forging-machine","10":"product_tag-fishtail-machine","11":"product_tag-fishtail-machine-manufacturer-supplier","12":"product_tag-hot-roll-fishtail-mill-machine","13":"product_tag-wrought-iron-forging-fishtail-making-machine","15":"first","16":"instock","17":"shipping-taxable","18":"product-type-simple","19":"entry","20":"content-bg","21":"loop-entry"},"_links":{"self":[{"href":"https:\/\/zzlcmachinery.com\/fr\/wp-json\/wp\/v2\/product\/491","targetHints":{"allow":["GET"]}}],"collection":[{"href":"https:\/\/zzlcmachinery.com\/fr\/wp-json\/wp\/v2\/product"}],"about":[{"href":"https:\/\/zzlcmachinery.com\/fr\/wp-json\/wp\/v2\/types\/product"}],"version-history":[{"count":0,"href":"https:\/\/zzlcmachinery.com\/fr\/wp-json\/wp\/v2\/product\/491\/revisions"}],"wp:featuredmedia":[{"embeddable":true,"href":"https:\/\/zzlcmachinery.com\/fr\/wp-json\/wp\/v2\/media\/507"}],"wp:attachment":[{"href":"https:\/\/zzlcmachinery.com\/fr\/wp-json\/wp\/v2\/media?parent=491"}],"wp:term":[{"taxonomy":"product_brand","embeddable":true,"href":"https:\/\/zzlcmachinery.com\/fr\/wp-json\/wp\/v2\/product_brand?post=491"},{"taxonomy":"product_cat","embeddable":true,"href":"https:\/\/zzlcmachinery.com\/fr\/wp-json\/wp\/v2\/product_cat?post=491"},{"taxonomy":"product_tag","embeddable":true,"href":"https:\/\/zzlcmachinery.com\/fr\/wp-json\/wp\/v2\/product_tag?post=491"}],"curies":[{"name":"wp","href":"https:\/\/api.w.org\/{rel}","templated":true}]}}