{"id":476,"date":"2022-09-18T16:47:50","date_gmt":"2022-09-18T08:47:50","guid":{"rendered":"https:\/\/zzlcmachinery.com\/?post_type=product&#038;p=476"},"modified":"2022-11-22T16:06:50","modified_gmt":"2022-11-22T08:06:50","slug":"lc-dw16d-wrought-iron-metal-scroll-bender-automatic-scroll-bending-machine-for-processing-gate-and-windows","status":"publish","type":"product","link":"https:\/\/zzlcmachinery.com\/fr\/produit\/lc-dw16d-wrought-iron-metal-scroll-bender-automatic-scroll-bending-machine-for-processing-gate-and-windows\/","title":{"rendered":"Machine \u00e0 cintrer automatique de d\u00e9filement de cintreuse de rouleau en m\u00e9tal de fer forg\u00e9 de LC-DW16D pour traiter la porte et les fen\u00eatres"},"content":{"rendered":"","protected":false},"excerpt":{"rendered":"<p>Cette machine \u00e0 cintrer les rouleaux automatique en fer forg\u00e9 LC-DW16D pour le traitement des portails et des fen\u00eatres est tr\u00e8s appropri\u00e9e pour les bose qui exploitent un atelier de forgeron ou une institution de formation pour d\u00e9butants en traitement des m\u00e9taux de style europ\u00e9en. Cette machine est livr\u00e9e avec 9 ensembles de moules gratuits. , dont 6 ensembles de matrices sont utilis\u00e9s pour plier les mod\u00e8les &quot;C&quot;, &quot;P&quot;, &quot;S&quot; de diff\u00e9rentes tailles, et les 3 autres ensembles de moules sont utilis\u00e9s pour le traitement de mod\u00e8les de forme sp\u00e9ciale, tels que les arcs courbes, les coins courbes , redress\u00e9s, petits cercles incurv\u00e9s par lots, etc.<br \/>\nService en ligne 24 heures sur 24, en attente de votre demande!<br \/>\n<strong>PARAM\u00c8TRE TECHNIQUE<br \/>\n<\/strong><strong>Mod\u00e8le :LC-DW16D<br \/>\nFer plat :<\/strong> \u22648\u00d750mm<br \/>\n<strong>Acier rond:<\/strong> \u03c616mm<br \/>\n<strong>Acier carr\u00e9 :<\/strong> \u226416\u00d716mm<br \/>\n<strong>Vitesse de roulement\u00a0:<\/strong> 500 pi\u00e8ces\/H<br \/>\n<strong>Pouvoir:<\/strong> 2.2KW<br \/>\n<strong>tension:<\/strong>\u00a0220V\/380V\/415V<br \/>\n<strong>Dimension d&#039;emballage :<\/strong> 1000\u00d7700\u00d71200mm<br \/>\n<strong>NO (kg):<\/strong> 420<br \/>\n<strong>GW (kg):<\/strong> 450<\/p>","protected":false},"featured_media":478,"template":"","meta":{"_kad_post_transparent":"default","_kad_post_title":"","_kad_post_layout":"default","_kad_post_sidebar_id":"","_kad_post_content_style":"default","_kad_post_vertical_padding":"default","_kad_post_feature":"","_kad_post_feature_position":"","_kad_post_header":false,"_kad_post_footer":false},"product_brand":[],"product_cat":[29,27],"product_tag":[68,64,65,66,67,51],"class_list":{"0":"post-476","1":"product","2":"type-product","3":"status-publish","4":"has-post-thumbnail","6":"product_cat-electric-wrought-iron-processing-machine","7":"product_cat-electric-scroll-bending-machine","8":"product_tag-3-special-shaped-device-molds-for-electric-scroll-bending-machine","9":"product_tag-electric-metal-bender-for-sale","10":"product_tag-induction-forge-for-sale","11":"product_tag-metal-roller-bender-for-sale","12":"product_tag-scroll-bender","13":"product_tag-wrought-iron-bending-machine","15":"first","16":"instock","17":"shipping-taxable","18":"product-type-simple","19":"entry","20":"content-bg","21":"loop-entry"},"_links":{"self":[{"href":"https:\/\/zzlcmachinery.com\/fr\/wp-json\/wp\/v2\/product\/476","targetHints":{"allow":["GET"]}}],"collection":[{"href":"https:\/\/zzlcmachinery.com\/fr\/wp-json\/wp\/v2\/product"}],"about":[{"href":"https:\/\/zzlcmachinery.com\/fr\/wp-json\/wp\/v2\/types\/product"}],"version-history":[{"count":0,"href":"https:\/\/zzlcmachinery.com\/fr\/wp-json\/wp\/v2\/product\/476\/revisions"}],"wp:featuredmedia":[{"embeddable":true,"href":"https:\/\/zzlcmachinery.com\/fr\/wp-json\/wp\/v2\/media\/478"}],"wp:attachment":[{"href":"https:\/\/zzlcmachinery.com\/fr\/wp-json\/wp\/v2\/media?parent=476"}],"wp:term":[{"taxonomy":"product_brand","embeddable":true,"href":"https:\/\/zzlcmachinery.com\/fr\/wp-json\/wp\/v2\/product_brand?post=476"},{"taxonomy":"product_cat","embeddable":true,"href":"https:\/\/zzlcmachinery.com\/fr\/wp-json\/wp\/v2\/product_cat?post=476"},{"taxonomy":"product_tag","embeddable":true,"href":"https:\/\/zzlcmachinery.com\/fr\/wp-json\/wp\/v2\/product_tag?post=476"}],"curies":[{"name":"wp","href":"https:\/\/api.w.org\/{rel}","templated":true}]}}