{"id":456,"date":"2022-09-16T14:18:00","date_gmt":"2022-09-16T06:18:00","guid":{"rendered":"https:\/\/zzlcmachinery.com\/?post_type=product&#038;p=456"},"modified":"2022-09-21T21:59:14","modified_gmt":"2022-09-21T13:59:14","slug":"lc-dl60c-metal-tube-wrought-iron-cold-rolling-embossing-machine-for-sale","status":"publish","type":"product","link":"https:\/\/zzlcmachinery.com\/fr\/produit\/lc-dl60c-metal-tube-wrought-iron-cold-rolling-embossing-machine-for-sale\/","title":{"rendered":"Machine de gaufrage \u00e0 froid de laminage \u00e0 froid de tube en m\u00e9tal de LC-DL60C \u00e0 vendre"},"content":{"rendered":"","protected":false},"excerpt":{"rendered":"<p>Cette machine de gaufrage \u00e0 froid en fer forg\u00e9 pour tube m\u00e9tallique LC-DL60C \u00e0 vendre est un \u00e9quipement professionnel pour le laminage \u00e0 froid ou le forgeage de mat\u00e9riaux m\u00e9talliques. La fonction la plus importante de cette machine est qu&#039;elle peut traiter les tubes de main courante d&#039;escalier et transformer un tube rond ordinaire en main courante d&#039;escalier en d\u00e9formant le tube rond. forme, al\u00e9atoire 2 ensembles de moules gratuits pour rampes d&#039;escalier et 15 ensembles d&#039;autres moules gratuits (moules pour fer plat, acier carr\u00e9, acier rond, mat\u00e9riaux de tube carr\u00e9), nous fournissons un service de moule personnalis\u00e9 gratuit, dans l&#039;attente de votre demande!<br \/>\n<strong>PARAM\u00c8TRE TECHNIQUE<br \/>\n<\/strong><strong>Mod\u00e8le : LC-DL60C<\/strong><br \/>\n<strong>Fer plat :<\/strong>\u00a0\u226410\u00d760mm<br \/>\n<strong>Acier carr\u00e9 :<\/strong>\u00a0\u226425\u00d725mm<br \/>\n<strong>Tube carr\u00e9\u00a0:<\/strong>\u00a0\u226460\u00d760mm<br \/>\n<strong>Vitesse de roulement\u00a0:<\/strong> 308 M\/H<br \/>\n<strong>Pouvoir:<\/strong> 7.5KW<br \/>\n<strong>tension:<\/strong> 220V\/380V\/415V 50HZ<br \/>\n<strong>Dimension d&#039;emballage :<\/strong>\u00a01900\u00d7710\u00d71420mm<br \/>\n<strong>NO (kg):<\/strong> 1310<br \/>\n<strong>GW (kg):<\/strong> 1410<\/p>","protected":false},"featured_media":463,"template":"","meta":{"_kad_post_transparent":"default","_kad_post_title":"hide","_kad_post_layout":"fullwidth","_kad_post_sidebar_id":"","_kad_post_content_style":"unboxed","_kad_post_vertical_padding":"hide","_kad_post_feature":"hide","_kad_post_feature_position":"","_kad_post_header":false,"_kad_post_footer":false},"product_brand":[],"product_cat":[29,19],"product_tag":[47,62,61,63,45,60,58,59],"class_list":{"0":"post-456","1":"product","2":"type-product","3":"status-publish","4":"has-post-thumbnail","6":"product_cat-electric-wrought-iron-processing-machine","7":"product_cat-cold-rolling-embossing-machine","8":"product_tag-cold-rolling-embossing-machine","9":"product_tag-electric-wrought-iron-machine","10":"product_tag-iron-ornamental-embossing-machine","11":"product_tag-lc-dl60c-handrail-dies-options-for-round-pipe-embossing-machine","12":"product_tag-steel-pipe-roller-embossing-machine","13":"product_tag-the-round-tube-becomes-a-stair-handrail-after-being-processed-by-the-tube-embossing-machine","14":"product_tag-tube-embossing-machine","15":"product_tag-wrought-iron-cold-rolling-embossing-machine","17":"first","18":"instock","19":"shipping-taxable","20":"product-type-simple","21":"entry","22":"content-bg","23":"loop-entry"},"_links":{"self":[{"href":"https:\/\/zzlcmachinery.com\/fr\/wp-json\/wp\/v2\/product\/456","targetHints":{"allow":["GET"]}}],"collection":[{"href":"https:\/\/zzlcmachinery.com\/fr\/wp-json\/wp\/v2\/product"}],"about":[{"href":"https:\/\/zzlcmachinery.com\/fr\/wp-json\/wp\/v2\/types\/product"}],"version-history":[{"count":0,"href":"https:\/\/zzlcmachinery.com\/fr\/wp-json\/wp\/v2\/product\/456\/revisions"}],"wp:featuredmedia":[{"embeddable":true,"href":"https:\/\/zzlcmachinery.com\/fr\/wp-json\/wp\/v2\/media\/463"}],"wp:attachment":[{"href":"https:\/\/zzlcmachinery.com\/fr\/wp-json\/wp\/v2\/media?parent=456"}],"wp:term":[{"taxonomy":"product_brand","embeddable":true,"href":"https:\/\/zzlcmachinery.com\/fr\/wp-json\/wp\/v2\/product_brand?post=456"},{"taxonomy":"product_cat","embeddable":true,"href":"https:\/\/zzlcmachinery.com\/fr\/wp-json\/wp\/v2\/product_cat?post=456"},{"taxonomy":"product_tag","embeddable":true,"href":"https:\/\/zzlcmachinery.com\/fr\/wp-json\/wp\/v2\/product_tag?post=456"}],"curies":[{"name":"wp","href":"https:\/\/api.w.org\/{rel}","templated":true}]}}