{"id":446,"date":"2022-09-15T15:59:08","date_gmt":"2022-09-15T07:59:08","guid":{"rendered":"https:\/\/zzlcmachinery.com\/?post_type=product&#038;p=446"},"modified":"2022-09-21T21:54:50","modified_gmt":"2022-09-21T13:54:50","slug":"lc-dl60b-metalcraft-automatic-cold-rolling-embossing-machine","status":"publish","type":"product","link":"https:\/\/zzlcmachinery.com\/fr\/produit\/lc-dl60b-metalcraft-automatic-cold-rolling-embossing-machine\/","title":{"rendered":"Machine de gaufrage \u00e0 froid automatique Metalcraft LC-DL60B"},"content":{"rendered":"","protected":false},"excerpt":{"rendered":"<p>La machine de gaufrage \u00e0 froid automatique LC-DL60B Metalcraft est un \u00e9quipement professionnel pour la fabrication d&#039;acier forg\u00e9. Cette machine est un moyen tr\u00e8s rapide d&#039;ajouter de la valeur au mat\u00e9riau en gaufrant et en texturant les surfaces m\u00e9talliques. Il peut transformer l&#039;acier plat ordinaire, l&#039;acier carr\u00e9, le tube carr\u00e9 et la barre ronde en divers mat\u00e9riaux de forgeage en changeant diff\u00e9rentes matrices.Laisser les clients ma\u00eetriser rapidement l&#039;utilisation de la machine et occuper le march\u00e9 local est la cl\u00e9 en or pour cr\u00e9er de la richesse.<br \/>\n<strong>PARAM\u00c8TRE TECHNIQUE<br \/>\n<\/strong><strong>Mod\u00e8le : LC-DL60B<\/strong><br \/>\n<strong>Fer plat :<\/strong>\u00a0\u226410\u00d760mm<br \/>\n<strong>Acier carr\u00e9 :<\/strong>\u00a0\u226425\u00d725mm<br \/>\n<strong>Tube carr\u00e9\u00a0:<\/strong>\u00a0\u226460\u00d760mm<br \/>\n<strong>Vitesse de roulement\u00a0:<\/strong> 1-408M\/H<br \/>\n<strong>Pouvoir:<\/strong> 7.5KW<br \/>\n<strong>tension:<\/strong> 220V\/380V\/415V 50HZ<br \/>\n<strong>Dimension d&#039;emballage :<\/strong>\u00a01900\u00d7710\u00d71420mm<br \/>\n<strong>NO (kg):<\/strong> 1180<br \/>\n<strong>GW (kg):<\/strong> 1300<\/p>","protected":false},"featured_media":453,"template":"","meta":{"_kad_post_transparent":"default","_kad_post_title":"hide","_kad_post_layout":"fullwidth","_kad_post_sidebar_id":"","_kad_post_content_style":"unboxed","_kad_post_vertical_padding":"hide","_kad_post_feature":"hide","_kad_post_feature_position":"","_kad_post_header":false,"_kad_post_footer":false},"product_brand":[],"product_cat":[29,19],"product_tag":[56,55,57,54,53],"class_list":{"0":"post-446","1":"product","2":"type-product","3":"status-publish","4":"has-post-thumbnail","6":"product_cat-electric-wrought-iron-processing-machine","7":"product_cat-cold-rolling-embossing-machine","8":"product_tag-black-smith-ornamental-iron-machine","9":"product_tag-cold-rolling-embossing-machine-in-china","10":"product_tag-metal-cold-embossing-machine-adjustable-processing-speed","11":"product_tag-roller-embosser-machine-for-sale","12":"product_tag-wrought-iron-machine-for-iron-work","14":"first","15":"instock","16":"shipping-taxable","17":"product-type-simple","18":"entry","19":"content-bg","20":"loop-entry"},"_links":{"self":[{"href":"https:\/\/zzlcmachinery.com\/fr\/wp-json\/wp\/v2\/product\/446","targetHints":{"allow":["GET"]}}],"collection":[{"href":"https:\/\/zzlcmachinery.com\/fr\/wp-json\/wp\/v2\/product"}],"about":[{"href":"https:\/\/zzlcmachinery.com\/fr\/wp-json\/wp\/v2\/types\/product"}],"version-history":[{"count":0,"href":"https:\/\/zzlcmachinery.com\/fr\/wp-json\/wp\/v2\/product\/446\/revisions"}],"wp:featuredmedia":[{"embeddable":true,"href":"https:\/\/zzlcmachinery.com\/fr\/wp-json\/wp\/v2\/media\/453"}],"wp:attachment":[{"href":"https:\/\/zzlcmachinery.com\/fr\/wp-json\/wp\/v2\/media?parent=446"}],"wp:term":[{"taxonomy":"product_brand","embeddable":true,"href":"https:\/\/zzlcmachinery.com\/fr\/wp-json\/wp\/v2\/product_brand?post=446"},{"taxonomy":"product_cat","embeddable":true,"href":"https:\/\/zzlcmachinery.com\/fr\/wp-json\/wp\/v2\/product_cat?post=446"},{"taxonomy":"product_tag","embeddable":true,"href":"https:\/\/zzlcmachinery.com\/fr\/wp-json\/wp\/v2\/product_tag?post=446"}],"curies":[{"name":"wp","href":"https:\/\/api.w.org\/{rel}","templated":true}]}}