{"id":433,"date":"2022-09-14T17:37:52","date_gmt":"2022-09-14T09:37:52","guid":{"rendered":"https:\/\/zzlcmachinery.com\/?post_type=product&#038;p=433"},"modified":"2022-11-22T16:02:54","modified_gmt":"2022-11-22T08:02:54","slug":"lc-dw16c-electric-scroll-bending-machine-wrought-iron-machine","status":"publish","type":"product","link":"https:\/\/zzlcmachinery.com\/fr\/produit\/lc-dw16c-electric-scroll-bending-machine-wrought-iron-machine\/","title":{"rendered":"LC-DW16C Machine \u00e0 cintrer \u00e9lectrique en fer forg\u00e9"},"content":{"rendered":"","protected":false},"excerpt":{"rendered":"<p>Cette machine \u00e0 cintrer \u00e9lectrique en fer forg\u00e9 LC-DW16C convient \u00e0 la fabrication de portails, de cl\u00f4tures et d&#039;escaliers en fer. Cette machine peut traiter divers moules \u00e0 motifs, prend en charge des moules personnalis\u00e9s et comprend 6 ensembles de moules \u00e0 courroie al\u00e9atoires lors de la livraison. Il a des fonctions puissantes et peut plier diverses sp\u00e9cifications de mod\u00e8les &quot;C&quot;, &quot;P&quot;, &quot;S&quot;. Il convient au traitement de mod\u00e8les de produits de diff\u00e9rentes tailles. Si vous avez des questions, vous pouvez nous laisser un message !<br \/>\n<strong>PARAM\u00c8TRE TECHNIQUE<br \/>\n<\/strong><strong>Mod\u00e8le :LC-DW16C<br \/>\nFer plat :<\/strong> \u22648\u00d750mm<br \/>\n<strong>Acier rond:<\/strong> \u03c616mm<br \/>\n<strong>Acier carr\u00e9 :<\/strong> \u226416\u00d716mm<br \/>\n<strong>Vitesse de roulement\u00a0:<\/strong>\u00a0380M\/H<br \/>\n<strong>Pouvoir:<\/strong> 2.2KW<br \/>\n<strong>tension:<\/strong>\u00a0220V\/380V\/415V<br \/>\n<strong>Dimension d&#039;emballage :<\/strong> 1000\u00d7700\u00d71200mm<br \/>\n<strong>NO (kg):<\/strong> 310<br \/>\n<strong>GW (kg):<\/strong> 370<\/p>","protected":false},"featured_media":435,"template":"","meta":{"_kad_post_transparent":"default","_kad_post_title":"","_kad_post_layout":"default","_kad_post_sidebar_id":"","_kad_post_content_style":"default","_kad_post_vertical_padding":"default","_kad_post_feature":"","_kad_post_feature_position":"","_kad_post_header":false,"_kad_post_footer":false},"product_brand":[],"product_cat":[29,27],"product_tag":[49,52,51,50],"class_list":{"0":"post-433","1":"product","2":"type-product","3":"status-publish","4":"has-post-thumbnail","6":"product_cat-electric-wrought-iron-processing-machine","7":"product_cat-electric-scroll-bending-machine","8":"product_tag-electric-scroll-bending-machine","9":"product_tag-wrought-iron-bender","10":"product_tag-wrought-iron-bending-machine","11":"product_tag-wrought-iron-processing-machine","13":"first","14":"instock","15":"shipping-taxable","16":"product-type-simple","17":"entry","18":"content-bg","19":"loop-entry"},"_links":{"self":[{"href":"https:\/\/zzlcmachinery.com\/fr\/wp-json\/wp\/v2\/product\/433","targetHints":{"allow":["GET"]}}],"collection":[{"href":"https:\/\/zzlcmachinery.com\/fr\/wp-json\/wp\/v2\/product"}],"about":[{"href":"https:\/\/zzlcmachinery.com\/fr\/wp-json\/wp\/v2\/types\/product"}],"version-history":[{"count":0,"href":"https:\/\/zzlcmachinery.com\/fr\/wp-json\/wp\/v2\/product\/433\/revisions"}],"wp:featuredmedia":[{"embeddable":true,"href":"https:\/\/zzlcmachinery.com\/fr\/wp-json\/wp\/v2\/media\/435"}],"wp:attachment":[{"href":"https:\/\/zzlcmachinery.com\/fr\/wp-json\/wp\/v2\/media?parent=433"}],"wp:term":[{"taxonomy":"product_brand","embeddable":true,"href":"https:\/\/zzlcmachinery.com\/fr\/wp-json\/wp\/v2\/product_brand?post=433"},{"taxonomy":"product_cat","embeddable":true,"href":"https:\/\/zzlcmachinery.com\/fr\/wp-json\/wp\/v2\/product_cat?post=433"},{"taxonomy":"product_tag","embeddable":true,"href":"https:\/\/zzlcmachinery.com\/fr\/wp-json\/wp\/v2\/product_tag?post=433"}],"curies":[{"name":"wp","href":"https:\/\/api.w.org\/{rel}","templated":true}]}}