{"id":389,"date":"2022-08-29T23:20:10","date_gmt":"2022-08-29T15:20:10","guid":{"rendered":"https:\/\/zzlcmachinery.com\/?post_type=product&#038;p=389"},"modified":"2022-12-02T18:43:20","modified_gmt":"2022-12-02T10:43:20","slug":"hydraulic-cold-rolling-metal-wrought-iron-embossing-machine","status":"publish","type":"product","link":"https:\/\/zzlcmachinery.com\/fr\/produit\/hydraulic-cold-rolling-metal-wrought-iron-embossing-machine\/","title":{"rendered":"Machine de gaufrage hydraulique en fer forg\u00e9 en m\u00e9tal \u00e0 laminage \u00e0 froid"},"content":{"rendered":"","protected":false},"excerpt":{"rendered":"<p>Cette machine de gaufrage hydraulique en fer forg\u00e9 \u00e0 laminage \u00e0 froid est un \u00e9quipement professionnel pour le laminage \u00e0 froid et le forgeage de mat\u00e9riaux. Cette machine peut traiter des mat\u00e9riaux de construction avec des dimensions communes internationales telles que le fer plat, le tube carr\u00e9, l&#039;acier carr\u00e9, le tube rond et l&#039;acier rond.<\/p>\n<p><strong>PARAM\u00c8TRE TECHNIQUE<br \/>\nMod\u00e8le : LC-DL60A<\/strong><br \/>\n<strong>Fer plat :<\/strong>\u00a0\u226410\u00d760mm<br \/>\n<strong>Acier carr\u00e9 :<\/strong>\u00a0\u226425\u00d725mm<br \/>\n<strong>Tube carr\u00e9\u00a0:<\/strong>\u00a0\u226460\u00d760mm<br \/>\n<strong>Vitesse de roulement\u00a0:<\/strong>\u00a0380M\/H<br \/>\n<strong>Pouvoir:<\/strong>\u00a05.5KW<br \/>\n<strong>tension:<\/strong>\u00a0220V\/380V\/415V<br \/>\n<strong>Dimension d&#039;emballage :<\/strong>\u00a01900\u00d7710\u00d71420mm<br \/>\n<strong>NO (kg):<\/strong>\u00a0950<br \/>\n<strong>GW (kg):<\/strong>\u00a01050<\/p>","protected":false},"featured_media":390,"template":"","meta":{"_kad_post_transparent":"default","_kad_post_title":"hide","_kad_post_layout":"fullwidth","_kad_post_sidebar_id":"","_kad_post_content_style":"unboxed","_kad_post_vertical_padding":"hide","_kad_post_feature":"hide","_kad_post_feature_position":"","_kad_post_header":false,"_kad_post_footer":false},"product_brand":[],"product_cat":[29,19],"product_tag":[48,47,46,45,44],"class_list":{"0":"post-389","1":"product","2":"type-product","3":"status-publish","4":"has-post-thumbnail","6":"product_cat-electric-wrought-iron-processing-machine","7":"product_cat-cold-rolling-embossing-machine","8":"product_tag-buy-steel-embossing-machine","9":"product_tag-cold-rolling-embossing-machine","10":"product_tag-roller-embosser-machine","11":"product_tag-steel-pipe-roller-embossing-machine","12":"product_tag-wrought-iron-embossing-machine","14":"first","15":"instock","16":"shipping-taxable","17":"product-type-simple","18":"entry","19":"content-bg","20":"loop-entry"},"_links":{"self":[{"href":"https:\/\/zzlcmachinery.com\/fr\/wp-json\/wp\/v2\/product\/389","targetHints":{"allow":["GET"]}}],"collection":[{"href":"https:\/\/zzlcmachinery.com\/fr\/wp-json\/wp\/v2\/product"}],"about":[{"href":"https:\/\/zzlcmachinery.com\/fr\/wp-json\/wp\/v2\/types\/product"}],"version-history":[{"count":0,"href":"https:\/\/zzlcmachinery.com\/fr\/wp-json\/wp\/v2\/product\/389\/revisions"}],"wp:featuredmedia":[{"embeddable":true,"href":"https:\/\/zzlcmachinery.com\/fr\/wp-json\/wp\/v2\/media\/390"}],"wp:attachment":[{"href":"https:\/\/zzlcmachinery.com\/fr\/wp-json\/wp\/v2\/media?parent=389"}],"wp:term":[{"taxonomy":"product_brand","embeddable":true,"href":"https:\/\/zzlcmachinery.com\/fr\/wp-json\/wp\/v2\/product_brand?post=389"},{"taxonomy":"product_cat","embeddable":true,"href":"https:\/\/zzlcmachinery.com\/fr\/wp-json\/wp\/v2\/product_cat?post=389"},{"taxonomy":"product_tag","embeddable":true,"href":"https:\/\/zzlcmachinery.com\/fr\/wp-json\/wp\/v2\/product_tag?post=389"}],"curies":[{"name":"wp","href":"https:\/\/api.w.org\/{rel}","templated":true}]}}