{"id":361,"date":"2022-12-14T00:01:11","date_gmt":"2022-12-13T16:01:11","guid":{"rendered":"https:\/\/zzlcmachinery.com\/?post_type=product&#038;p=361"},"modified":"2022-12-14T00:41:27","modified_gmt":"2022-12-13T16:41:27","slug":"jk-100-metal-sheet-embossing-machine-manufacturers-suppliers","status":"publish","type":"product","link":"https:\/\/zzlcmachinery.com\/fr\/produit\/jk-100-metal-sheet-embossing-machine-manufacturers-suppliers\/","title":{"rendered":"Fabricants et fournisseurs de machines de gaufrage de t\u00f4les JK-100"},"content":{"rendered":"","protected":false},"excerpt":{"rendered":"<p>Ces fabricants et fournisseurs de machines de gaufrage de t\u00f4les JK-100 sont des machines professionnelles pour le traitement des t\u00f4les de fer. Les mat\u00e9riaux pouvant \u00eatre trait\u00e9s sont les suivants\u00a0: t\u00f4le de fer, t\u00f4le d&#039;aluminium, t\u00f4le de cuivre, t\u00f4le d&#039;acier inoxydable, etc. Elle pr\u00e9sente de nombreux atouts qui en font une machine incontournable pour le travail du fer forg\u00e9 :<br \/>\n1. Le motif peut \u00eatre choisi librement, nous fournissons un service de personnalisation de moule.<br \/>\n2. La vitesse de traitement de la machine peut \u00eatre ajust\u00e9e.<br \/>\n3. T\u00f4le lamin\u00e9e \u00e0 froid, le motif est exquis et ne sera pas d\u00e9form\u00e9.<br \/>\n4. La largeur et l&#039;\u00e9paisseur du mat\u00e9riau de traitement de la machine peuvent \u00eatre personnalis\u00e9es en fonction du mat\u00e9riau du client.<br \/>\n5. Prix bon march\u00e9 de haute qualit\u00e9, petit CBM et fret bon march\u00e9.<br \/>\n<strong>PARAM\u00c8TRE TECHNIQUE<\/strong><br \/>\n<strong>Mat\u00e9riel:<\/strong>\u00a0T\u00f4le de fer, T\u00f4le d&#039;aluminium, T\u00f4le de cuivre, T\u00f4le d&#039;acier inoxydable<br \/>\n<strong>Largeur du mat\u00e9riau\uff1a100<\/strong>millim\u00e8tre<br \/>\n<strong>\u00c9paisseur de mat\u00e9riau<\/strong>: maximum 2mm<br \/>\n<strong>Pouvoir:<\/strong> 2.2KW(Selon la largeur et l&#039;\u00e9paisseur du mat\u00e9riau lamin\u00e9 selon les besoins r\u00e9els des clients)<br \/>\n<strong>tension:<\/strong>\u00a0220V\/380V\/415V<br \/>\n<strong>Dimension d&#039;emballage :<\/strong>\u00a01500\u00d7710\u00d7800mm<br \/>\n<strong>NO (kg):<\/strong>\u00a0350<br \/>\n<strong>GW (kg):<\/strong>\u00a0400<\/p>","protected":false},"featured_media":1542,"template":"","meta":{"_kad_post_transparent":"default","_kad_post_title":"","_kad_post_layout":"default","_kad_post_sidebar_id":"","_kad_post_content_style":"default","_kad_post_vertical_padding":"default","_kad_post_feature":"","_kad_post_feature_position":"","_kad_post_header":false,"_kad_post_footer":false},"product_brand":[],"product_cat":[19,29],"product_tag":[528,526,525,527,529,520,524,523],"class_list":{"0":"post-361","1":"product","2":"type-product","3":"status-publish","4":"has-post-thumbnail","6":"product_cat-cold-rolling-embossing-machine","7":"product_cat-electric-wrought-iron-processing-machine","8":"product_tag-china-metal-sheet-embossing-machine-factory-suppliers","9":"product_tag-low-price-automatic-metal-sheet-embossing-machine","10":"product_tag-metal-embossing-machine-line","11":"product_tag-metal-sheet-embossing-machine","12":"product_tag-metal-sheet-embossing-machine-at-best-price","13":"product_tag-metal-sheet-embossing-machine-manufacturers-suppliers","14":"product_tag-sheet-metal-embossing-machine","15":"product_tag-sheet-metal-manufacturing","17":"first","18":"instock","19":"shipping-taxable","20":"product-type-simple","21":"entry","22":"content-bg","23":"loop-entry"},"_links":{"self":[{"href":"https:\/\/zzlcmachinery.com\/fr\/wp-json\/wp\/v2\/product\/361","targetHints":{"allow":["GET"]}}],"collection":[{"href":"https:\/\/zzlcmachinery.com\/fr\/wp-json\/wp\/v2\/product"}],"about":[{"href":"https:\/\/zzlcmachinery.com\/fr\/wp-json\/wp\/v2\/types\/product"}],"version-history":[{"count":0,"href":"https:\/\/zzlcmachinery.com\/fr\/wp-json\/wp\/v2\/product\/361\/revisions"}],"wp:featuredmedia":[{"embeddable":true,"href":"https:\/\/zzlcmachinery.com\/fr\/wp-json\/wp\/v2\/media\/1542"}],"wp:attachment":[{"href":"https:\/\/zzlcmachinery.com\/fr\/wp-json\/wp\/v2\/media?parent=361"}],"wp:term":[{"taxonomy":"product_brand","embeddable":true,"href":"https:\/\/zzlcmachinery.com\/fr\/wp-json\/wp\/v2\/product_brand?post=361"},{"taxonomy":"product_cat","embeddable":true,"href":"https:\/\/zzlcmachinery.com\/fr\/wp-json\/wp\/v2\/product_cat?post=361"},{"taxonomy":"product_tag","embeddable":true,"href":"https:\/\/zzlcmachinery.com\/fr\/wp-json\/wp\/v2\/product_tag?post=361"}],"curies":[{"name":"wp","href":"https:\/\/api.w.org\/{rel}","templated":true}]}}