{"id":1552,"date":"2022-12-14T00:42:52","date_gmt":"2022-12-13T16:42:52","guid":{"rendered":"https:\/\/zzlcmachinery.com\/?post_type=product&#038;p=1552"},"modified":"2023-03-08T12:35:05","modified_gmt":"2023-03-08T04:35:05","slug":"jk-300-factory-directly-automatic-metal-sheet-embossing-machine","status":"publish","type":"product","link":"https:\/\/zzlcmachinery.com\/fr\/produit\/jk-300-factory-directly-automatic-metal-sheet-embossing-machine\/","title":{"rendered":"JK-300 Machine de gaufrage de t\u00f4les directement automatique en usine"},"content":{"rendered":"","protected":false},"excerpt":{"rendered":"<p>Cette machine de gaufrage de t\u00f4les directement automatique JK-300 Factory peut traiter des t\u00f4les de fer lamin\u00e9es \u00e0 froid, des t\u00f4les d&#039;aluminium, des t\u00f4les d&#039;acier inoxydable et des t\u00f4les de cuivre pour les motifs souhait\u00e9s par les clients. Un ensemble de moules est livr\u00e9 au hasard avec la machine. Notre \u00e9quipe technique peut fournir des services de conception personnalis\u00e9s gratuits pour les moules. Une vari\u00e9t\u00e9 de choix de mod\u00e8les permettra certainement aux clients de rivaliser sur le march\u00e9 local f\u00e9roce. Il se d\u00e9marque de la concurrence par son motif unique.<br \/>\nLe produit fini trait\u00e9 peut continuer \u00e0 \u00eatre estamp\u00e9 dans la forme souhait\u00e9e par le client pour le cadre de cadre de porte, la grille, le cadre de fen\u00eatre, le panneau de porte, la balustrade verte, etc. Tous peuvent \u00eatre utilis\u00e9s dans de fines plaques de fer avec des motifs.<br \/>\n<strong>PARAM\u00c8TRE TECHNIQUE<\/strong><br \/>\n<strong>Mat\u00e9riel:<\/strong>\u00a0T\u00f4le de fer, T\u00f4le d&#039;aluminium, T\u00f4le de cuivre, T\u00f4le d&#039;acier inoxydable<br \/>\n<strong>Largeur du mat\u00e9riau\uff1a300<\/strong>millim\u00e8tre<br \/>\n<strong>\u00c9paisseur de mat\u00e9riau<\/strong>: maximum 2mm<br \/>\n<strong>Pouvoir:<\/strong> 4KW (selon la largeur et l&#039;\u00e9paisseur du mat\u00e9riau lamin\u00e9 en fonction des besoins r\u00e9els des clients)<br \/>\n<strong>tension:<\/strong>\u00a0220V\/380V\/415V<br \/>\n<strong>Dimension d&#039;emballage :<\/strong>\u00a01500\u00d7710\u00d7800mm<br \/>\n<strong>NO (kg):<\/strong>\u00a0350<br \/>\n<strong>GW (kg):<\/strong>\u00a0400<\/p>","protected":false},"featured_media":1562,"template":"","meta":{"_kad_post_transparent":"default","_kad_post_title":"hide","_kad_post_layout":"fullwidth","_kad_post_sidebar_id":"","_kad_post_content_style":"unboxed","_kad_post_vertical_padding":"hide","_kad_post_feature":"hide","_kad_post_feature_position":"","_kad_post_header":false,"_kad_post_footer":false},"product_brand":[],"product_cat":[19,29],"product_tag":[537,535,533,531,530,536,532,538,534],"class_list":{"0":"post-1552","1":"product","2":"type-product","3":"status-publish","4":"has-post-thumbnail","6":"product_cat-cold-rolling-embossing-machine","7":"product_cat-electric-wrought-iron-processing-machine","8":"product_tag-aluminum-sheet-cold-embossing-machine","9":"product_tag-buy-cold-steel-sheet-embossing-machine","10":"product_tag-cold-roll-former-line","11":"product_tag-copper-sheet-embossing-machine","12":"product_tag-factory-directly-automatic-metal-sheet-embossing-machine","13":"product_tag-iron-sheet-cold-embossing-machine","14":"product_tag-roll-forming-machine-manufacturer","15":"product_tag-stainless-steel-sheet-cold-embossing-machine","16":"product_tag-steel-plate-embossing-machinery","18":"first","19":"instock","20":"shipping-taxable","21":"product-type-simple","22":"entry","23":"content-bg","24":"loop-entry"},"_links":{"self":[{"href":"https:\/\/zzlcmachinery.com\/fr\/wp-json\/wp\/v2\/product\/1552","targetHints":{"allow":["GET"]}}],"collection":[{"href":"https:\/\/zzlcmachinery.com\/fr\/wp-json\/wp\/v2\/product"}],"about":[{"href":"https:\/\/zzlcmachinery.com\/fr\/wp-json\/wp\/v2\/types\/product"}],"version-history":[{"count":0,"href":"https:\/\/zzlcmachinery.com\/fr\/wp-json\/wp\/v2\/product\/1552\/revisions"}],"wp:featuredmedia":[{"embeddable":true,"href":"https:\/\/zzlcmachinery.com\/fr\/wp-json\/wp\/v2\/media\/1562"}],"wp:attachment":[{"href":"https:\/\/zzlcmachinery.com\/fr\/wp-json\/wp\/v2\/media?parent=1552"}],"wp:term":[{"taxonomy":"product_brand","embeddable":true,"href":"https:\/\/zzlcmachinery.com\/fr\/wp-json\/wp\/v2\/product_brand?post=1552"},{"taxonomy":"product_cat","embeddable":true,"href":"https:\/\/zzlcmachinery.com\/fr\/wp-json\/wp\/v2\/product_cat?post=1552"},{"taxonomy":"product_tag","embeddable":true,"href":"https:\/\/zzlcmachinery.com\/fr\/wp-json\/wp\/v2\/product_tag?post=1552"}],"curies":[{"name":"wp","href":"https:\/\/api.w.org\/{rel}","templated":true}]}}