{"id":1047,"date":"2022-11-20T18:32:48","date_gmt":"2022-11-20T10:32:48","guid":{"rendered":"https:\/\/zzlcmachinery.com\/?post_type=product&#038;p=1047"},"modified":"2022-11-22T14:47:20","modified_gmt":"2022-11-22T06:47:20","slug":"lc-g3-manual-flat-iron-square-steel-metal-twist-tool","status":"publish","type":"product","link":"https:\/\/zzlcmachinery.com\/fr\/produit\/lc-g3-manual-flat-iron-square-steel-metal-twist-tool\/","title":{"rendered":"LC-G3 Outil de torsion manuel en acier carr\u00e9 en fer plat"},"content":{"rendered":"","protected":false},"excerpt":{"rendered":"<p>Cet outil de torsion manuel en acier carr\u00e9 en fer plat LC-G3 est l&#039;\u00e9quipement m\u00e9canique manuel qui peut transformer plusieurs fils de fer ou fils d&#039;acier en torsion de p\u00e2te frite. Et le cordon de fer fabriqu\u00e9 par ce type de machine peut \u00eatre utilis\u00e9 pour repasser la d\u00e9coration. , meubles en fer et autres objets artisanaux en fer, il peut tordre 2 \u00e0 6 fois le diam\u00e8tre sera de 2 \u00e0 4 mm et la longueur limite est de 1800 mm, cette machine s\u00e9lectionne le mat\u00e9riau de mani\u00e8re pratique. Il est simple \u00e0 utiliser, en attendant, il peut atteindre l&#039;objectif d&#039;un b\u00e9n\u00e9fice \u00e9lev\u00e9 \u00e0 faible co\u00fbt.<br \/>\nMati\u00e8re : Carr\u00e9 d&#039;acier &amp; Fer plat<br \/>\n<strong>PARAM\u00c8TRE TECHNIQUE<br \/>\n<\/strong><strong>Mod\u00e8le :LC-G3<\/strong><br \/>\n<strong>Acier carr\u00e9<\/strong>\u00a0\u226410*10mm<br \/>\n<strong>Pouvoir:<\/strong> Manuel<br \/>\n<strong>Dimension d&#039;emballage :<\/strong> 200\u00d7200\u00d7200mm<br \/>\n<strong>NO (kg):20 <\/strong><strong>GW (kg):20<\/strong><\/p>","protected":false},"featured_media":1053,"template":"","meta":{"_kad_post_transparent":"default","_kad_post_title":"","_kad_post_layout":"default","_kad_post_sidebar_id":"","_kad_post_content_style":"default","_kad_post_vertical_padding":"default","_kad_post_feature":"","_kad_post_feature_position":"","_kad_post_header":false,"_kad_post_footer":false},"product_brand":[],"product_cat":[33,34,35],"product_tag":[500,309,315,317,310,314,502,501,300,111,316],"class_list":{"0":"post-1047","1":"product","2":"type-product","3":"status-publish","4":"has-post-thumbnail","6":"product_cat-manual-wrounght-iron-processing-tools","7":"product_cat-manual-scroll-bender","8":"product_cat-manual-twisting-machine","9":"product_tag-flat-iron-twist-tool","10":"product_tag-homemade-metal-bar-twister","11":"product_tag-lc-g2-manual-metal-twisting-machine-for-wrought-iron","12":"product_tag-manual-scroll-bending-machine-for-wrought-iron","13":"product_tag-manual-steel-square-bar-twist-hand-flat-steel","14":"product_tag-master-twister","15":"product_tag-metal-craft-tool","16":"product_tag-square-steel-tool","17":"product_tag-twisting-machine-hand-tools-wrought-iron-equipment","18":"product_tag-wrought-iron-machine","19":"product_tag-wrought-iron-scroll-bender-manual-craft-tool","21":"first","22":"instock","23":"shipping-taxable","24":"product-type-simple","25":"entry","26":"content-bg","27":"loop-entry"},"_links":{"self":[{"href":"https:\/\/zzlcmachinery.com\/fr\/wp-json\/wp\/v2\/product\/1047","targetHints":{"allow":["GET"]}}],"collection":[{"href":"https:\/\/zzlcmachinery.com\/fr\/wp-json\/wp\/v2\/product"}],"about":[{"href":"https:\/\/zzlcmachinery.com\/fr\/wp-json\/wp\/v2\/types\/product"}],"version-history":[{"count":0,"href":"https:\/\/zzlcmachinery.com\/fr\/wp-json\/wp\/v2\/product\/1047\/revisions"}],"wp:featuredmedia":[{"embeddable":true,"href":"https:\/\/zzlcmachinery.com\/fr\/wp-json\/wp\/v2\/media\/1053"}],"wp:attachment":[{"href":"https:\/\/zzlcmachinery.com\/fr\/wp-json\/wp\/v2\/media?parent=1047"}],"wp:term":[{"taxonomy":"product_brand","embeddable":true,"href":"https:\/\/zzlcmachinery.com\/fr\/wp-json\/wp\/v2\/product_brand?post=1047"},{"taxonomy":"product_cat","embeddable":true,"href":"https:\/\/zzlcmachinery.com\/fr\/wp-json\/wp\/v2\/product_cat?post=1047"},{"taxonomy":"product_tag","embeddable":true,"href":"https:\/\/zzlcmachinery.com\/fr\/wp-json\/wp\/v2\/product_tag?post=1047"}],"curies":[{"name":"wp","href":"https:\/\/api.w.org\/{rel}","templated":true}]}}