{"id":991,"date":"2022-11-19T00:07:35","date_gmt":"2022-11-18T16:07:35","guid":{"rendered":"https:\/\/zzlcmachinery.com\/?post_type=product&#038;p=991"},"modified":"2022-11-22T14:45:01","modified_gmt":"2022-11-22T06:45:01","slug":"c41-1000kg-pneumatic-air-hammer-with-super-processing-capacity","status":"publish","type":"product","link":"https:\/\/zzlcmachinery.com\/fi\/tuote\/c41-1000kg-pneumatic-air-hammer-with-super-processing-capacity\/","title":{"rendered":"C41-1000KG Pneumaattinen ilmavasara Superprosessointikapasiteetilla"},"content":{"rendered":"","protected":false},"excerpt":{"rendered":"<p>T\u00e4m\u00e4 C41-1000KG pneumaattinen ilmavasara superprosessointikapasiteetilla on pienikokoinen, hiljainen, yksinkertainen rakenne, helppok\u00e4ytt\u00f6inen, joustava ja k\u00e4tev\u00e4 k\u00e4sitell\u00e4, asentaa ja huoltaa. T\u00e4m\u00e4 malli soveltuu erilaisiin vapaataontamiseen: kuten v\u00e4\u00e4nnytykseen, vetoon, l\u00e4vistykseen, taivutukseen, v\u00e4\u00e4nt\u00e4miseen, kuumaleikkaukseen, liitosliit\u00e4nt\u00f6ihin jne. Samanaikaisesti voidaan tehd\u00e4 erilaisia avomuotin taontaa tyynymuotilla. Se soveltuu erimuotoisten osien vapaaseen takomiseen, erityisesti maaseudun kyl\u00e4yrityksiin ja ammattitalouksiin, joissa takotaan sirppi\u00e4, Badinia, karjaa ja hevosenkenki\u00e4 sek\u00e4 kuokia. Samanaikaisesti useat tehtaat ja kaivokset k\u00e4ytt\u00e4v\u00e4t my\u00f6s ilmavasaroita ter\u00e4spallojen, rakennustelineiden ja muiden tehtaiden, kaivosten ja rakennustarvikkeiden takomiseen. Lis\u00e4ksi t\u00e4m\u00e4 ilmavasarasarja on my\u00f6s seppien yleisesti k\u00e4ytt\u00e4m\u00e4 ammattimainen takorautaty\u00f6kalu. Se voi tehd\u00e4 eri tyylej\u00e4 muotteja ja takoa erilaisia takorautakukkia, lintuja ja muita kauniita koristeita.<\/p>\n<p><strong>TEKNINEN PARAMETRI<br \/>\nMalli: C41-1000KG<br \/>\nPutoavien osien paino (KG):<\/strong>1000kg<br \/>\n<strong>Rakennetyyppi:<\/strong>Split Air Hammer\u00a0<strong><br \/>\nSuurin osumaenergia (KJ):<\/strong>27KJ<strong><br \/>\nSuurin taottu koko (halkaisija) py\u00f6re\u00e4ll\u00e4 ter\u00e4ksell\u00e4:<\/strong>\u03c6320mm<br \/>\n<strong>Suurin taottu koko (halkaisija) neli\u00f6m\u00e4iselle ter\u00e4kselle:<\/strong>290*290mm<br \/>\n<strong>Teho:<\/strong> 75 kW<br \/>\n<strong>J\u00e4nnite:<\/strong>\u00a0220V\/380V<br \/>\n<strong>Pakkauksen mitat:<\/strong> 7700*1500*4125mm<br \/>\n<strong>Anwilin paino<\/strong>paino: 13 000 kg<br \/>\n<strong>Yhteens\u00e4 GW (kg): 32 840<\/strong><\/p>","protected":false},"featured_media":998,"template":"","meta":{"_kad_post_transparent":"default","_kad_post_title":"hide","_kad_post_layout":"fullwidth","_kad_post_sidebar_id":"","_kad_post_content_style":"unboxed","_kad_post_vertical_padding":"hide","_kad_post_feature":"hide","_kad_post_feature_position":"","_kad_post_header":false,"_kad_post_footer":false},"product_brand":[],"product_cat":[28],"product_tag":[460,505,503,461,428,507,463,508,504,506],"class_list":{"0":"post-991","1":"product","2":"type-product","3":"status-publish","4":"has-post-thumbnail","6":"product_cat-blacksmith-power-hammer","7":"product_tag-air-forging-hammer-pneumatic-iron-hammer-1000kg","8":"product_tag-air-hammer-pneumatic-iron-hammer-for-forging","9":"product_tag-electric-pneumatic-hammer","10":"product_tag-hottest-sale-150kg-250kg-400kg-750kg-1000kg-blacksmith-pneumatic-hammer","11":"product_tag-pneumatic-hammer-for-blacksmith","12":"product_tag-price-of-pneumatic-forging-hammer","13":"product_tag-widely-used-iron-blacksmith-forging-air-hammer-machine","14":"product_tag-wrought-iron-forging-1000kg-blacksmith-hammer-with-anvil","15":"product_tag-wrought-iron-forging-power-hammer-for-sale","16":"product_tag-wrought-iron-pneumatic-metal-forging-hammer-for-sale","18":"first","19":"instock","20":"shipping-taxable","21":"product-type-simple","22":"entry","23":"content-bg","24":"loop-entry"},"_links":{"self":[{"href":"https:\/\/zzlcmachinery.com\/fi\/wp-json\/wp\/v2\/product\/991","targetHints":{"allow":["GET"]}}],"collection":[{"href":"https:\/\/zzlcmachinery.com\/fi\/wp-json\/wp\/v2\/product"}],"about":[{"href":"https:\/\/zzlcmachinery.com\/fi\/wp-json\/wp\/v2\/types\/product"}],"version-history":[{"count":0,"href":"https:\/\/zzlcmachinery.com\/fi\/wp-json\/wp\/v2\/product\/991\/revisions"}],"wp:featuredmedia":[{"embeddable":true,"href":"https:\/\/zzlcmachinery.com\/fi\/wp-json\/wp\/v2\/media\/998"}],"wp:attachment":[{"href":"https:\/\/zzlcmachinery.com\/fi\/wp-json\/wp\/v2\/media?parent=991"}],"wp:term":[{"taxonomy":"product_brand","embeddable":true,"href":"https:\/\/zzlcmachinery.com\/fi\/wp-json\/wp\/v2\/product_brand?post=991"},{"taxonomy":"product_cat","embeddable":true,"href":"https:\/\/zzlcmachinery.com\/fi\/wp-json\/wp\/v2\/product_cat?post=991"},{"taxonomy":"product_tag","embeddable":true,"href":"https:\/\/zzlcmachinery.com\/fi\/wp-json\/wp\/v2\/product_tag?post=991"}],"curies":[{"name":"wp","href":"https:\/\/api.w.org\/{rel}","templated":true}]}}