{"id":989,"date":"2022-11-19T00:04:14","date_gmt":"2022-11-18T16:04:14","guid":{"rendered":"https:\/\/zzlcmachinery.com\/?post_type=product&#038;p=989"},"modified":"2022-11-22T14:44:07","modified_gmt":"2022-11-22T06:44:07","slug":"widely-used-wrought-iron-blacksmith-750kg-forging-power-hammer","status":"publish","type":"product","link":"https:\/\/zzlcmachinery.com\/fi\/tuote\/widely-used-wrought-iron-blacksmith-750kg-forging-power-hammer\/","title":{"rendered":"Laajalti k\u00e4ytetty takorautasepp\u00e4, 750kg taontavoimavasara"},"content":{"rendered":"","protected":false},"excerpt":{"rendered":"<p>T\u00e4m\u00e4 laajasti k\u00e4ytetty takorautasep\u00e4n 750 kg taontavasara on er\u00e4\u00e4nlainen ilmainen taontalaite. Ilma puristetaan kompressorin sylinterill\u00e4 ja l\u00e4hetet\u00e4\u00e4n ty\u00f6sylinterille jakoventtiilin kautta m\u00e4nn\u00e4n k\u00e4ytt\u00e4miseksi ja vasaran p\u00e4\u00e4 liikkumaan yl\u00f6s ja alas vasaraa varten. Toiminta on joustavaa. T\u00e4m\u00e4 malli soveltuu erilaisiin vapaataontamiseen, kuten pidennykseen, v\u00e4\u00e4nnykseen, l\u00e4vistykseen, leikkaushitsaukseen, taontahitsaukseen, v\u00e4\u00e4nt\u00f6\u00f6n, taivutukseen jne. Sit\u00e4 voidaan k\u00e4ytt\u00e4\u00e4 erilaisiin avotakomiseen. Ominaisuudet ovat seuraavat:<br \/>\n1. Paineilman ohjaama iskuvoimaa ja taajuutta voidaan s\u00e4\u00e4t\u00e4\u00e4 s\u00e4\u00e4t\u00e4m\u00e4ll\u00e4 ilmanpainetta turvallisuustuotannon tarpeisiin<br \/>\n2. Koneen runko on valmistettu valuraudasta, ja suurikokoinen ilmavasaran alasin on valmistettu valuter\u00e4ksest\u00e4<br \/>\n3. Mekanismi on yksinkertainen, eik\u00e4 sit\u00e4 ole helppo vahingoittaa<br \/>\nVoimme toimittaa 6 kg, 16 kg, 25 kg, 40 kg, 55 kg, 75 kg, 100 kg, 150 kg, 250 kg, 400 kg, 560 kg, 750 kg, 1000 kg, 2000 kg eri taontaty\u00f6tarpeiden mukaan. .Voit valita mallin seuraavien tietojen mukaan<\/p>\n<p><strong>TEKNINEN PARAMETRI<br \/>\nMalli: C41-750KG<br \/>\nPutoavien osien paino (KG): 750<\/strong>KG<br \/>\n<strong>Rakennetyyppi:<\/strong>Split Air Hammer\u00a0<strong><br \/>\nSuurin osumaenergia (KJ): 13,6<\/strong>KJ<strong><br \/>\nSuurin taottu koko (halkaisija) py\u00f6re\u00e4ll\u00e4 ter\u00e4ksell\u00e4:<\/strong>\u03c6300mm<br \/>\n<strong>Suurin taottu koko (halkaisija) neli\u00f6m\u00e4iselle ter\u00e4kselle:<\/strong>270*270mm<br \/>\n<strong>Teho:<\/strong> 55 kW<br \/>\n<strong>J\u00e4nnite:<\/strong>\u00a0220V\/380V<br \/>\n<strong>Pakkauksen mitat:<\/strong> 3095*1370*3175mm<br \/>\n<strong>Anwilin paino<\/strong>paino: 9000 kg<br \/>\n<strong>Yhteens\u00e4 GW (kg): 26 000<\/strong><\/p>","protected":false},"featured_media":999,"template":"","meta":{"_kad_post_transparent":"default","_kad_post_title":"hide","_kad_post_layout":"fullwidth","_kad_post_sidebar_id":"","_kad_post_content_style":"unboxed","_kad_post_vertical_padding":"hide","_kad_post_feature":"hide","_kad_post_feature_position":"","_kad_post_header":false,"_kad_post_footer":false},"product_brand":[],"product_cat":[28],"product_tag":[462,428,463,499,464],"class_list":{"0":"post-989","1":"product","2":"type-product","3":"status-publish","4":"has-post-thumbnail","6":"product_cat-blacksmith-power-hammer","7":"product_tag-750kg-air-hammer-metal-forging-hammer-for-sale","8":"product_tag-pneumatic-hammer-for-blacksmith","9":"product_tag-widely-used-iron-blacksmith-forging-air-hammer-machine","10":"product_tag-widely-used-wrought-iron-blacksmith-750kg-forging-power-hammer","11":"product_tag-wrought-iron-metal-forging-power-hammer-for-sale","13":"first","14":"instock","15":"shipping-taxable","16":"product-type-simple","17":"entry","18":"content-bg","19":"loop-entry"},"_links":{"self":[{"href":"https:\/\/zzlcmachinery.com\/fi\/wp-json\/wp\/v2\/product\/989","targetHints":{"allow":["GET"]}}],"collection":[{"href":"https:\/\/zzlcmachinery.com\/fi\/wp-json\/wp\/v2\/product"}],"about":[{"href":"https:\/\/zzlcmachinery.com\/fi\/wp-json\/wp\/v2\/types\/product"}],"version-history":[{"count":0,"href":"https:\/\/zzlcmachinery.com\/fi\/wp-json\/wp\/v2\/product\/989\/revisions"}],"wp:featuredmedia":[{"embeddable":true,"href":"https:\/\/zzlcmachinery.com\/fi\/wp-json\/wp\/v2\/media\/999"}],"wp:attachment":[{"href":"https:\/\/zzlcmachinery.com\/fi\/wp-json\/wp\/v2\/media?parent=989"}],"wp:term":[{"taxonomy":"product_brand","embeddable":true,"href":"https:\/\/zzlcmachinery.com\/fi\/wp-json\/wp\/v2\/product_brand?post=989"},{"taxonomy":"product_cat","embeddable":true,"href":"https:\/\/zzlcmachinery.com\/fi\/wp-json\/wp\/v2\/product_cat?post=989"},{"taxonomy":"product_tag","embeddable":true,"href":"https:\/\/zzlcmachinery.com\/fi\/wp-json\/wp\/v2\/product_tag?post=989"}],"curies":[{"name":"wp","href":"https:\/\/api.w.org\/{rel}","templated":true}]}}