{"id":987,"date":"2022-11-19T00:02:00","date_gmt":"2022-11-18T16:02:00","guid":{"rendered":"https:\/\/zzlcmachinery.com\/?post_type=product&#038;p=987"},"modified":"2022-11-22T14:41:46","modified_gmt":"2022-11-22T06:41:46","slug":"c41-560kg-heavy-duty-wrought-iron-blacksmith-forging-hammer-for-sale","status":"publish","type":"product","link":"https:\/\/zzlcmachinery.com\/fi\/tuote\/c41-560kg-heavy-duty-wrought-iron-blacksmith-forging-hammer-for-sale\/","title":{"rendered":"C41-560KG Heavy Duty Takorauta Sepp\u00e4 Takovasara Myyd\u00e4\u00e4n"},"content":{"rendered":"","protected":false},"excerpt":{"rendered":"<p>T\u00e4m\u00e4 myyt\u00e4v\u00e4n\u00e4 oleva raskas takorautainen takovasara C41-560KG on hiljainen, rakenteeltaan yksinkertainen, helppok\u00e4ytt\u00f6inen, joustava ja k\u00e4tev\u00e4 k\u00e4sitell\u00e4, asentaa ja huoltaa. T\u00e4m\u00e4 malli soveltuu erilaisiin vapaataontamiseen: kuten v\u00e4\u00e4nnytykseen, vetoon, l\u00e4vistykseen, taivutukseen, v\u00e4\u00e4nt\u00e4miseen, kuumaleikkaukseen, liitosliit\u00e4nt\u00f6ihin jne. Samanaikaisesti voidaan tehd\u00e4 erilaisia avotakouksia tyynymuotilla. Se soveltuu erimuotoisten osien vapaaseen takomiseen, erityisesti maaseudun kyl\u00e4yrityksiin ja ammattitalouksiin, joissa takotaan sirppi\u00e4, Badinia, karjaa ja hevosenkenki\u00e4 sek\u00e4 kuokia. Samanaikaisesti useat tehtaat ja kaivokset k\u00e4ytt\u00e4v\u00e4t my\u00f6s ilmavasaroita ter\u00e4spallojen, rakennustelineiden ja muiden tehtaiden, kaivosten ja rakennustarvikkeiden takomiseen. Lis\u00e4ksi t\u00e4m\u00e4 ilmavasarasarja on my\u00f6s seppien yleisesti k\u00e4ytt\u00e4m\u00e4 ammattimainen takorautaty\u00f6kalu. Se voi tehd\u00e4 eri tyylej\u00e4 muotteja ja takoa erilaisia takorautakukkia, lintuja ja muita kauniita koristeita.<br \/>\nVoimme toimittaa 6 kg, 16 kg, 25 kg, 40 kg, 55 kg, 75 kg, 100 kg, 150 kg, 250 kg, 400 kg, 560 kg, 750 kg, 1000 kg, 2000 kg eri taontaty\u00f6tarpeiden mukaan. .Voit valita mallin seuraavien tietojen mukaan<\/p>\n<p><strong>TEKNINEN PARAMETRI<br \/>\nMalli: C41-560KG<br \/>\nPutoavien osien paino (KG): 560<\/strong>KG<br \/>\n<strong>Rakennetyyppi:<\/strong>Split Air Hammer\u00a0<strong><br \/>\nSuurin osumaenergia (KJ): 13,6<\/strong>KJ<strong><br \/>\nSuurin taottu koko (halkaisija) py\u00f6re\u00e4ll\u00e4 ter\u00e4ksell\u00e4:<\/strong>\u03c6280mm<br \/>\n<strong>Suurin taottu koko (halkaisija) neli\u00f6m\u00e4iselle ter\u00e4kselle:<\/strong>270x270mm<br \/>\n<strong>Teho:<\/strong> 45 kW<br \/>\n<strong>J\u00e4nnite:<\/strong>\u00a0220V\/380V<br \/>\n<strong>Pakkauksen mitat:<\/strong> 3464*1500*3157<br \/>\n<strong>GW (kg):<\/strong> 16520<\/p>","protected":false},"featured_media":1024,"template":"","meta":{"_kad_post_transparent":"default","_kad_post_title":"hide","_kad_post_layout":"fullwidth","_kad_post_sidebar_id":"","_kad_post_content_style":"unboxed","_kad_post_vertical_padding":"hide","_kad_post_feature":"hide","_kad_post_feature_position":"","_kad_post_header":false,"_kad_post_footer":false},"product_brand":[],"product_cat":[28],"product_tag":[476,498,477,478,479],"class_list":{"0":"post-987","1":"product","2":"type-product","3":"status-publish","4":"has-post-thumbnail","6":"product_cat-blacksmith-power-hammer","7":"product_tag-all-kinds-of-wrought-iron-forging-power-hammer-dies-for-sale","8":"product_tag-c41-560kg-heavy-duty-wrought-iron-blacksmith-forging-hammer-for-sale","9":"product_tag-china-the-biggest-manufacture-anyang-pneumatic-hammer-from-lanchen","10":"product_tag-heavy-duty-560kg-wrought-iron-blacksmith-forging-hammer-for-sale","11":"product_tag-high-quality-cheap-price-air-hammer-c41-560kg-for-sale","13":"first","14":"instock","15":"shipping-taxable","16":"product-type-simple","17":"entry","18":"content-bg","19":"loop-entry"},"_links":{"self":[{"href":"https:\/\/zzlcmachinery.com\/fi\/wp-json\/wp\/v2\/product\/987","targetHints":{"allow":["GET"]}}],"collection":[{"href":"https:\/\/zzlcmachinery.com\/fi\/wp-json\/wp\/v2\/product"}],"about":[{"href":"https:\/\/zzlcmachinery.com\/fi\/wp-json\/wp\/v2\/types\/product"}],"version-history":[{"count":0,"href":"https:\/\/zzlcmachinery.com\/fi\/wp-json\/wp\/v2\/product\/987\/revisions"}],"wp:featuredmedia":[{"embeddable":true,"href":"https:\/\/zzlcmachinery.com\/fi\/wp-json\/wp\/v2\/media\/1024"}],"wp:attachment":[{"href":"https:\/\/zzlcmachinery.com\/fi\/wp-json\/wp\/v2\/media?parent=987"}],"wp:term":[{"taxonomy":"product_brand","embeddable":true,"href":"https:\/\/zzlcmachinery.com\/fi\/wp-json\/wp\/v2\/product_brand?post=987"},{"taxonomy":"product_cat","embeddable":true,"href":"https:\/\/zzlcmachinery.com\/fi\/wp-json\/wp\/v2\/product_cat?post=987"},{"taxonomy":"product_tag","embeddable":true,"href":"https:\/\/zzlcmachinery.com\/fi\/wp-json\/wp\/v2\/product_tag?post=987"}],"curies":[{"name":"wp","href":"https:\/\/api.w.org\/{rel}","templated":true}]}}