{"id":985,"date":"2022-11-18T23:59:31","date_gmt":"2022-11-18T15:59:31","guid":{"rendered":"https:\/\/zzlcmachinery.com\/?post_type=product&#038;p=985"},"modified":"2022-11-22T14:22:36","modified_gmt":"2022-11-22T06:22:36","slug":"c41-400kg-china-biggest-hammer-manufacturer-provide-pneumatic-forging-hammer","status":"publish","type":"product","link":"https:\/\/zzlcmachinery.com\/fi\/tuote\/c41-400kg-china-biggest-hammer-manufacturer-provide-pneumatic-forging-hammer\/","title":{"rendered":"C41-400KG Kiinan suurin vasaran valmistaja toimittaa pneumaattisen taontavasaran"},"content":{"rendered":"","protected":false},"excerpt":{"rendered":"<p>T\u00e4m\u00e4 C41-400KG Kiinan suurin vasaravalmistaja tarjoaa pneumaattisen taontavasaran, joka muuntaa moottorin py\u00f6rimisliikkeen sylinterin paineilman m\u00e4nn\u00e4n liikkeeksi v\u00e4hennysventtiilin, kampiakselin ja kiertokankij\u00e4rjestelm\u00e4n avulla. Ilmavasaraa ohjataan jalkavivulla ja kaukos\u00e4\u00e4timell\u00e4 ly\u00f6ntinopeuden ja yl\u00e4alastimen ly\u00f6ntivoimakkuuden s\u00e4\u00e4t\u00e4miseksi.<br \/>\nPneumaattinen vasarakone on laajalti k\u00e4ytetty ja monipuolinen metallin taontaty\u00f6kalu, jolla on monia toimintoja, kuten: j\u00e4rkytys, pidennys, jatkuva taivutus, leimaaminen, kuumaleikkaus, hitsaustaonta, v\u00e4\u00e4nt\u00f6 ja taivutus.<br \/>\nAsiakkaat voivat valita itselleen sopivan ilmavasaran takottavan materiaalin ja materiaalin maksimikoon mukaan. S\u00e4hk\u00f6voiman ja sylinterin k\u00e4ytt\u00f6 parantaa huomattavasti ilmavasaran ty\u00f6tehoa. Se on v\u00e4ltt\u00e4m\u00e4t\u00f6nt\u00e4 sepp\u00e4pajojen ja kaivosten toiminnan kannalta. taonta koneet.<br \/>\nVoimme toimittaa 6 kg, 16 kg, 25 kg, 40 kg, 55 kg, 75 kg, 100 kg, 150 kg, 250 kg, 400 kg, 560 kg, 750 kg, 1000 kg, 2000 kg eri taontaty\u00f6tarpeiden mukaan. .Voit valita mallin seuraavien tietojen mukaan<\/p>\n<p><strong>TEKNINEN PARAMETRI<br \/>\nMalli: C41-400KG<br \/>\nPutoavien osien paino (KG): 400<\/strong>KG<br \/>\n<strong>Rakennetyyppi:<\/strong>Jaettu ilmavasara pohjalla<strong><br \/>\nSuurin osumaenergia (KJ): 9,5<\/strong>KJ<strong><br \/>\nSuurin taottu koko (halkaisija) py\u00f6re\u00e4ll\u00e4 ter\u00e4ksell\u00e4:<\/strong>\u03c6240mm<br \/>\n<strong>Suurin taottu koko (halkaisija) neli\u00f6m\u00e4iselle ter\u00e4kselle:<\/strong>220*220mm<br \/>\n<strong>Teho:<\/strong> 37 kW<br \/>\n<strong>J\u00e4nnite:<\/strong>\u00a0220V\/380V<br \/>\n<strong>Pakkauksen mitat:<\/strong> 2785*1400*2885mm<br \/>\n<strong>Navilin paino<\/strong>paino: 4800kg<br \/>\n<strong>Yhteens\u00e4 GW (kg):<\/strong> 12800kg<\/p>","protected":false},"featured_media":1004,"template":"","meta":{"_kad_post_transparent":"default","_kad_post_title":"hide","_kad_post_layout":"fullwidth","_kad_post_sidebar_id":"","_kad_post_content_style":"unboxed","_kad_post_vertical_padding":"hide","_kad_post_feature":"hide","_kad_post_feature_position":"","_kad_post_header":false,"_kad_post_footer":false},"product_brand":[],"product_cat":[28],"product_tag":[465,497,466,467,468,428,469,470],"class_list":{"0":"post-985","1":"product","2":"type-product","3":"status-publish","4":"has-post-thumbnail","6":"product_cat-blacksmith-power-hammer","7":"product_tag-400kg-air-hammer-metal-forging-hammer-for-sale","8":"product_tag-c41-400kg-china-biggest-hammer-manufacturer-provide-pneumatic-forging-hammer","9":"product_tag-c41-400kg-model-power-hammer-machine-for-iron-forging","10":"product_tag-china-automatic-anyang-forging-hammer-400kg","11":"product_tag-factory-direct-sale-wrought-iron-hammer-or-smith-forging-tool-for-sale","12":"product_tag-pneumatic-hammer-for-blacksmith","13":"product_tag-widely-used-wrought-iron-blacksmith-75kg-150kg-250kg-400kg-forging-power-hammer-for-hot-sale","14":"product_tag-wrought-iron-homemade-forging-hammer-machine-with-forging-hammer-dies","16":"first","17":"instock","18":"shipping-taxable","19":"product-type-simple","20":"entry","21":"content-bg","22":"loop-entry"},"_links":{"self":[{"href":"https:\/\/zzlcmachinery.com\/fi\/wp-json\/wp\/v2\/product\/985","targetHints":{"allow":["GET"]}}],"collection":[{"href":"https:\/\/zzlcmachinery.com\/fi\/wp-json\/wp\/v2\/product"}],"about":[{"href":"https:\/\/zzlcmachinery.com\/fi\/wp-json\/wp\/v2\/types\/product"}],"version-history":[{"count":0,"href":"https:\/\/zzlcmachinery.com\/fi\/wp-json\/wp\/v2\/product\/985\/revisions"}],"wp:featuredmedia":[{"embeddable":true,"href":"https:\/\/zzlcmachinery.com\/fi\/wp-json\/wp\/v2\/media\/1004"}],"wp:attachment":[{"href":"https:\/\/zzlcmachinery.com\/fi\/wp-json\/wp\/v2\/media?parent=985"}],"wp:term":[{"taxonomy":"product_brand","embeddable":true,"href":"https:\/\/zzlcmachinery.com\/fi\/wp-json\/wp\/v2\/product_brand?post=985"},{"taxonomy":"product_cat","embeddable":true,"href":"https:\/\/zzlcmachinery.com\/fi\/wp-json\/wp\/v2\/product_cat?post=985"},{"taxonomy":"product_tag","embeddable":true,"href":"https:\/\/zzlcmachinery.com\/fi\/wp-json\/wp\/v2\/product_tag?post=985"}],"curies":[{"name":"wp","href":"https:\/\/api.w.org\/{rel}","templated":true}]}}