{"id":982,"date":"2022-11-18T23:57:53","date_gmt":"2022-11-18T15:57:53","guid":{"rendered":"https:\/\/zzlcmachinery.com\/?post_type=product&#038;p=982"},"modified":"2022-11-22T14:20:16","modified_gmt":"2022-11-22T06:20:16","slug":"c41-250kg-wrought-iron-metal-forging-power-hammer-for-sale","status":"publish","type":"product","link":"https:\/\/zzlcmachinery.com\/fi\/tuote\/c41-250kg-wrought-iron-metal-forging-power-hammer-for-sale\/","title":{"rendered":"C41-250KG Takorautametallin takominen Power Hammer Myyd\u00e4\u00e4n"},"content":{"rendered":"","protected":false},"excerpt":{"rendered":"<p>T\u00e4m\u00e4 C41-250KG takorautametallin taontavasara on er\u00e4\u00e4nlainen vapaa taontavasara. Sit\u00e4 voidaan k\u00e4ytt\u00e4\u00e4 kaikenlaisiin ilmaisiin takoihin, kuten venytt\u00e4miseen, h\u00e4iritsemiseen, ty\u00f6nt\u00e4miseen, kuumaleikkaukseen, taottuun hitsaukseen, taivutukseen ja v\u00e4\u00e4nt\u00e4miseen. voidaan k\u00e4ytt\u00e4\u00e4 stanssaukseen tehostimen muottien kanssa, mutta sit\u00e4 ei voida k\u00e4ytt\u00e4\u00e4 suljettuun takomiseen, koska tiiviin takomisen iskuenergia on eritt\u00e4in suuri, vasaratanko, ohjain, ty\u00f6sylinteri jne. p\u00e4\u00e4osat vaurioituvat.<br \/>\nVoimme toimittaa 6 kg, 16 kg, 25 kg, 40 kg, 55 kg, 75 kg, 100 kg, 150 kg, 250 kg, 400 kg, 560 kg, 750 kg, 1000 kg, 2000 kg eri taontaty\u00f6tarpeiden mukaan. .Voit valita mallin seuraavien tietojen mukaan<\/p>\n<p><strong>TEKNINEN PARAMETRI<br \/>\nMalli: C41-250KG<br \/>\nPutoavien osien paino (KG): 250<\/strong>KG<br \/>\n<strong>Rakennetyyppi:<\/strong>Jaettu ilmavasara pohjalla<strong><br \/>\nSuurin osumaenergia (KJ): 5,6<\/strong>KJ<strong><br \/>\nSuurin taottu koko (halkaisija) py\u00f6re\u00e4ll\u00e4 ter\u00e4ksell\u00e4:<\/strong>\u03c6175mm<br \/>\n<strong>Suurin taottu koko (halkaisija) neli\u00f6m\u00e4iselle ter\u00e4kselle:<\/strong>145*145mm<br \/>\n<strong>Teho:<\/strong> 22 kW<br \/>\n<strong>J\u00e4nnite:<\/strong>\u00a0220V\/380V<br \/>\n<strong>Pakkauksen mitat:<\/strong> 2875*1405*2570mm<br \/>\n<strong>Alasimen paino:<\/strong>2800kg<br \/>\n<strong>GW (kg):<\/strong> 8200<\/p>","protected":false},"featured_media":1016,"template":"","meta":{"_kad_post_transparent":"default","_kad_post_title":"hide","_kad_post_layout":"fullwidth","_kad_post_sidebar_id":"","_kad_post_content_style":"unboxed","_kad_post_vertical_padding":"hide","_kad_post_feature":"hide","_kad_post_feature_position":"","_kad_post_header":false,"_kad_post_footer":false},"product_brand":[],"product_cat":[28],"product_tag":[480,481,482,483,484,485,486,487],"class_list":{"0":"post-982","1":"product","2":"type-product","3":"status-publish","4":"has-post-thumbnail","6":"product_cat-blacksmith-power-hammer","7":"product_tag-16kg-2000kg-anyang-pneumatic-hammer-for-whole-world","8":"product_tag-250kg-air-planishing-hammer-for-blacksmith","9":"product_tag-blacksmith-anvil-wrought-iron-machinery-for-hammer","10":"product_tag-c41-40kg-75kg-150kg-250kg-blacksmith-air-forging-hammer-for-sale","11":"product_tag-hot-sale-250-kg-power-hammer-in-uk-usa","12":"product_tag-hot-sale-different-types-wrought-iron-metal-forging-air-hammer","13":"product_tag-hottest-sell-c41-250kg-electro-hydraulic-forging-hammer-for-sale","14":"product_tag-widely-used-iron-forging-250kg-air-pneumatic-hammer-with-ce","16":"first","17":"instock","18":"shipping-taxable","19":"product-type-simple","20":"entry","21":"content-bg","22":"loop-entry"},"_links":{"self":[{"href":"https:\/\/zzlcmachinery.com\/fi\/wp-json\/wp\/v2\/product\/982","targetHints":{"allow":["GET"]}}],"collection":[{"href":"https:\/\/zzlcmachinery.com\/fi\/wp-json\/wp\/v2\/product"}],"about":[{"href":"https:\/\/zzlcmachinery.com\/fi\/wp-json\/wp\/v2\/types\/product"}],"version-history":[{"count":0,"href":"https:\/\/zzlcmachinery.com\/fi\/wp-json\/wp\/v2\/product\/982\/revisions"}],"wp:featuredmedia":[{"embeddable":true,"href":"https:\/\/zzlcmachinery.com\/fi\/wp-json\/wp\/v2\/media\/1016"}],"wp:attachment":[{"href":"https:\/\/zzlcmachinery.com\/fi\/wp-json\/wp\/v2\/media?parent=982"}],"wp:term":[{"taxonomy":"product_brand","embeddable":true,"href":"https:\/\/zzlcmachinery.com\/fi\/wp-json\/wp\/v2\/product_brand?post=982"},{"taxonomy":"product_cat","embeddable":true,"href":"https:\/\/zzlcmachinery.com\/fi\/wp-json\/wp\/v2\/product_cat?post=982"},{"taxonomy":"product_tag","embeddable":true,"href":"https:\/\/zzlcmachinery.com\/fi\/wp-json\/wp\/v2\/product_tag?post=982"}],"curies":[{"name":"wp","href":"https:\/\/api.w.org\/{rel}","templated":true}]}}