{"id":980,"date":"2022-11-18T23:43:03","date_gmt":"2022-11-18T15:43:03","guid":{"rendered":"https:\/\/zzlcmachinery.com\/?post_type=product&#038;p=980"},"modified":"2022-11-22T14:17:32","modified_gmt":"2022-11-22T06:17:32","slug":"c41-150kg-air-hammer-metal-forging-hammer-for-sale","status":"publish","type":"product","link":"https:\/\/zzlcmachinery.com\/fi\/tuote\/c41-150kg-air-hammer-metal-forging-hammer-for-sale\/","title":{"rendered":"C41-150KG Air Hammer Metallin taontavasara Myyd\u00e4\u00e4n"},"content":{"rendered":"","protected":false},"excerpt":{"rendered":"<p>T\u00e4t\u00e4 myyt\u00e4v\u00e4\u00e4 C41-150KG ilmavasarametallitaontavasaraa k\u00e4ytet\u00e4\u00e4n laajalti yleisiin taontat\u00f6ihin, kuten ulosvet\u00e4miseen, v\u00e4\u00e4nnykseen, l\u00e4vistykseen, talttaukseen, takomiseen, hitsaukseen, taivutukseen ja v\u00e4\u00e4nt\u00e4miseen, ja sit\u00e4 k\u00e4ytet\u00e4\u00e4n my\u00f6s takomiseen tukimuotissa.<br \/>\nPneumaattista taontavasaraa k\u00e4ytet\u00e4\u00e4n laajalti yleisiin taontat\u00f6ihin, kuten ulosvet\u00e4miseen, v\u00e4\u00e4nnykseen, l\u00e4vistykseen, talttaukseen, takomiseen, hitsaukseen, taivutukseen ja kiert\u00e4miseen. Sit\u00e4 k\u00e4ytet\u00e4\u00e4n my\u00f6s takomiseen tukimuotteissa. Ilmavasaraa kutsutaan my\u00f6s taontavasaraksi, sepp\u00e4vasaraksi, pneumaattiseksi taontavasaraksi, tehovasaraksi ja niin edelleen. Ilmavasara 6kg, 16kg, 20kg, 25kg, 40kg, 55kg, 75kg, 150kg, 250kg p\u00e4\u00e4osin taiteelliseen takorautaan, taiteelliseen taontaan, sepp\u00e4\u00e4n, maatalousty\u00f6kaluihin ja pieniin avoimiin taontaosiin.<br \/>\nVoimme toimittaa 6 kg, 16 kg, 25 kg, 40 kg, 55 kg, 75 kg, 100 kg, 150 kg, 250 kg, 400 kg, 560 kg, 750 kg, 1000 kg, 2000 kg eri taontaty\u00f6tarpeiden mukaan. .Voit valita mallin seuraavien tietojen mukaan<\/p>\n<p><strong>TEKNINEN PARAMETRI<br \/>\nMalli: C41-150KG<br \/>\nPutoavien osien paino (KG): 150<\/strong>KG<br \/>\n<strong>Rakennetyyppi: Erillinen<\/strong> Ilmavasara<strong><br \/>\nSuurin osumaenergia (KJ): 2.2<\/strong>KJ<strong><br \/>\nSuurin taottu koko (halkaisija) py\u00f6re\u00e4ll\u00e4 ter\u00e4ksell\u00e4:<\/strong>\u03c6145mm<br \/>\n<strong>Suurin taottu koko (halkaisija) neli\u00f6m\u00e4iselle ter\u00e4kselle:<\/strong>130*130mm<br \/>\n<strong>Teho:<\/strong> 15 kW<br \/>\n<strong>J\u00e4nnite:<\/strong>\u00a0220V\/380V<br \/>\n<strong>Pakkauksen mitat:<\/strong> 2080*1240*2350mm<br \/>\nAlasimen paino: 1800 kg<br \/>\n<strong>GW (kg):<\/strong> 5060 kg<\/p>","protected":false},"featured_media":1023,"template":"","meta":{"_kad_post_transparent":"default","_kad_post_title":"hide","_kad_post_layout":"fullwidth","_kad_post_sidebar_id":"","_kad_post_content_style":"unboxed","_kad_post_vertical_padding":"hide","_kad_post_feature":"hide","_kad_post_feature_position":"","_kad_post_header":false,"_kad_post_footer":false},"product_brand":[],"product_cat":[28],"product_tag":[471,494,496,495,489,491,492,472,473,490,488,408,493,474,475],"class_list":{"0":"post-980","1":"product","2":"type-product","3":"status-publish","4":"has-post-thumbnail","6":"product_cat-blacksmith-power-hammer","7":"product_tag-150kg-air-planishing-hammer-for-blacksmith","8":"product_tag-250kg-mainly-for-artistic-wrought-iron","9":"product_tag-agriculture-tools-and-small-open-die-forging-parts","10":"product_tag-artistic-forging","11":"product_tag-bending-and-twisting","12":"product_tag-bending-and-twisting-it-is-also-used-for-forge-in-bolster-dies-air-hammer-is-also-called-forging-hammer","13":"product_tag-blacksmithing-hammer","14":"product_tag-c41-150kg-blacksmith-forge-pneumatic-hammer","15":"product_tag-heavy-duty-150kg-wrought-iron-blacksmith-forging-hammer-for-sale","16":"product_tag-it-is-also-used-for-forge-in-bolster-dies-pneumatic-forging-hammer-is-widely-used-for-general-forging-works","17":"product_tag-our-pneumatic-forging-hammer-is-widely-used-for-general-forging-works","18":"product_tag-pneumatic-forging-hammer","19":"product_tag-power-hammer-and-so-on-air-hammer-falling-weight-at-6kg","20":"product_tag-power-hammer-blacksmith-anvil-wrought-iron-machinery","21":"product_tag-power-hammer-for-blade-maker-c41-150","23":"first","24":"instock","25":"shipping-taxable","26":"product-type-simple","27":"entry","28":"content-bg","29":"loop-entry"},"_links":{"self":[{"href":"https:\/\/zzlcmachinery.com\/fi\/wp-json\/wp\/v2\/product\/980","targetHints":{"allow":["GET"]}}],"collection":[{"href":"https:\/\/zzlcmachinery.com\/fi\/wp-json\/wp\/v2\/product"}],"about":[{"href":"https:\/\/zzlcmachinery.com\/fi\/wp-json\/wp\/v2\/types\/product"}],"version-history":[{"count":0,"href":"https:\/\/zzlcmachinery.com\/fi\/wp-json\/wp\/v2\/product\/980\/revisions"}],"wp:featuredmedia":[{"embeddable":true,"href":"https:\/\/zzlcmachinery.com\/fi\/wp-json\/wp\/v2\/media\/1023"}],"wp:attachment":[{"href":"https:\/\/zzlcmachinery.com\/fi\/wp-json\/wp\/v2\/media?parent=980"}],"wp:term":[{"taxonomy":"product_brand","embeddable":true,"href":"https:\/\/zzlcmachinery.com\/fi\/wp-json\/wp\/v2\/product_brand?post=980"},{"taxonomy":"product_cat","embeddable":true,"href":"https:\/\/zzlcmachinery.com\/fi\/wp-json\/wp\/v2\/product_cat?post=980"},{"taxonomy":"product_tag","embeddable":true,"href":"https:\/\/zzlcmachinery.com\/fi\/wp-json\/wp\/v2\/product_tag?post=980"}],"curies":[{"name":"wp","href":"https:\/\/api.w.org\/{rel}","templated":true}]}}