{"id":971,"date":"2022-11-18T20:50:35","date_gmt":"2022-11-18T12:50:35","guid":{"rendered":"https:\/\/zzlcmachinery.com\/?post_type=product&#038;p=971"},"modified":"2022-11-22T14:15:22","modified_gmt":"2022-11-22T06:15:22","slug":"hot-sale-c41-75kg-hammer-forging-machines-for-blacksmith","status":"publish","type":"product","link":"https:\/\/zzlcmachinery.com\/fi\/tuote\/hot-sale-c41-75kg-hammer-forging-machines-for-blacksmith\/","title":{"rendered":"Hot Sale C41-75KG vasaratakokoneet sep\u00e4lle"},"content":{"rendered":"","protected":false},"excerpt":{"rendered":"<p>T\u00e4m\u00e4 Hot sale C41-75KG taontakone sep\u00e4lle on keskitason metallitaontakone ilmavasarassa, joka pystyy t\u00e4ytt\u00e4m\u00e4\u00e4n kaikki kotitalouksien ja pienten ja keskisuurten sepp\u00e4pajojen taontatarpeet. Se soveltuu erityisesti pienten maatalousty\u00f6kalujen, kuten sirppien, badiinien, karjan ja hevosenkenkien sek\u00e4 kuokien takomiseen. Samaan aikaan useat tehtaat ja kaivokset k\u00e4ytt\u00e4v\u00e4t my\u00f6s ilmaa. Vasara ter\u00e4skuulien, rakennustelineiden ja muiden tehdas-, kaivos- ja rakennustarvikkeiden takomiseen.<br \/>\nVoimme toimittaa 6 kg, 16 kg, 25 kg, 40 kg, 55 kg, 75 kg, 100 kg, 150 kg, 250 kg, 400 kg, 560 kg, 750 kg, 1000 kg, 2000 kg eri taontaty\u00f6tarpeiden mukaan. .Voit valita mallin seuraavien tietojen mukaan<\/p>\n<p><strong>TEKNINEN PARAMETRI<br \/>\nMalli: C41-75KG<br \/>\nPutoavien osien paino (KG): 75<\/strong>KG<br \/>\n<strong>Rakennetyyppi:<\/strong> Erillinen vasara pohjalla<strong><br \/>\nSuurin osumaenergia (KJ):1<\/strong>KJ<strong><br \/>\nSuurin taottu koko (halkaisija) py\u00f6re\u00e4ll\u00e4 ter\u00e4ksell\u00e4:<\/strong>\u03c685mm<br \/>\n<strong>Suurin taottu koko (halkaisija) neli\u00f6m\u00e4iselle ter\u00e4kselle:<\/strong>65x65mm<br \/>\n<strong>Teho:<\/strong> 7,5 kW<br \/>\n<strong>J\u00e4nnite:<\/strong>\u00a0220V\/380V<br \/>\n<strong>Pakkauksen mitat:<\/strong> 1420*720*2050<br \/>\n<strong>GW (kg):<\/strong> 2200<\/p>","protected":false},"featured_media":974,"template":"","meta":{"_kad_post_transparent":"default","_kad_post_title":"hide","_kad_post_layout":"fullwidth","_kad_post_sidebar_id":"","_kad_post_content_style":"unboxed","_kad_post_vertical_padding":"hide","_kad_post_feature":"hide","_kad_post_feature_position":"","_kad_post_header":false,"_kad_post_footer":false},"product_brand":[],"product_cat":[28],"product_tag":[455,456,457,458,459,447],"class_list":{"0":"post-971","1":"product","2":"type-product","3":"status-publish","4":"has-post-thumbnail","6":"product_cat-blacksmith-power-hammer","7":"product_tag-c41-75kg-150kg-type-automatic-blacksmith-hammer-for-forging","8":"product_tag-c41-75kg-air-power-forging-hammer-homemade","9":"product_tag-c41-75kg-hammer-strength-power-rack","10":"product_tag-ellsen-brand-c41-75kg-air-hammer-metal-forging-hammer-for-sale","11":"product_tag-hot-sale-75kg-hammer-forging-machines-for-blacksmith","12":"product_tag-pneumatic-forging-hammer-for-wrought-iron-blacksmith","14":"first","15":"instock","16":"shipping-taxable","17":"product-type-simple","18":"entry","19":"content-bg","20":"loop-entry"},"_links":{"self":[{"href":"https:\/\/zzlcmachinery.com\/fi\/wp-json\/wp\/v2\/product\/971","targetHints":{"allow":["GET"]}}],"collection":[{"href":"https:\/\/zzlcmachinery.com\/fi\/wp-json\/wp\/v2\/product"}],"about":[{"href":"https:\/\/zzlcmachinery.com\/fi\/wp-json\/wp\/v2\/types\/product"}],"version-history":[{"count":0,"href":"https:\/\/zzlcmachinery.com\/fi\/wp-json\/wp\/v2\/product\/971\/revisions"}],"wp:featuredmedia":[{"embeddable":true,"href":"https:\/\/zzlcmachinery.com\/fi\/wp-json\/wp\/v2\/media\/974"}],"wp:attachment":[{"href":"https:\/\/zzlcmachinery.com\/fi\/wp-json\/wp\/v2\/media?parent=971"}],"wp:term":[{"taxonomy":"product_brand","embeddable":true,"href":"https:\/\/zzlcmachinery.com\/fi\/wp-json\/wp\/v2\/product_brand?post=971"},{"taxonomy":"product_cat","embeddable":true,"href":"https:\/\/zzlcmachinery.com\/fi\/wp-json\/wp\/v2\/product_cat?post=971"},{"taxonomy":"product_tag","embeddable":true,"href":"https:\/\/zzlcmachinery.com\/fi\/wp-json\/wp\/v2\/product_tag?post=971"}],"curies":[{"name":"wp","href":"https:\/\/api.w.org\/{rel}","templated":true}]}}