{"id":961,"date":"2022-11-17T23:45:25","date_gmt":"2022-11-17T15:45:25","guid":{"rendered":"https:\/\/zzlcmachinery.com\/?post_type=product&#038;p=961"},"modified":"2022-11-22T14:13:53","modified_gmt":"2022-11-22T06:13:53","slug":"c41-55kg-wrought-iron-forging-pneumatic-hammer-for-blacksmith","status":"publish","type":"product","link":"https:\/\/zzlcmachinery.com\/fi\/tuote\/c41-55kg-wrought-iron-forging-pneumatic-hammer-for-blacksmith\/","title":{"rendered":"C41-55KG Takorautataonta pneumaattinen vasara sep\u00e4lle"},"content":{"rendered":"","protected":false},"excerpt":{"rendered":"<p>T\u00e4m\u00e4 C41-55KG takorauta pneumaattinen vasara sep\u00e4lle C41-55KG takorauta taottu ilmavasara on pienikokoinen, hiljainen, yksinkertainen rakenne, k\u00e4tev\u00e4 k\u00e4ytt\u00e4\u00e4, joustava toiminta, k\u00e4tev\u00e4 k\u00e4sitell\u00e4, asentaa ja huoltaa. T\u00e4m\u00e4 kone on itse yksiosainen rakennekone, jossa on alusta. T\u00e4llaisen ilmavasaran etuna on, ett\u00e4 se voidaan siirt\u00e4\u00e4 mihin tahansa asiakkaan ty\u00f6skentelyyn tarvitsemaan paikkaan ja se on eritt\u00e4in joustava. Yli 55 kg painava ilmavasara voi takoa suurempia metallirunkoja. T\u00e4m\u00e4 malli soveltuu erilaisiin vapaataontoihin: kuten j\u00e4rkytt\u00e4miseen, venytt\u00e4miseen, l\u00e4vistykseen, taivutukseen, v\u00e4\u00e4nt\u00e4miseen, kuumaleikkaukseen, liitosliit\u00e4nt\u00f6ihin jne., ja samalla voidaan k\u00e4ytt\u00e4\u00e4 tyynyn muotteja. Se soveltuu erimuotoisten osien vapaaseen takomiseen, erityisesti sirppien, badiinien, hevosenkenkien, kuokien jne. takomiseen maaseudun kuntayrityksiss\u00e4 ja ammattitalouksissa. Samaan aikaan useat tehtaat ja kaivokset k\u00e4ytt\u00e4v\u00e4t paineilmavasaroita my\u00f6s ter\u00e4spallojen, rakennustelineiden ja muiden tehdas- ja kaivosrakennustarvikkeiden takomiseen. Lis\u00e4ksi t\u00e4m\u00e4 pneumaattisten vasarasarja on my\u00f6s seppien yleisesti k\u00e4ytt\u00e4m\u00e4 ammattimainen takorautaty\u00f6kalu. Se voi valmistaa eri tyylej\u00e4 muotteja ja takoa kaikenlaisia takorautakukkia ja lintuja sek\u00e4 muita hienoja koristeita.<br \/>\nVoimme toimittaa 6 kg, 16 kg, 25 kg, 40 kg, 55 kg, 75 kg, 100 kg, 150 kg, 250 kg, 400 kg, 560 kg, 750 kg, 1000 kg, 2000 kg eri taontaty\u00f6tarpeiden mukaan. .Voit valita mallin seuraavien tietojen mukaan<\/p>\n<p><strong>TEKNINEN PARAMETRI<br \/>\nMalli: C41-55KG<br \/>\nPutoavien osien paino (KG): 55<\/strong>KG<br \/>\n<strong>Rakennetyyppi:<\/strong>Split Air Hammer<strong><br \/>\nSuurin osumaenergia (KJ):<\/strong>0,27 KJ<strong><br \/>\nSuurin taottu koko (halkaisija) py\u00f6re\u00e4ll\u00e4 ter\u00e4ksell\u00e4:<\/strong>\u03c645mm<br \/>\n<strong>Suurin taottu koko (halkaisija) neli\u00f6m\u00e4iselle ter\u00e4kselle:<\/strong>40x40mm<br \/>\n<strong>Teho:<\/strong> 3 kW<br \/>\n<strong>J\u00e4nnite:<\/strong>\u00a0220V\/380V<br \/>\n<strong>Pakkauksen mitat:<\/strong> 980*510*1200<br \/>\n<strong>GW (kg):<\/strong> 560<\/p>","protected":false},"featured_media":967,"template":"","meta":{"_kad_post_transparent":"default","_kad_post_title":"hide","_kad_post_layout":"fullwidth","_kad_post_sidebar_id":"","_kad_post_content_style":"unboxed","_kad_post_vertical_padding":"hide","_kad_post_feature":"hide","_kad_post_feature_position":"","_kad_post_header":false,"_kad_post_footer":false},"product_brand":[],"product_cat":[28],"product_tag":[450,448,445,446,451,453,454,449,447,428,452],"class_list":{"0":"post-961","1":"product","2":"type-product","3":"status-publish","4":"has-post-thumbnail","6":"product_cat-blacksmith-power-hammer","7":"product_tag-c41-series-blacksmith-hydraulic-hammer-for-iron","8":"product_tag-c41-55kg-blacksmith-forging-hammer-for-sale","9":"product_tag-c41-55kg-hammer-strength-power-rack","10":"product_tag-c41-55kg-pneumatic-air-power-hammer-with-anvil-55kg","11":"product_tag-china-the-most-popular-c41-40kg-75kg-150kg-blacksmith-air-hammer-for-sale","12":"product_tag-factory-direct-sale-20kg-25kg-40kg-power-hammer-for-sale-south-africa","13":"product_tag-factory-direct-sale-c41-25kg-homemade-blacksmith-power-hammer","14":"product_tag-hot-sale-anyang-power-hammer-uk-from-ellsen","15":"product_tag-pneumatic-forging-hammer-for-wrought-iron-blacksmith","16":"product_tag-pneumatic-hammer-for-blacksmith","17":"product_tag-wrought-iron-air-power-hammer-for-sale","19":"first","20":"instock","21":"shipping-taxable","22":"product-type-simple","23":"entry","24":"content-bg","25":"loop-entry"},"_links":{"self":[{"href":"https:\/\/zzlcmachinery.com\/fi\/wp-json\/wp\/v2\/product\/961","targetHints":{"allow":["GET"]}}],"collection":[{"href":"https:\/\/zzlcmachinery.com\/fi\/wp-json\/wp\/v2\/product"}],"about":[{"href":"https:\/\/zzlcmachinery.com\/fi\/wp-json\/wp\/v2\/types\/product"}],"version-history":[{"count":0,"href":"https:\/\/zzlcmachinery.com\/fi\/wp-json\/wp\/v2\/product\/961\/revisions"}],"wp:featuredmedia":[{"embeddable":true,"href":"https:\/\/zzlcmachinery.com\/fi\/wp-json\/wp\/v2\/media\/967"}],"wp:attachment":[{"href":"https:\/\/zzlcmachinery.com\/fi\/wp-json\/wp\/v2\/media?parent=961"}],"wp:term":[{"taxonomy":"product_brand","embeddable":true,"href":"https:\/\/zzlcmachinery.com\/fi\/wp-json\/wp\/v2\/product_brand?post=961"},{"taxonomy":"product_cat","embeddable":true,"href":"https:\/\/zzlcmachinery.com\/fi\/wp-json\/wp\/v2\/product_cat?post=961"},{"taxonomy":"product_tag","embeddable":true,"href":"https:\/\/zzlcmachinery.com\/fi\/wp-json\/wp\/v2\/product_tag?post=961"}],"curies":[{"name":"wp","href":"https:\/\/api.w.org\/{rel}","templated":true}]}}