{"id":952,"date":"2022-11-17T23:01:59","date_gmt":"2022-11-17T15:01:59","guid":{"rendered":"https:\/\/zzlcmachinery.com\/?post_type=product&#038;p=952"},"modified":"2022-11-26T00:47:08","modified_gmt":"2022-11-25T16:47:08","slug":"wholesale-c41-40kg-air-hammer-for-heavy-duty-forging","status":"publish","type":"product","link":"https:\/\/zzlcmachinery.com\/fi\/tuote\/wholesale-c41-40kg-air-hammer-for-heavy-duty-forging\/","title":{"rendered":"Tukkukauppa C41 40kg ilmavasara raskaaseen takomiseen"},"content":{"rendered":"","protected":false},"excerpt":{"rendered":"<p>T\u00e4m\u00e4 tukkumyynti c41 40kg ilmavasara raskaaseen takomiseen on pienikokoinen, hiljainen, yksinkertainen rakenne, helppok\u00e4ytt\u00f6inen, joustava ja k\u00e4tev\u00e4 k\u00e4sitell\u00e4, asentaa ja huoltaa. T\u00e4m\u00e4 malli soveltuu erilaisiin vapaataontamiseen: kuten v\u00e4\u00e4nnytykseen, vetoon, l\u00e4vistykseen, taivutukseen, v\u00e4\u00e4nt\u00e4miseen, kuumaleikkaukseen, liitosliit\u00e4nt\u00f6ihin jne. Samanaikaisesti voidaan tehd\u00e4 erilaisia avotakouksia tyynymuotilla. Se soveltuu erimuotoisten osien vapaaseen takomiseen, erityisesti maaseudun kyl\u00e4yrityksiin ja ammattitalouksiin, joissa takotaan sirppi\u00e4, Badinia, karjaa ja hevosenkenki\u00e4 sek\u00e4 kuokia. Samanaikaisesti useat tehtaat ja kaivokset k\u00e4ytt\u00e4v\u00e4t my\u00f6s ilmavasaroita ter\u00e4spallojen, rakennustelineiden ja muiden tehtaiden, kaivosten ja rakennustarvikkeiden takomiseen. Lis\u00e4ksi t\u00e4m\u00e4 ilmavasarasarja on my\u00f6s seppien yleisesti k\u00e4ytt\u00e4m\u00e4 ammattimainen takorautaty\u00f6kalu. Se voi tehd\u00e4 eri tyylej\u00e4 muotteja ja takoa erilaisia takorautakukkia, lintuja ja muita kauniita koristeita.<br \/>\nVoimme toimittaa 6 kg, 16 kg, 25 kg, 40 kg, 55 kg, 75 kg, 100 kg, 150 kg, 250 kg, 400 kg, 560 kg, 750 kg, 1000 kg, 2000 kg eri taontaty\u00f6tarpeiden mukaan. .Voit valita mallin seuraavien tietojen mukaan<\/p>\n<p><strong>TEKNINEN PARAMETRI<br \/>\nMalli: C41-25KG<br \/>\nPutoavien osien paino (KG):<\/strong>25kg<br \/>\n<strong>Rakennetyyppi:<\/strong>Split Air Hammer<strong><br \/>\nSuurin osumaenergia (KJ):<\/strong>0,27 KJ<strong><br \/>\nSuurin taottu koko (halkaisija) py\u00f6re\u00e4ll\u00e4 ter\u00e4ksell\u00e4:<\/strong>\u03c645mm<br \/>\n<strong>Suurin taottu koko (halkaisija) neli\u00f6m\u00e4iselle ter\u00e4kselle:<\/strong>40x40mm<br \/>\n<strong>Teho:<\/strong> 3 kW<br \/>\n<strong>J\u00e4nnite:<\/strong>\u00a0220V\/380V<br \/>\n<strong>Pakkauksen mitat:<\/strong> 980*510*1200<br \/>\n<strong>GW (kg):<\/strong> 560<\/p>","protected":false},"featured_media":954,"template":"","meta":{"_kad_post_transparent":"default","_kad_post_title":"hide","_kad_post_layout":"fullwidth","_kad_post_sidebar_id":"","_kad_post_content_style":"unboxed","_kad_post_vertical_padding":"hide","_kad_post_feature":"hide","_kad_post_feature_position":"","_kad_post_header":false,"_kad_post_footer":false},"product_brand":[],"product_cat":[28],"product_tag":[444,443,439,416,434,435,437,436,441,442,438,433,440],"class_list":{"0":"post-952","1":"product","2":"type-product","3":"status-publish","4":"has-post-thumbnail","6":"product_cat-blacksmith-power-hammer","7":"product_tag-20kg-25kg-40kg-small-blacksmith-power-hammer-for-sale","8":"product_tag-25kg-40kg-75kg-blacksmith-hammer-machine-for-iron-forging","9":"product_tag-40-kg-blacksmith-power-hammer-for-sale","10":"product_tag-air-hammer","11":"product_tag-air-hammer-and-power-hammer-40kg","12":"product_tag-c41-40kg-air-hammer","13":"product_tag-c41-40kg-model-massey-forging-hammer-for-sale","14":"product_tag-c41-40kg-pneumatic-hammer-forging-machine","15":"product_tag-hot-sale-40kg-blacksmith-air-hammer-for-forging","16":"product_tag-hot-sale-c41-40kg-blacksmith-electric-hammer-for-forging","17":"product_tag-pneumatic-forging-hammer-c41-40kg","18":"product_tag-wholesale-c41-40kg-air-hammer-for-heavy-duty-forging","19":"product_tag-widely-used-iron-blacksmith-40kg-pneumatic-hammer-forging-from-ellsen-company","21":"first","22":"instock","23":"featured","24":"shipping-taxable","25":"product-type-simple","26":"entry","27":"content-bg","28":"loop-entry"},"_links":{"self":[{"href":"https:\/\/zzlcmachinery.com\/fi\/wp-json\/wp\/v2\/product\/952","targetHints":{"allow":["GET"]}}],"collection":[{"href":"https:\/\/zzlcmachinery.com\/fi\/wp-json\/wp\/v2\/product"}],"about":[{"href":"https:\/\/zzlcmachinery.com\/fi\/wp-json\/wp\/v2\/types\/product"}],"version-history":[{"count":0,"href":"https:\/\/zzlcmachinery.com\/fi\/wp-json\/wp\/v2\/product\/952\/revisions"}],"wp:featuredmedia":[{"embeddable":true,"href":"https:\/\/zzlcmachinery.com\/fi\/wp-json\/wp\/v2\/media\/954"}],"wp:attachment":[{"href":"https:\/\/zzlcmachinery.com\/fi\/wp-json\/wp\/v2\/media?parent=952"}],"wp:term":[{"taxonomy":"product_brand","embeddable":true,"href":"https:\/\/zzlcmachinery.com\/fi\/wp-json\/wp\/v2\/product_brand?post=952"},{"taxonomy":"product_cat","embeddable":true,"href":"https:\/\/zzlcmachinery.com\/fi\/wp-json\/wp\/v2\/product_cat?post=952"},{"taxonomy":"product_tag","embeddable":true,"href":"https:\/\/zzlcmachinery.com\/fi\/wp-json\/wp\/v2\/product_tag?post=952"}],"curies":[{"name":"wp","href":"https:\/\/api.w.org\/{rel}","templated":true}]}}