{"id":912,"date":"2022-11-14T23:58:25","date_gmt":"2022-11-14T15:58:25","guid":{"rendered":"https:\/\/zzlcmachinery.com\/?post_type=product&#038;p=912"},"modified":"2022-11-22T14:06:50","modified_gmt":"2022-11-22T06:06:50","slug":"c41-16kg-hot-forging-machine-blacksmith-air-power-forging-hammer","status":"publish","type":"product","link":"https:\/\/zzlcmachinery.com\/fi\/tuote\/c41-16kg-hot-forging-machine-blacksmith-air-power-forging-hammer\/","title":{"rendered":"C41-16kg kuumatakontakone Blacksmith Air Power taontavasara"},"content":{"rendered":"","protected":false},"excerpt":{"rendered":"<p>T\u00e4m\u00e4 C41-16kg kuumataontakoneen sep\u00e4n ilmavoimataontavasara on er\u00e4\u00e4nlainen ilmainen taontavasara. Sen suunnittelu perustuu monien edelleen k\u00e4yt\u00f6ss\u00e4 olevien vanhojen eurooppalaisten vasaroiden testattuihin ja testattuihin malleihin. Monet sep\u00e4t k\u00e4ytt\u00e4v\u00e4t sit\u00e4 erilaisten koristeellisten takeiden valmistukseen, mik\u00e4 tekee kuumaraudan muotoilusta helppoa. Itsen\u00e4isen voimavasaran ansiosta et tarvitse ylim\u00e4\u00e4r\u00e4ist\u00e4 ilmakompressoria. Kone taottu metallia venytt\u00e4m\u00e4ll\u00e4, v\u00e4\u00e4nt\u00e4\u00e4, leimaamalla, kuumaleikkauksella, takomalla hitsaamalla, taivuttamalla, v\u00e4\u00e4rist\u00e4m\u00e4ll\u00e4 ja muilla tavoilla, k\u00e4ytt\u00e4m\u00e4ll\u00e4 eri paikkaa: upotettu, muovattu, leikattu, reik\u00e4, niitti, leima jne... kaikenlaisia metalleja.<br \/>\nVoimme toimittaa 6 kg, 16 kg, 25 kg, 40 kg, 55 kg, 75 kg, 100 kg, 150 kg, 250 kg, 400 kg, 560 kg, 750 kg, 1000 kg, 2000 kg eri taontaty\u00f6tarpeiden mukaan. .Voit valita mallin seuraavien tietojen mukaan<\/p>\n<p><strong>TEKNINEN PARAMETRI<br \/>\nMalli: C41-16KG<br \/>\nPutoavien osien paino (KG):<\/strong>16kg<strong><br \/>\nSuurin osumaenergia (KJ):<\/strong>0,18 KJ<strong><br \/>\nSuurin taottu koko (halkaisija) py\u00f6re\u00e4ll\u00e4 ter\u00e4ksell\u00e4:<\/strong>\u03c625mm<br \/>\n<strong>Suurin taottu koko (halkaisija) neli\u00f6m\u00e4iselle ter\u00e4kselle:<\/strong>20x20mm<br \/>\n<strong>Teho:<\/strong> 1,5 kW<br \/>\n<strong>J\u00e4nnite:<\/strong> 220V\/380V<br \/>\n<strong>Pakkauksen mitat:<\/strong> 660*420*970<br \/>\n<strong>GW (kg):<\/strong> 240<\/p>","protected":false},"featured_media":926,"template":"","meta":{"_kad_post_transparent":"default","_kad_post_title":"hide","_kad_post_layout":"fullwidth","_kad_post_sidebar_id":"","_kad_post_content_style":"unboxed","_kad_post_vertical_padding":"hide","_kad_post_feature":"hide","_kad_post_feature_position":"","_kad_post_header":false,"_kad_post_footer":false},"product_brand":[],"product_cat":[28],"product_tag":[406,412,413,404,405,400,410,411,402,403,408,401,409,407,399],"class_list":{"0":"post-912","1":"product","2":"type-product","3":"status-publish","4":"has-post-thumbnail","6":"product_cat-blacksmith-power-hammer","7":"product_tag-air-power-hammer","8":"product_tag-anyang-power-hammer-for-blacksmith","9":"product_tag-blacksmith-power-forging-hammer","10":"product_tag-blacksmith-power-hammer","11":"product_tag-blacksmith-power-hammer-for-sale","12":"product_tag-c41-16kg-hot-forging-machine-blacksmith-air-power-forging-hammer","13":"product_tag-c41-16kg-single-with-base-plate-pneumatic-hammer-forging","14":"product_tag-c41-20kg-25kg-40kg-power-hammer-anyang-price","15":"product_tag-forging-hammer-machine","16":"product_tag-free-forging-air-hammer-c41-16kg","17":"product_tag-pneumatic-forging-hammer","18":"product_tag-pneumatic-forging-hammer-price","19":"product_tag-pneumatic-power-hammer-for-sale","20":"product_tag-power-hammer-for-blacksmith","21":"product_tag-samll-air-hammer-for-sale-c41-16kg-hot-forging-machine-blacksmirh-air-power-forging-hammer","23":"first","24":"instock","25":"shipping-taxable","26":"product-type-simple","27":"entry","28":"content-bg","29":"loop-entry"},"_links":{"self":[{"href":"https:\/\/zzlcmachinery.com\/fi\/wp-json\/wp\/v2\/product\/912","targetHints":{"allow":["GET"]}}],"collection":[{"href":"https:\/\/zzlcmachinery.com\/fi\/wp-json\/wp\/v2\/product"}],"about":[{"href":"https:\/\/zzlcmachinery.com\/fi\/wp-json\/wp\/v2\/types\/product"}],"version-history":[{"count":0,"href":"https:\/\/zzlcmachinery.com\/fi\/wp-json\/wp\/v2\/product\/912\/revisions"}],"wp:featuredmedia":[{"embeddable":true,"href":"https:\/\/zzlcmachinery.com\/fi\/wp-json\/wp\/v2\/media\/926"}],"wp:attachment":[{"href":"https:\/\/zzlcmachinery.com\/fi\/wp-json\/wp\/v2\/media?parent=912"}],"wp:term":[{"taxonomy":"product_brand","embeddable":true,"href":"https:\/\/zzlcmachinery.com\/fi\/wp-json\/wp\/v2\/product_brand?post=912"},{"taxonomy":"product_cat","embeddable":true,"href":"https:\/\/zzlcmachinery.com\/fi\/wp-json\/wp\/v2\/product_cat?post=912"},{"taxonomy":"product_tag","embeddable":true,"href":"https:\/\/zzlcmachinery.com\/fi\/wp-json\/wp\/v2\/product_tag?post=912"}],"curies":[{"name":"wp","href":"https:\/\/api.w.org\/{rel}","templated":true}]}}