{"id":902,"date":"2022-11-14T18:55:11","date_gmt":"2022-11-14T10:55:11","guid":{"rendered":"https:\/\/zzlcmachinery.com\/?post_type=product&#038;p=902"},"modified":"2022-11-26T00:46:36","modified_gmt":"2022-11-25T16:46:36","slug":"lc-dl60-china-wrought-iron-machine-and-cold-rolling-embossing-machine","status":"publish","type":"product","link":"https:\/\/zzlcmachinery.com\/fi\/tuote\/lc-dl60-china-wrought-iron-machine-and-cold-rolling-embossing-machine\/","title":{"rendered":"LC-DL60 Kiinan takorautakone ja kylm\u00e4valssauskohokuviointikone"},"content":{"rendered":"","protected":false},"excerpt":{"rendered":"<p>T\u00e4m\u00e4 LC-DL60 Kiinan takorautakone ja kylm\u00e4valssauskohokuviointikone on ammattimainen laite kylm\u00e4valssaus- ja kohokuviointikoneeseen. T\u00e4m\u00e4 kone pystyy k\u00e4sittelem\u00e4\u00e4n neli\u00f6m\u00e4ist\u00e4 putkea, neli\u00f6ter\u00e4st\u00e4, litte\u00e4\u00e4, ruostumatonta ter\u00e4sputkea, suorakaiteen muotoista putkea, joilla on kansainv\u00e4liset yhteiset mitat, t\u00e4m\u00e4 kone voi tehd\u00e4 uroskuvioita neli\u00f6putken nelj\u00e4ss\u00e4 kulmassa, voi k\u00e4ytt\u00e4\u00e4 urosmalleja k\u00e4ytettyjen portaiden kaiteisiin. Toimii sujuvasti, turvallisesti ja luotettava. Soveltuu rakennuksiin, n\u00e4ht\u00e4vyyksiin ja kodin sisustamiseen.<br \/>\nT\u00e4m\u00e4n koneen suurin etu on, ett\u00e4 siin\u00e4 on joukko yhdistettyj\u00e4 muotteja, joilla voidaan k\u00e4sitell\u00e4 20\u00d720-100x100mm neli\u00f6putkia, suorakaiteen muotoisia putkia ja ruostumattomia ter\u00e4sputkia. Niin kauan kuin se on asiakkaalla oleva materiaali, se voidaan k\u00e4sitell\u00e4 ja kohokuvioida muottiin s\u00e4\u00e4t\u00e4m\u00e4ll\u00e4 tiivisteyhdistelm\u00e4\u00e4.<br \/>\nSinun ei tarvitse maksaa jokaisesta muotin koosta tehd\u00e4ksesi erillisen muotin. S\u00e4\u00e4st\u00e4 aikaa, rahaa ja vaivaa.<\/p>\n<p><strong>TEKNINEN PARAMETRI<br \/>\nMalli: LC-DL60<\/strong><br \/>\n<strong>Tasainen rauta:<\/strong> \u226410\u00d760mm<br \/>\n<strong>Neli\u00f6m\u00e4inen ter\u00e4s:<\/strong>\u00a0\u226425\u00d725mm<br \/>\n<strong>Neli\u00f6putki:<\/strong> \u2264100x100mm<br \/>\n<strong>Teho:<\/strong> 7,5 kW<br \/>\n<strong>J\u00e4nnite:<\/strong> 220V\/380V<br \/>\n<strong>Pakkauksen mitat:<\/strong> 1000\u00d7800\u00d71200mm<br \/>\n<strong>NW (kg):<\/strong> 450<br \/>\n<strong>GW (kg):<\/strong> 500<\/p>","protected":false},"featured_media":909,"template":"","meta":{"_kad_post_transparent":"default","_kad_post_title":"hide","_kad_post_layout":"fullwidth","_kad_post_sidebar_id":"","_kad_post_content_style":"unboxed","_kad_post_vertical_padding":"hide","_kad_post_feature":"hide","_kad_post_feature_position":"","_kad_post_header":false,"_kad_post_footer":false},"product_brand":[],"product_cat":[29,19],"product_tag":[387,391,390,381,382,394,388,396,397,392,389,398,395,393],"class_list":{"0":"post-902","1":"product","2":"type-product","3":"status-publish","4":"has-post-thumbnail","6":"product_cat-electric-wrought-iron-processing-machine","7":"product_cat-cold-rolling-embossing-machine","8":"product_tag-blacksmith-embossing-metal-machine","9":"product_tag-buy-handrail-embossling-machine","10":"product_tag-china-iron-art-machine","11":"product_tag-china-metal-craft-embossing-equiment","12":"product_tag-china-wrought-iron-machine-and-cold-rolling-embossing-machine","13":"product_tag-cold-rolling-embossing-machine-for-wrought-iron-decoration","14":"product_tag-embossing-machine-for-rolling-forming-machine-manufacturer","15":"product_tag-flat-iron-embossing-machine","16":"product_tag-forged-square-tube-equipment","17":"product_tag-metal-embossing-handrail-embossing-machine","18":"product_tag-multifunction-adjustable-speed-handrail-cold-embossing-machine","19":"product_tag-ornamental-machine-for-sale","20":"product_tag-square-steel-embossing-machine","21":"product_tag-wrought-iron-decoration","23":"first","24":"instock","25":"featured","26":"shipping-taxable","27":"product-type-simple","28":"entry","29":"content-bg","30":"loop-entry"},"_links":{"self":[{"href":"https:\/\/zzlcmachinery.com\/fi\/wp-json\/wp\/v2\/product\/902","targetHints":{"allow":["GET"]}}],"collection":[{"href":"https:\/\/zzlcmachinery.com\/fi\/wp-json\/wp\/v2\/product"}],"about":[{"href":"https:\/\/zzlcmachinery.com\/fi\/wp-json\/wp\/v2\/types\/product"}],"version-history":[{"count":0,"href":"https:\/\/zzlcmachinery.com\/fi\/wp-json\/wp\/v2\/product\/902\/revisions"}],"wp:featuredmedia":[{"embeddable":true,"href":"https:\/\/zzlcmachinery.com\/fi\/wp-json\/wp\/v2\/media\/909"}],"wp:attachment":[{"href":"https:\/\/zzlcmachinery.com\/fi\/wp-json\/wp\/v2\/media?parent=902"}],"wp:term":[{"taxonomy":"product_brand","embeddable":true,"href":"https:\/\/zzlcmachinery.com\/fi\/wp-json\/wp\/v2\/product_brand?post=902"},{"taxonomy":"product_cat","embeddable":true,"href":"https:\/\/zzlcmachinery.com\/fi\/wp-json\/wp\/v2\/product_cat?post=902"},{"taxonomy":"product_tag","embeddable":true,"href":"https:\/\/zzlcmachinery.com\/fi\/wp-json\/wp\/v2\/product_tag?post=902"}],"curies":[{"name":"wp","href":"https:\/\/api.w.org\/{rel}","templated":true}]}}