{"id":884,"date":"2022-11-13T20:52:27","date_gmt":"2022-11-13T12:52:27","guid":{"rendered":"https:\/\/zzlcmachinery.com\/?post_type=product&#038;p=884"},"modified":"2022-11-26T00:46:42","modified_gmt":"2022-11-25T16:46:42","slug":"lc-fsg89-stainless-steel-round-pipe-making-machine-for-stair-handrail","status":"publish","type":"product","link":"https:\/\/zzlcmachinery.com\/fi\/tuote\/lc-fsg89-stainless-steel-round-pipe-making-machine-for-stair-handrail\/","title":{"rendered":"LC-FSG89 ruostumattomasta ter\u00e4ksest\u00e4 valmistettu py\u00f6re\u00e4n putken valmistuskone portaiden kaiteisiin"},"content":{"rendered":"","protected":false},"excerpt":{"rendered":"<p>LC-FSG89 Ruostumattomasta ter\u00e4ksest\u00e4 valmistetun py\u00f6re\u00e4n putken valmistuskone portaiden kaiteeseen on koneella monia toimintoja, ei vain voi k\u00e4sitell\u00e4 rautaisia py\u00f6reit\u00e4 putkia portaiden kaiteina, vaan my\u00f6s ruostumattomia ter\u00e4sputkia, jotka molemmat voidaan jalostaa neli\u00f6m\u00e4isiksi putkiksi, joissa on urakuviot kaikissa nelj\u00e4ss\u00e4. kulmat.<br \/>\nSatunnainen sarja vapaita muotteja koostuu 8 parista muotteja ja useita muottisarjoja voidaan asentaa vierekk\u00e4in, eli 2-3 py\u00f6re\u00e4\u00e4 putkea prosessoidaan vierekk\u00e4in eri muotoisiksi kaiteiksi tai neli\u00f6m\u00e4isiksi putkiksi samanaikaisesti .<br \/>\nMeill\u00e4 on ammattitaitoinen suunnittelijatiimi suunnittelemaan muottipiirroksia asiakkaille ilmaiseksi ja r\u00e4\u00e4t\u00e4l\u00f6im\u00e4\u00e4n muotteja asiakkaiden tarpeiden mukaan.<\/p>\n<p><strong>TEKNINEN PARAMETRI<br \/>\nMalli: LC-FSG89<\/strong><br \/>\n<b>Materiaali: py\u00f6re\u00e4 putki &amp; ruostumaton putki<br \/>\nTy\u00f6kyky:<\/b>Py\u00f6re\u00e4 putki \u2264\u03c689mm Paksuus \u22643mm<b><br \/>\n<\/b>\u00a0 \u00a0 \u00a0 \u00a0 \u00a0 \u00a0 \u00a0 \u00a0 \u00a0 \u00a0 \u00a0 \u00a0 \u00a0 \u00a0 Ruostumaton putki \u2264\u03c689mm Paksuus \u22642mm<br \/>\n<strong>Teho:<\/strong> 11 kW<br \/>\n<strong>J\u00e4nnite:<\/strong> 220V\/380V\/415V 50HZ<br \/>\n<strong>Pakkauksen mitat:<\/strong> 3000\u00d7710\u00d71420mm<br \/>\n<strong>NW (kg):<\/strong> 1700<br \/>\n<strong>GW (kg):<\/strong> 1850<\/p>","protected":false},"featured_media":878,"template":"","meta":{"_kad_post_transparent":"default","_kad_post_title":"hide","_kad_post_layout":"fullwidth","_kad_post_sidebar_id":"","_kad_post_content_style":"unboxed","_kad_post_vertical_padding":"hide","_kad_post_feature":"hide","_kad_post_feature_position":"","_kad_post_header":false,"_kad_post_footer":false},"product_brand":[],"product_cat":[29,19],"product_tag":[356,374,372,376,47,375,357,359,358,360,361,369,362,363,377,367,364,370,371,368,366,365,373,111],"class_list":{"0":"post-884","1":"product","2":"type-product","3":"status-publish","4":"has-post-thumbnail","6":"product_cat-electric-wrought-iron-processing-machine","7":"product_cat-cold-rolling-embossing-machine","8":"product_tag-aotomatic-handrail-pipe-forming-machine","9":"product_tag-buy-cold-rolling-stainless-steel-handrail-pipe-making-machine","10":"product_tag-buy-wrought-iron-handrail-pipe-forming-machine","11":"product_tag-china-handrail-pipe-forming-machine","12":"product_tag-cold-rolling-embossing-machine","13":"product_tag-cold-rolling-stainless-steel-handrail-pipe-making-machine","14":"product_tag-handrail-dies-catalogue","15":"product_tag-handrail-making-machine","16":"product_tag-handrail-pipe-forming-machine","17":"product_tag-handrail-roll-forming-machine-made-in-china","18":"product_tag-handrails-making-machine","19":"product_tag-machine-for-stair-handrail-wholesale-factory","20":"product_tag-stainless-steel-handrail-tube-roll-forming-machine","21":"product_tag-stainless-steel-round-pipe-making-machine-for-stair-handrail","22":"product_tag-stair-handrail-pipe-roll-forming-machine","23":"product_tag-stair-handrail-stainless-steel-pipe-bending-machine","24":"product_tag-steel-handrail-roll-forming-machine","25":"product_tag-super-pipe-forming-machine","26":"product_tag-supply-stainless-steel-round-pipe-making","27":"product_tag-tube-fabricator-supplies-exotic-handrail-systems","28":"product_tag-tube-mill-equipment","29":"product_tag-tube-mill-equipment-tube-production-line","30":"product_tag-wrought-iron-handrail-pipe-forming-machine","31":"product_tag-wrought-iron-machine","33":"first","34":"instock","35":"featured","36":"shipping-taxable","37":"product-type-simple","38":"entry","39":"content-bg","40":"loop-entry"},"_links":{"self":[{"href":"https:\/\/zzlcmachinery.com\/fi\/wp-json\/wp\/v2\/product\/884","targetHints":{"allow":["GET"]}}],"collection":[{"href":"https:\/\/zzlcmachinery.com\/fi\/wp-json\/wp\/v2\/product"}],"about":[{"href":"https:\/\/zzlcmachinery.com\/fi\/wp-json\/wp\/v2\/types\/product"}],"version-history":[{"count":0,"href":"https:\/\/zzlcmachinery.com\/fi\/wp-json\/wp\/v2\/product\/884\/revisions"}],"wp:featuredmedia":[{"embeddable":true,"href":"https:\/\/zzlcmachinery.com\/fi\/wp-json\/wp\/v2\/media\/878"}],"wp:attachment":[{"href":"https:\/\/zzlcmachinery.com\/fi\/wp-json\/wp\/v2\/media?parent=884"}],"wp:term":[{"taxonomy":"product_brand","embeddable":true,"href":"https:\/\/zzlcmachinery.com\/fi\/wp-json\/wp\/v2\/product_brand?post=884"},{"taxonomy":"product_cat","embeddable":true,"href":"https:\/\/zzlcmachinery.com\/fi\/wp-json\/wp\/v2\/product_cat?post=884"},{"taxonomy":"product_tag","embeddable":true,"href":"https:\/\/zzlcmachinery.com\/fi\/wp-json\/wp\/v2\/product_tag?post=884"}],"curies":[{"name":"wp","href":"https:\/\/api.w.org\/{rel}","templated":true}]}}