{"id":867,"date":"2022-11-10T00:20:57","date_gmt":"2022-11-09T16:20:57","guid":{"rendered":"https:\/\/zzlcmachinery.com\/?post_type=product&#038;p=867"},"modified":"2022-12-13T13:42:15","modified_gmt":"2022-12-13T05:42:15","slug":"jk-30-sheet-iron-plate-cold-embossing-machine","status":"publish","type":"product","link":"https:\/\/zzlcmachinery.com\/fi\/tuote\/jk-30-sheet-iron-plate-cold-embossing-machine\/","title":{"rendered":"JK-30 arkkirautalevyjen kylm\u00e4kuviointikone"},"content":{"rendered":"","protected":false},"excerpt":{"rendered":"<p>JK-30 Rautalevykylm\u00e4 kohokuviointikone on konetyyppi, jota k\u00e4ytet\u00e4\u00e4n kuvioiden tai kuvioiden kohokuviointiin metallilevyille ilman l\u00e4mp\u00f6\u00e4. T\u00e4m\u00e4 tehd\u00e4\u00e4n puristamalla metallilevy kahden muotin v\u00e4liin, joihin on joko kaiverrettu haluttu kuvio tai jotka on valmistettu asiakkaan tarpeiden mukaisesta mallista. Kone kohdistaa metallilevyyn painetta, mik\u00e4 saa sen ottamaan meistien muodon ja luo metallin pintaan kohokuvion. Kylm\u00e4kuviointi on yleinen tekniikka, jota k\u00e4ytet\u00e4\u00e4n sellaisten tuotteiden, kuten metallikylttien, koristepaneelien ja muiden tuotteiden valmistuksessa, jotka vaativat kohokuvioita metallilevyihin. Kylm\u00e4 kohokuviointi on usein parempi kuin kuuma, koska se ei sis\u00e4ll\u00e4 l\u00e4mp\u00f6\u00e4, joka voi vahingoittaa tai v\u00e4\u00e4rist\u00e4\u00e4 metallia.<br \/>\nRautalevyn leveys ja muotin kuvio voidaan r\u00e4\u00e4t\u00e4l\u00f6id\u00e4 ilmaiseksi!<br \/>\n<strong>TEKNINEN PARAMETRI<\/strong><br \/>\n<strong>Materiaali:<\/strong> Rautalevy, alumiinilevy, kuparilevy, ruostumaton ter\u00e4slevy<br \/>\n<strong>Materiaalin leveys:<\/strong>30 mm<br \/>\n<strong>Materiaalin paksuus<\/strong>: enint\u00e4\u00e4n 2 mm<br \/>\n<strong>Teho:<\/strong> 2.2KW (valssatun materiaalin leveyden ja paksuuden mukaan asiakkaiden todellisten tarpeiden mukaan)<br \/>\n<strong>J\u00e4nnite:<\/strong>\u00a0220V\/380V\/415V<br \/>\n<strong>Pakkauksen mitat:<\/strong> 1500\u00d7710\u00d7800 mm<br \/>\n<strong>NW (kg):<\/strong> 350<br \/>\n<strong>GW (kg):<\/strong> 400<\/p>","protected":false},"featured_media":1535,"template":"","meta":{"_kad_post_transparent":"default","_kad_post_title":"hide","_kad_post_layout":"fullwidth","_kad_post_sidebar_id":"","_kad_post_content_style":"unboxed","_kad_post_vertical_padding":"hide","_kad_post_feature":"hide","_kad_post_feature_position":"","_kad_post_header":false,"_kad_post_footer":false},"product_brand":[],"product_cat":[29,19],"product_tag":[47,521,519,518,520,517,522],"class_list":{"0":"post-867","1":"product","2":"type-product","3":"status-publish","4":"has-post-thumbnail","6":"product_cat-electric-wrought-iron-processing-machine","7":"product_cat-cold-rolling-embossing-machine","8":"product_tag-cold-rolling-embossing-machine","9":"product_tag-cold-rolling-sheet-embossing-machine-manufacturers","10":"product_tag-iorn-sheet-embossing-machine","11":"product_tag-iron-plate-cold-embossing-machine","12":"product_tag-metal-sheet-embossing-machine-manufacturers-suppliers","13":"product_tag-sheet-iron-plate-cold-embossing-machine","14":"product_tag-sheet-iron-plate-embossing-machine","16":"first","17":"instock","18":"shipping-taxable","19":"product-type-simple","20":"entry","21":"content-bg","22":"loop-entry"},"_links":{"self":[{"href":"https:\/\/zzlcmachinery.com\/fi\/wp-json\/wp\/v2\/product\/867","targetHints":{"allow":["GET"]}}],"collection":[{"href":"https:\/\/zzlcmachinery.com\/fi\/wp-json\/wp\/v2\/product"}],"about":[{"href":"https:\/\/zzlcmachinery.com\/fi\/wp-json\/wp\/v2\/types\/product"}],"version-history":[{"count":0,"href":"https:\/\/zzlcmachinery.com\/fi\/wp-json\/wp\/v2\/product\/867\/revisions"}],"wp:featuredmedia":[{"embeddable":true,"href":"https:\/\/zzlcmachinery.com\/fi\/wp-json\/wp\/v2\/media\/1535"}],"wp:attachment":[{"href":"https:\/\/zzlcmachinery.com\/fi\/wp-json\/wp\/v2\/media?parent=867"}],"wp:term":[{"taxonomy":"product_brand","embeddable":true,"href":"https:\/\/zzlcmachinery.com\/fi\/wp-json\/wp\/v2\/product_brand?post=867"},{"taxonomy":"product_cat","embeddable":true,"href":"https:\/\/zzlcmachinery.com\/fi\/wp-json\/wp\/v2\/product_cat?post=867"},{"taxonomy":"product_tag","embeddable":true,"href":"https:\/\/zzlcmachinery.com\/fi\/wp-json\/wp\/v2\/product_tag?post=867"}],"curies":[{"name":"wp","href":"https:\/\/api.w.org\/{rel}","templated":true}]}}